{"id":145,"date":"2020-11-23T07:59:13","date_gmt":"2020-11-23T10:59:13","guid":{"rendered":"http:\/\/uenf.br\/cct\/lenep-prh25-anp-finep\/?page_id=145"},"modified":"2020-11-25T07:00:45","modified_gmt":"2020-11-25T10:00:45","slug":"rochas-reservatorio-parametros-petrofisicos-resistividade-espectral","status":"publish","type":"page","link":"https:\/\/uenf.br\/cct\/lenep-prh25-anp-finep\/projetos\/rochas-reservatorio-parametros-petrofisicos-resistividade-espectral\/","title":{"rendered":"Rochas reservat\u00f3rio, par\u00e2metros petrof\u00edsicos, resistividade espectral"},"content":{"rendered":"<h2>Determina\u00e7\u00e3o de caracter\u00edsticas petrof\u00edsicas de reservat\u00f3rio, a partir da resistividade espectral de testemunhos de bacias petrol\u00edferas, de reservat\u00f3rios an\u00e1logos, de amostras sint\u00e9ticas e amostras-padr\u00e3o.<\/h2>\n<p class=\"western\">Bolsista: <span style=\"color: #0d0d0d\">Marcos Vin\u00edcius de Paula Chaiben<br \/>\n<\/span><\/p>\n<p class=\"western\">Orientador: Victor Hugo Santos\u00a0\u00a0\u00a0\u00a0\u00a0\u00a0\u00a0\u00a0 \u00a0 Contato: <a href=\"victorhugo.lenep@gmail.com\">mailito:victorhugo.lenep@gmail.com<\/a><\/p>\n<p>&nbsp;<\/p>\n<p class=\"western\"><b>RESUMO<\/b><\/p>\n<p class=\"western\" align=\"justify\"><span style=\"font-family: Arial, serif\">No presente Projeto, prop\u00f5e-se expandir o estudo da determina\u00e7\u00e3o de par\u00e2metros petrof\u00edsicos de rochas atrav\u00e9s da medida da resistividade espectral, trabalhando com rochas reservat\u00f3rio de diversas proced\u00eancias, incluindo nesta categoria rochas de bacias da margem equatorial (bacias Potiguar e Par\u00e1-Maranh\u00e3o), rochas provenientes de reservat\u00f3rios an\u00e1logos aflorantes (da sub-bacia de Sergipe), amostras sint\u00e9ticas e, ainda, amostras-padr\u00e3o, estas \u00faltimas j\u00e1 dispon\u00edveis no laborat\u00f3rio. Al\u00e9m de enriquecer o acervo de dados com novas determina\u00e7\u00f5es das rela\u00e7\u00f5es com a permeabilidade hidr\u00e1ulica, tamanho de poro \/ garganta de poro e tamanho do gr\u00e3o mineral, em rochas naturais, ser\u00e1 determinada experimentalmente a rela\u00e7\u00e3o com o teor de argila, trabalhando com amostras sint\u00e9ticas, e a rela\u00e7\u00e3o com a salinidade, trabalhando com amostras-padr\u00e3o. O modelo de Dias, usado para descrever o efeito ser\u00e1 submetido a testes mais diversificados, que ir\u00e3o permitir avaliar o seu limite de validade e introduzir nele aperfei\u00e7oamentos. Deste estudo, espera-se que resultem novos avan\u00e7os na precis\u00e3o da determina\u00e7\u00e3o de par\u00e2metros petrof\u00edsicos das rochas e na descoberta de novas rela\u00e7\u00f5es.<\/span><\/p>\n<p class=\"western\" align=\"justify\"><span style=\"font-family: Arial, serif\">A sequ\u00eancia metodol\u00f3gica laboratorial, adotada nesta pesquisa, prev\u00ea a obten\u00e7\u00e3o de um conjunto de amostras de diversas proced\u00eancias e tipos, como : 1) amostras provenientes de bacias da margem equatorial (de po\u00e7os on-shore e off-shore da bacia Potiguar &#8211; Form. Janda\u00edra e de po\u00e7os da bacia Par\u00e1-Maranh\u00e3o -sequ\u00eancia carbon\u00e1tica do Albiano); rochas de reservat\u00f3rios an\u00e1logos (Membro Maruim da Form. Riachuelo da subbacia de Sergipe); amostras sint\u00e9ticas a serem por n\u00f3s produzidas, al\u00e9m de amostras-padr\u00e3o, j\u00e1 dispon\u00edveis no laborat\u00f3rio.<\/span><\/p>\n<p class=\"western\" align=\"justify\"><span style=\"font-family: Arial, serif\">Na sequ\u00eancia, segue-se um trabalho de cortes e prepara\u00e7\u00e3o das amostras para as an\u00e1lises e medidas, ao estilo do que se encontra descrito na literatura (Lerner et al., 1990; Maerefat et al., 1990; Worthington et al., 1990a; Worthington et al., 1990b), passando-se \u00e0 moagem de fra\u00e7\u00f5es das amostras, descri\u00e7\u00e3o de l\u00e2minas delgadas ao microsc\u00f3pio petrogr\u00e1fico e \u00e0s an\u00e1lises de composi\u00e7\u00e3o qu\u00edmica e mineral usando t\u00e9cnicas de fluoresc\u00eancia e difra\u00e7\u00e3o de raios-x, respectivamente. Em seguida, passa-se \u00e0s medidas de resistividade espectral, procurando-se obter as rela\u00e7\u00f5es que ligam a medida da resistividade complexa com a permeabilidade hidr\u00e1ulica, o teor de argila, a salinidade da solu\u00e7\u00e3o, a granulometria da amostra e a sua \u00e1rea interna total. <\/span><\/p>\n<p class=\"western\" align=\"center\"><b>EQUIPAMENTOS<\/b><\/p>\n<p><img loading=\"lazy\" decoding=\"async\" class=\"alignnone wp-image-148 size-full\" src=\"http:\/\/uenf.br\/cct\/lenep-prh25-anp-finep\/files\/2020\/11\/Fig2-1.jpg\" alt=\"\" width=\"700\" height=\"541\" srcset=\"https:\/\/uenf.br\/cct\/lenep-prh25-anp-finep\/files\/2020\/11\/Fig2-1.jpg 700w, https:\/\/uenf.br\/cct\/lenep-prh25-anp-finep\/files\/2020\/11\/Fig2-1-300x232.jpg 300w, https:\/\/uenf.br\/cct\/lenep-prh25-anp-finep\/files\/2020\/11\/Fig2-1-150x116.jpg 150w, https:\/\/uenf.br\/cct\/lenep-prh25-anp-finep\/files\/2020\/11\/Fig2-1-400x309.jpg 400w\" sizes=\"auto, (max-width: 700px) 100vw, 700px\" \/><\/p>\n<p>Fig. 1: Foto do poros\u00edmetro Ultrapore 300.<\/p>\n<p><img loading=\"lazy\" decoding=\"async\" class=\"alignnone wp-image-154 size-full\" src=\"http:\/\/uenf.br\/cct\/lenep-prh25-anp-finep\/files\/2020\/11\/Fig4-1.jpg\" alt=\"\" width=\"700\" height=\"587\" srcset=\"https:\/\/uenf.br\/cct\/lenep-prh25-anp-finep\/files\/2020\/11\/Fig4-1.jpg 700w, https:\/\/uenf.br\/cct\/lenep-prh25-anp-finep\/files\/2020\/11\/Fig4-1-300x252.jpg 300w, https:\/\/uenf.br\/cct\/lenep-prh25-anp-finep\/files\/2020\/11\/Fig4-1-150x126.jpg 150w, https:\/\/uenf.br\/cct\/lenep-prh25-anp-finep\/files\/2020\/11\/Fig4-1-400x335.jpg 400w\" sizes=\"auto, (max-width: 700px) 100vw, 700px\" \/><\/p>\n<p>Fig. 2: Foto do permoporos\u00edmetro Coreval 700.<\/p>\n<p>&nbsp;<\/p>\n<p><img loading=\"lazy\" decoding=\"async\" class=\"alignnone wp-image-152 size-full\" src=\"http:\/\/uenf.br\/cct\/lenep-prh25-anp-finep\/files\/2020\/11\/Fig1-2.jpg\" alt=\"\" width=\"700\" height=\"226\" srcset=\"https:\/\/uenf.br\/cct\/lenep-prh25-anp-finep\/files\/2020\/11\/Fig1-2.jpg 700w, https:\/\/uenf.br\/cct\/lenep-prh25-anp-finep\/files\/2020\/11\/Fig1-2-300x97.jpg 300w, https:\/\/uenf.br\/cct\/lenep-prh25-anp-finep\/files\/2020\/11\/Fig1-2-150x48.jpg 150w, https:\/\/uenf.br\/cct\/lenep-prh25-anp-finep\/files\/2020\/11\/Fig1-2-400x129.jpg 400w\" sizes=\"auto, (max-width: 700px) 100vw, 700px\" \/><\/p>\n<p>Fig.3: Imagem ilustrativa mostrando as etapas para a realiza\u00e7\u00e3o das analises de DRX no D2 Phaser dos arenitos asf\u00e1lticos avaliados.<\/p>\n<p><img loading=\"lazy\" decoding=\"async\" class=\"alignnone wp-image-153 size-full\" src=\"http:\/\/uenf.br\/cct\/lenep-prh25-anp-finep\/files\/2020\/11\/Fig3.jpg\" alt=\"\" width=\"700\" height=\"190\" srcset=\"https:\/\/uenf.br\/cct\/lenep-prh25-anp-finep\/files\/2020\/11\/Fig3.jpg 700w, https:\/\/uenf.br\/cct\/lenep-prh25-anp-finep\/files\/2020\/11\/Fig3-300x81.jpg 300w, https:\/\/uenf.br\/cct\/lenep-prh25-anp-finep\/files\/2020\/11\/Fig3-150x41.jpg 150w, https:\/\/uenf.br\/cct\/lenep-prh25-anp-finep\/files\/2020\/11\/Fig3-400x109.jpg 400w\" sizes=\"auto, (max-width: 700px) 100vw, 700px\" \/><\/p>\n<p>Fig.4: Imagem ilustrativa mostrando as etapas para a realiza\u00e7\u00e3o das analises de FRX no S2 Phaser dos arenitos asf\u00e1lticos avaliados.<\/p>\n<p>&nbsp;<\/p>\n<p>&nbsp;<\/p>\n","protected":false},"excerpt":{"rendered":"<p>Determina\u00e7\u00e3o de caracter\u00edsticas petrof\u00edsicas de reservat\u00f3rio, a partir da resistividade espectral de testemunhos de bacias petrol\u00edferas, de reservat\u00f3rios an\u00e1logos, de&#8230;<\/p>\n","protected":false},"author":28,"featured_media":0,"parent":39,"menu_order":0,"comment_status":"closed","ping_status":"closed","template":"","meta":{"footnotes":""},"class_list":["post-145","page","type-page","status-publish","hentry"],"_links":{"self":[{"href":"https:\/\/uenf.br\/cct\/lenep-prh25-anp-finep\/wp-json\/wp\/v2\/pages\/145","targetHints":{"allow":["GET"]}}],"collection":[{"href":"https:\/\/uenf.br\/cct\/lenep-prh25-anp-finep\/wp-json\/wp\/v2\/pages"}],"about":[{"href":"https:\/\/uenf.br\/cct\/lenep-prh25-anp-finep\/wp-json\/wp\/v2\/types\/page"}],"author":[{"embeddable":true,"href":"https:\/\/uenf.br\/cct\/lenep-prh25-anp-finep\/wp-json\/wp\/v2\/users\/28"}],"replies":[{"embeddable":true,"href":"https:\/\/uenf.br\/cct\/lenep-prh25-anp-finep\/wp-json\/wp\/v2\/comments?post=145"}],"version-history":[{"count":0,"href":"https:\/\/uenf.br\/cct\/lenep-prh25-anp-finep\/wp-json\/wp\/v2\/pages\/145\/revisions"}],"up":[{"embeddable":true,"href":"https:\/\/uenf.br\/cct\/lenep-prh25-anp-finep\/wp-json\/wp\/v2\/pages\/39"}],"wp:attachment":[{"href":"https:\/\/uenf.br\/cct\/lenep-prh25-anp-finep\/wp-json\/wp\/v2\/media?parent=145"}],"curies":[{"name":"wp","href":"https:\/\/api.w.org\/{rel}","templated":true}]}}