{"id":28,"date":"2020-06-24T15:56:31","date_gmt":"2020-06-24T18:56:31","guid":{"rendered":"http:\/\/uenf.br\/cct\/lenep-prh25-anp-finep\/?page_id=28"},"modified":"2020-11-18T00:59:17","modified_gmt":"2020-11-18T03:59:17","slug":"editais","status":"publish","type":"page","link":"https:\/\/uenf.br\/cct\/lenep-prh25-anp-finep\/editais\/","title":{"rendered":"Editais"},"content":{"rendered":"<p><strong>Encerrados<\/strong><\/p>\n<p><strong>Inicia\u00e7\u00e3o Cient\u00edfica ( IC )<\/strong><\/p>\n<p>As bolsas de IC destinam-se ao financiamento da participa\u00e7\u00e3o de aluno cursando gradua\u00e7\u00e3o, desde que tenha conclu\u00eddo todas as disciplinas do ciclo b\u00e1sico e que possua, no m\u00ednimo, 24 meses at\u00e9 a conclus\u00e3o de seu curso.<br \/>\nO aluno bolsista dever\u00e1 elaborar, como produto final, um Trabalho de Conclus\u00e3o de Curso em tema relacionado ao setor petr\u00f3leo, g\u00e1s natural e biocombust\u00edveis.<\/p>\n<p><a href=\"https:\/\/drive.google.com\/file\/d\/1Sa18y36Cv14jMtSZ9mp1-7GacieXWB77\/view?usp=sharing\">Edital 2020\/05-IC03<\/a><\/p>\n<p><a href=\"https:\/\/drive.google.com\/file\/d\/1_I-D48yepuC1Os2KL4y-ag0_-jjU1Auh\/view?usp=sharing\">Resultado 2020\/05-IC03<\/a><\/p>\n<p>&nbsp;<\/p>\n<p><a href=\"https:\/\/drive.google.com\/file\/d\/1RachQ5Py06-NO3Z3it82qPf2NWTsjfmb\/view?usp=sharing\">Edital 2020\/04-IC02<\/a><\/p>\n<p><a href=\"https:\/\/drive.google.com\/file\/d\/1TV0AfwVL7vrhKcCDUrJk2JZMXb2Myvsy\/view?usp=sharing\">Resultado 2020\/04-IC02<\/a><\/p>\n<p>&nbsp;<\/p>\n<p><a href=\"https:\/\/drive.google.com\/file\/d\/15wy4d5NASQ83bWDKQJt7SrtbCwLqQpCe\/view?usp=sharing\">Edital 2020\/02-IC01<\/a><\/p>\n<p><a href=\"https:\/\/drive.google.com\/file\/d\/1YklGM2BKIwSip9rAaLsHlQBn449kUWNX\/view?usp=sharing\">Resultado 2020\/02-IC01<\/a><\/p>\n<p><strong>P\u00f3s-Doutorado ( PDsc )<\/strong><\/p>\n<p>As bolsas PDSc destinam-se ao financiamento da participa\u00e7\u00e3o de p\u00f3s-doutorandos em est\u00e1gio de aprimoramento em pesquisa.<br \/>\nO bolsista doutor dever\u00e1 desempenhar suas atividades de pesquisa relacionadas ao setor de petr\u00f3leo, g\u00e1s natural e biocombust\u00edveis.<\/p>\n<p><a href=\"https:\/\/drive.google.com\/file\/d\/1gjj0vYxGElj47G9MqHTx79qKPoXC7sru\/view?usp=sharing\">Edital<\/a><\/p>\n<p><a href=\"https:\/\/drive.google.com\/file\/d\/1u9cqk1Lvlkj3GKgYigRbJMJvh-v0WIh-\/view?usp=sharing\">Resultado<\/a><\/p>\n<p><strong>Professor Visitante ( PV )<\/strong><\/p>\n<p>As bolsas PV destinam-se ao financiamento de um pesquisador visitante, sem v\u00ednculos empregat\u00edcios e com dedica\u00e7\u00e3o exclusiva ao programa, para participar do grupo de pesquisa formado por alunos, p\u00f3s-doutorandos, COO e apoio t\u00e9cnico.<\/p>\n<p><a href=\"https:\/\/drive.google.com\/file\/d\/1-m6SERB27NebaUZBne3dQ_OxlZCBSvTS\/view?usp=sharing\">Edital<\/a><\/p>\n<p><a href=\"https:\/\/drive.google.com\/file\/d\/1eD4gv7pH2Pd638OLIbKtejnZYFFJiyBR\/view?usp=sharing\">Resultado<\/a><\/p>\n<p><strong>Mestrado e Doutorado ( Msc e Dsc )<\/strong><\/p>\n<p>As bolsas DSc destinam-se ao financiamento da participa\u00e7\u00e3o de aluno em curso de p\u00f3s-gradua\u00e7\u00e3o stricto sensu em n\u00edvel de doutorado.<br \/>\nO aluno bolsista dever\u00e1 elaborar, como produto final, uma tese em tema relacionado ao setor de petr\u00f3leo, g\u00e1s natural e biocombust\u00edveis.<\/p>\n<p>As bolsas MSc destinam-se ao financiamento da participa\u00e7\u00e3o de aluno em curso de p\u00f3s-gradua\u00e7\u00e3o stricto sensu em n\u00edvel de mestrado.<br \/>\nO aluno bolsista dever\u00e1 elaborar, como produto final, uma disserta\u00e7\u00e3o em tema relacionado ao setor petr\u00f3leo, g\u00e1s natural e biocombust\u00edveis.<\/p>\n<p><a href=\"https:\/\/drive.google.com\/file\/d\/1-vkYAPozDeMzHlVyYTiVFHkLEZswRy4W\/view?usp=sharing\">Edital<\/a><\/p>\n<p><a href=\"https:\/\/drive.google.com\/file\/d\/1eLKm1PeEku3hU2YXaxxkiWEzdfk-a2Wl\/view?usp=sharing\">Resultado<\/a><\/p>\n","protected":false},"excerpt":{"rendered":"<p>Encerrados Inicia\u00e7\u00e3o Cient\u00edfica ( IC ) As bolsas de IC destinam-se ao financiamento da participa\u00e7\u00e3o de aluno cursando gradua\u00e7\u00e3o, desde&#8230;<\/p>\n","protected":false},"author":2,"featured_media":0,"parent":0,"menu_order":3,"comment_status":"closed","ping_status":"closed","template":"","meta":{"footnotes":""},"class_list":["post-28","page","type-page","status-publish","hentry"],"_links":{"self":[{"href":"https:\/\/uenf.br\/cct\/lenep-prh25-anp-finep\/wp-json\/wp\/v2\/pages\/28","targetHints":{"allow":["GET"]}}],"collection":[{"href":"https:\/\/uenf.br\/cct\/lenep-prh25-anp-finep\/wp-json\/wp\/v2\/pages"}],"about":[{"href":"https:\/\/uenf.br\/cct\/lenep-prh25-anp-finep\/wp-json\/wp\/v2\/types\/page"}],"author":[{"embeddable":true,"href":"https:\/\/uenf.br\/cct\/lenep-prh25-anp-finep\/wp-json\/wp\/v2\/users\/2"}],"replies":[{"embeddable":true,"href":"https:\/\/uenf.br\/cct\/lenep-prh25-anp-finep\/wp-json\/wp\/v2\/comments?post=28"}],"version-history":[{"count":0,"href":"https:\/\/uenf.br\/cct\/lenep-prh25-anp-finep\/wp-json\/wp\/v2\/pages\/28\/revisions"}],"wp:attachment":[{"href":"https:\/\/uenf.br\/cct\/lenep-prh25-anp-finep\/wp-json\/wp\/v2\/media?parent=28"}],"curies":[{"name":"wp","href":"https:\/\/api.w.org\/{rel}","templated":true}]}}