{"id":32,"date":"2020-06-24T16:10:42","date_gmt":"2020-06-24T19:10:42","guid":{"rendered":"http:\/\/uenf.br\/cct\/lenep-prh25-anp-finep\/?page_id=32"},"modified":"2020-11-23T09:10:10","modified_gmt":"2020-11-23T12:10:10","slug":"disciplinas","status":"publish","type":"page","link":"https:\/\/uenf.br\/cct\/lenep-prh25-anp-finep\/disciplinas\/","title":{"rendered":"Disciplinas"},"content":{"rendered":"<h2>INFORMA\u00c7\u00d5ES SOBRE AS DISCIPLINA<\/h2>\n<p><a href=\"http:\/\/uenf.br\/cct\/lenep-prh25-anp-finep\/files\/2020\/06\/Carga-Horaria-Disciplinas-Matriz-Curricular-2013-1-ULTIMA-VERSAO.pdf\" target=\"_blank\" rel=\"noopener noreferrer\">Gradua\u00e7\u00e3o<\/a><\/p>\n<p><a href=\"http:\/\/uenf.br\/posgraduacao\/engenharia-exploracao-de-petroleo\/disciplinas\/\">P\u00f3s-Gradua\u00e7\u00e3o<\/a><\/p>\n","protected":false},"excerpt":{"rendered":"<p>INFORMA\u00c7\u00d5ES SOBRE AS DISCIPLINA Gradua\u00e7\u00e3o P\u00f3s-Gradua\u00e7\u00e3o<\/p>\n","protected":false},"author":2,"featured_media":0,"parent":0,"menu_order":4,"comment_status":"closed","ping_status":"closed","template":"","meta":{"footnotes":""},"class_list":["post-32","page","type-page","status-publish","hentry"],"_links":{"self":[{"href":"https:\/\/uenf.br\/cct\/lenep-prh25-anp-finep\/wp-json\/wp\/v2\/pages\/32","targetHints":{"allow":["GET"]}}],"collection":[{"href":"https:\/\/uenf.br\/cct\/lenep-prh25-anp-finep\/wp-json\/wp\/v2\/pages"}],"about":[{"href":"https:\/\/uenf.br\/cct\/lenep-prh25-anp-finep\/wp-json\/wp\/v2\/types\/page"}],"author":[{"embeddable":true,"href":"https:\/\/uenf.br\/cct\/lenep-prh25-anp-finep\/wp-json\/wp\/v2\/users\/2"}],"replies":[{"embeddable":true,"href":"https:\/\/uenf.br\/cct\/lenep-prh25-anp-finep\/wp-json\/wp\/v2\/comments?post=32"}],"version-history":[{"count":0,"href":"https:\/\/uenf.br\/cct\/lenep-prh25-anp-finep\/wp-json\/wp\/v2\/pages\/32\/revisions"}],"wp:attachment":[{"href":"https:\/\/uenf.br\/cct\/lenep-prh25-anp-finep\/wp-json\/wp\/v2\/media?parent=32"}],"curies":[{"name":"wp","href":"https:\/\/api.w.org\/{rel}","templated":true}]}}