{"id":111,"date":"2009-11-27T15:06:23","date_gmt":"2009-11-27T17:06:23","guid":{"rendered":"http:\/\/uenf.br\/sites\/lenep\/?page_id=111"},"modified":"2019-08-15T14:09:00","modified_gmt":"2019-08-15T14:09:00","slug":"o-lenep","status":"publish","type":"page","link":"https:\/\/uenf.br\/cct\/lenep\/o-lenep\/","title":{"rendered":"O LENEP"},"content":{"rendered":"<p><a href=\"http:\/\/uenf.br\/cct\/lenep\/files\/2009\/12\/Foto-0002.jpg\"><img loading=\"lazy\" decoding=\"async\" class=\"aligncenter size-full wp-image-180\" src=\"http:\/\/uenf.br\/cct\/lenep\/files\/2009\/12\/Foto-0002.jpg\" alt=\"Foto-0002\" width=\"320\" height=\"240\" srcset=\"https:\/\/uenf.br\/cct\/lenep\/files\/2009\/12\/Foto-0002.jpg 320w, https:\/\/uenf.br\/cct\/lenep\/files\/2009\/12\/Foto-0002-300x225.jpg 300w, https:\/\/uenf.br\/cct\/lenep\/files\/2009\/12\/Foto-0002-150x112.jpg 150w\" sizes=\"auto, (max-width: 320px) 100vw, 320px\" \/><\/a><\/p>\n<p>O Laborat\u00f3rio de Engenharia e Explora\u00e7\u00e3o de Petr\u00f3leo<br \/>\nRodovia Amaral Peixoto, Km 163<br \/>\nImboassica &#8211; Maca\u00e9\/RJ<br \/>\nCep.: 27.925-310<\/p>\n<p>Telefone &#8211; (22) 2765-6565<\/p>\n<p>Caixa Postal: 119562<br \/>\nCep.: 27.910-970<br \/>\nMaca\u00e9\/RJ<\/p>\n","protected":false},"excerpt":{"rendered":"<p>O Laborat\u00f3rio de Engenharia e Explora\u00e7\u00e3o de Petr\u00f3leo Rodovia Amaral Peixoto, Km 163 Imboassica &#8211; Maca\u00e9\/RJ Cep.: 27.925-310 Telefone &#8211;&#8230;<\/p>\n","protected":false},"author":10,"featured_media":0,"parent":0,"menu_order":1,"comment_status":"closed","ping_status":"open","template":"","meta":{"footnotes":""},"class_list":["post-111","page","type-page","status-publish","hentry"],"_links":{"self":[{"href":"https:\/\/uenf.br\/cct\/lenep\/wp-json\/wp\/v2\/pages\/111","targetHints":{"allow":["GET"]}}],"collection":[{"href":"https:\/\/uenf.br\/cct\/lenep\/wp-json\/wp\/v2\/pages"}],"about":[{"href":"https:\/\/uenf.br\/cct\/lenep\/wp-json\/wp\/v2\/types\/page"}],"author":[{"embeddable":true,"href":"https:\/\/uenf.br\/cct\/lenep\/wp-json\/wp\/v2\/users\/10"}],"replies":[{"embeddable":true,"href":"https:\/\/uenf.br\/cct\/lenep\/wp-json\/wp\/v2\/comments?post=111"}],"version-history":[{"count":0,"href":"https:\/\/uenf.br\/cct\/lenep\/wp-json\/wp\/v2\/pages\/111\/revisions"}],"wp:attachment":[{"href":"https:\/\/uenf.br\/cct\/lenep\/wp-json\/wp\/v2\/media?parent=111"}],"curies":[{"name":"wp","href":"https:\/\/api.w.org\/{rel}","templated":true}]}}