{"id":201,"date":"2009-12-04T10:18:16","date_gmt":"2009-12-04T10:18:16","guid":{"rendered":"http:\/\/uenf.br\/sites\/lenep\/?page_id=201"},"modified":"2018-07-05T12:15:21","modified_gmt":"2018-07-05T12:15:21","slug":"setor-de-petrofisica","status":"publish","type":"page","link":"https:\/\/uenf.br\/cct\/lenep\/setores\/setor-de-petrofisica\/","title":{"rendered":"Petrof\u00edsica"},"content":{"rendered":"<p>1 &#8211; Informa\u00e7\u00f5es Gerais<\/p>\n<p style=\"text-align: justify\">\u00a0\u00a0\u00a0\u00a0\u00a0\u00a0\u00a0\u00a0\u00a0\u00a0\u00a0 O setor de Petrof\u00edsica realiza pesquisas que envolvem o conhecimento das propriedades f\u00edsicas das rochas, realizando ensaios laboratoriais, trabalhos de campo e simula\u00e7\u00f5es computacionais.<\/p>\n<p style=\"text-align: justify\">\u00a0\u00a0\u00a0\u00a0\u00a0\u00a0\u00a0\u00a0\u00a0\u00a0\u00a0 O setor tamb\u00e9m \u00e9 respons\u00e1vel e ministrar disciplinas desta \u00e1rea de conhecimento, como por exemplo: Propriedades F\u00edsicas de Minerais e Rochas, Petrof\u00edsica, Petrof\u00edsica Experimental e Perfilagem de Po\u00e7os.<br \/>\n2 \u2013 Objetivos<\/p>\n<p style=\"text-align: justify\">\u00a0\u00a0\u00a0\u00a0\u00a0\u00a0\u00a0\u00a0\u00a0\u00a0\u00a0 O objetivo principal da Petrof\u00edsica \u00e9 o conhecimento das propriedades f\u00edsicas rochas. Para esta finalidade s\u00e3o utilizadas informa\u00e7\u00f5es provenientes de: an\u00e1lise de amostras de rochas e da an\u00e1lise de perfis de po\u00e7os. O entendimento destas propriedades leva a proposi\u00e7\u00e3o de modelos te\u00f3ricos que podem ser aplicados para descrever o comportamento dos reservat\u00f3rios de petr\u00f3leo no tocante \u00e0 quantidade de suas reservas e produtividade.<br \/>\n3 &#8211; Linhas de pesquisa<\/p>\n<ul>\n<li>Petrof\u00edsica de rochas reservat\u00f3rio e perfilagem de po\u00e7o<\/li>\n<li>Modelagem Integrada de Reservat\u00f3rio<\/li>\n<li>Avalia\u00e7\u00e3o das Propriedades das Rochas Utilizando T\u00e9cnicas de Resson\u00e2ncia Magn\u00e9tica Nuclear<\/li>\n<\/ul>\n<p>4 &#8211; Projetos recentes<\/p>\n<p><strong>Projeto: <\/strong>Constru\u00e7\u00e3o e Implanta\u00e7\u00e3o do Laborat\u00f3rio Computacional e do<\/p>\n<p>Laborat\u00f3rio de Modelagem F\u00edsica de Reservat\u00f3rio.<\/p>\n<p style=\"text-align: justify\">Linha de pesquisa associada: Modelagem Integrada de Reservat\u00f3rios<br \/>\nBreve descri\u00e7\u00e3o do projeto: Este projeto visa montar infra-estrutura para o programa de pesquisa da linha tem\u00e1tica de \u201cModelagem Integrada de Reservat\u00f3rio\u201d, consistindo na constru\u00e7\u00e3o de um pr\u00e9dio com 400m2 de \u00e1rea e aquisi\u00e7\u00e3o de equipamentos dos Laborat\u00f3rios Computacional e de Modelagem F\u00edsica de Reservat\u00f3rio.<\/p>\n<p style=\"text-align: justify\">Ag\u00eancia de Fomento: PETROBRAS<br \/>\nCoordenador: Profa. Roseane Miss\u00e1gia<\/p>\n<p><strong>Projeto<\/strong>: Aquisi\u00e7\u00e3o de Equipamentos para Complementa\u00e7\u00e3o do Laborat\u00f3rio de Modelagem F\u00edsica de Reservat\u00f3rio.<\/p>\n<p style=\"text-align: justify\">Linha de pesquisa associada: Modelagem Integrada de Reservat\u00f3rios<br \/>\nBreve descri\u00e7\u00e3o do projeto: Este \u00e9 um projeto de infra-estrutura que visa a aquisi\u00e7\u00e3o de equipamentos para determina\u00e7\u00e3o de propriedades f\u00edsicas das rochas de modo a complementar o Laborat\u00f3rio de Modelagem F\u00edsica de Reservat\u00f3rio do LENEP\/UENF.<\/p>\n<p style=\"text-align: justify\">Ag\u00eancia de Fomento: PETROBRAS<br \/>\nCoordenador: Profa. Roseane Miss\u00e1gia<\/p>\n<p><strong>Projeto:<\/strong>Estudo do Estado-da-arte da Modelagem F\u00edsica de Reservat\u00f3rio<\/p>\n<p>Linha de pesquisa associada: Modelagem Integrada de Reservat\u00f3rios<br \/>\nBreve descri\u00e7\u00e3o do projeto: Este projeto est\u00e1 associado \u00e0 linha tem\u00e1tica de Modelagem Integrada de Reservat\u00f3rio pertencente ao N\u00facleo Regional de Campos Mar\u00edtimos de Petr\u00f3leo da UENF.<\/p>\n<p>Ag\u00eancia de Fomento: PETROBRAS<br \/>\nCoordenador: Profa. Roseane Miss\u00e1gia<\/p>\n<p>5 \u2013 Pessoal<\/p>\n<ul>\n<li><strong><strong><span style=\"text-decoration: underline\">Chefe do Setor<\/span>&#8211; P<\/strong><\/strong><strong>rof. Marco Ant\u00f4nio Rodrigues de Ceia <\/strong>(Petrof\u00edsica Experimental\/Modelagem S\u00edsmica F\u00edsica).<\/li>\n<li><strong>Prof. Carlos Alberto Dias <\/strong>(Propriedades El\u00e9tricas das Rochas\/Geof\u00edsica Aplicada-M\u00e9todos EM).<\/li>\n<li><strong>Profa. Roseane Marchezi Miss\u00e1gia <\/strong>(F\u00edsica de Rocha\/Mec\u00e2nica das Rochas\/Modelagem S\u00edsmica F\u00edsica).<\/li>\n<li><strong>Prof. Antonio Abel Gonz\u00e1lez Carrasquilla <\/strong>(Perfilagem de Po\u00e7os\/Resson\u00e2ncia Magn\u00e9tica Nuclear).<\/li>\n<\/ul>\n<p>6-Infra-estrutura<\/p>\n<p>No momento as linhas de pesquisa contam com os equipamentos abaixo relacionados:<\/p>\n<ul>\n<li><strong>Sistema de F\u00edsica &amp; Mec\u00e2nica de Rochas<\/strong> \u2013 Propriedades El\u00e1sticas (Vp, Vs1 &amp; Vs2 \u2013 Axial &amp; Lateral); Propriedades Mec\u00e2nicas (Curvas Tens\u00e3o x Deforma\u00e7\u00e3o, Compressibilidade, Ensaios de \u201cCreep\u201d); Monitoramento da Press\u00e3o de Poro; Permeabilidade Absoluta e Relativa Bi-f\u00e1sica;\u00a0 ; Resistividade El\u00e9trica e Fator de Forma\u00e7\u00e3o. Permite ensaios triaxiais em condi\u00e7\u00f5es de reservat\u00f3rio (at\u00e9 69 MPa\/150\u00baC).<\/li>\n<li>\u00a0<strong>Sistema de Modelagem F\u00edsica S\u00edsmica<\/strong> &#8211; Simula levantamentos s\u00edsmicos em modelos de reservat\u00f3rios, numa escala de laborat\u00f3rio.<\/li>\n<li><strong>Testador Ultra-s\u00f4nico &#8211; PUNDIT<\/strong> (condi\u00e7\u00f5es ambientes\/54KHz);<\/li>\n<li><strong>Poros\u00edmetro de G\u00e1s H\u00e9lio<\/strong> (Ultrapor 300\/Temco-Corelab);<\/li>\n<li><strong>Poros\u00edmetro de Merc\u00fario<\/strong> (PoreMaster);<\/li>\n<li><strong>Sistema de Permeabilidade absoluta (G\u00e1s)<\/strong> (PERG-200);<\/li>\n<li><strong>Sistema de Permeabilidade absoluta<\/strong> (Fluxo de L\u00edquidos);<\/li>\n<li><strong>Sistema de Permeabilidade Relativa trif\u00e1sica<\/strong> (Vinci);<\/li>\n<li><strong>Sistema de Satura\u00e7\u00e3o a V\u00e1cuo<\/strong>;<\/li>\n<li><strong>Analisador Espectral de Imped\u00e2ncia El\u00e9trica <\/strong>(Solaris);<\/li>\n<li><strong>Susceptibil\u00edmetro Magn\u00e9tico<\/strong> (GF Instruments).<\/li>\n<\/ul>\n<p>Descri\u00e7\u00e3o em ingl\u00eas da <a href=\"http:\/\/uenf.br\/cct\/lenep\/files\/2018\/07\/folder_Petrofisica2018.pdf\">infraestrutura laboratorial<\/a>.<\/p>\n<p><strong>\u00a0<\/strong><\/p>\n<p><strong><span style=\"text-decoration: underline\">\u00a0<\/span><\/strong><\/p>\n<p><strong>\u00a0<\/strong><\/p>\n","protected":false},"excerpt":{"rendered":"<p>1 &#8211; Informa\u00e7\u00f5es Gerais \u00a0\u00a0\u00a0\u00a0\u00a0\u00a0\u00a0\u00a0\u00a0\u00a0\u00a0 O setor de Petrof\u00edsica realiza pesquisas que envolvem o conhecimento das propriedades f\u00edsicas das rochas,&#8230;<\/p>\n","protected":false},"author":1,"featured_media":0,"parent":50,"menu_order":4,"comment_status":"closed","ping_status":"closed","template":"","meta":{"footnotes":""},"class_list":["post-201","page","type-page","status-publish","hentry"],"_links":{"self":[{"href":"https:\/\/uenf.br\/cct\/lenep\/wp-json\/wp\/v2\/pages\/201","targetHints":{"allow":["GET"]}}],"collection":[{"href":"https:\/\/uenf.br\/cct\/lenep\/wp-json\/wp\/v2\/pages"}],"about":[{"href":"https:\/\/uenf.br\/cct\/lenep\/wp-json\/wp\/v2\/types\/page"}],"author":[{"embeddable":true,"href":"https:\/\/uenf.br\/cct\/lenep\/wp-json\/wp\/v2\/users\/1"}],"replies":[{"embeddable":true,"href":"https:\/\/uenf.br\/cct\/lenep\/wp-json\/wp\/v2\/comments?post=201"}],"version-history":[{"count":0,"href":"https:\/\/uenf.br\/cct\/lenep\/wp-json\/wp\/v2\/pages\/201\/revisions"}],"up":[{"embeddable":true,"href":"https:\/\/uenf.br\/cct\/lenep\/wp-json\/wp\/v2\/pages\/50"}],"wp:attachment":[{"href":"https:\/\/uenf.br\/cct\/lenep\/wp-json\/wp\/v2\/media?parent=201"}],"curies":[{"name":"wp","href":"https:\/\/api.w.org\/{rel}","templated":true}]}}