{"id":207,"date":"2009-12-04T10:22:59","date_gmt":"2009-12-04T12:22:59","guid":{"rendered":"http:\/\/uenf.br\/sites\/lenep\/?page_id=207"},"modified":"2019-02-26T21:31:04","modified_gmt":"2019-02-26T21:31:04","slug":"setor-de-engenharia","status":"publish","type":"page","link":"https:\/\/uenf.br\/cct\/lenep\/setores\/setor-de-engenharia\/","title":{"rendered":"Engenharia"},"content":{"rendered":"<p>O Setor de Engenharia \u00e9 respons\u00e1vel por parte das disciplinas de gradua\u00e7\u00e3o e p\u00f3s-gradua\u00e7\u00e3o. Al\u00e9m disso, os docentes do setor desenvolvem pesquisas em temas relacionados \u00e0 \u00e1rea e em conjunto com demais setores do LENEP.<\/p>\n<p>Os docentes permanentes do setor s\u00e3o:<\/p>\n<p>Prof. Adolfo Puime Pires, D.Sc. &#8211; <a href=\"http:\/\/buscatextual.cnpq.br\/buscatextual\/visualizacv.do?id=K4758472A2\">CV Lattes<\/a><br \/>\nE-mail: <a href=\"mailto:adolfo.puime@gmail.com\">adolfo.puime@gmail.com<\/a>\/<a href=\"mailto:puime@lenep.uenf.br\">puime@lenep.uenf.br<\/a><\/p>\n<p>Prof. Carlos Enrique Pico Ortiz<br \/>\nE-mail:<\/p>\n<p>Os professores visitantes s\u00e3o:<\/p>\n","protected":false},"excerpt":{"rendered":"<p>O Setor de Engenharia \u00e9 respons\u00e1vel por parte das disciplinas de gradua\u00e7\u00e3o e p\u00f3s-gradua\u00e7\u00e3o. Al\u00e9m disso, os docentes do setor&#8230;<\/p>\n","protected":false},"author":1,"featured_media":0,"parent":50,"menu_order":1,"comment_status":"closed","ping_status":"closed","template":"","meta":{"footnotes":""},"class_list":["post-207","page","type-page","status-publish","hentry"],"_links":{"self":[{"href":"https:\/\/uenf.br\/cct\/lenep\/wp-json\/wp\/v2\/pages\/207","targetHints":{"allow":["GET"]}}],"collection":[{"href":"https:\/\/uenf.br\/cct\/lenep\/wp-json\/wp\/v2\/pages"}],"about":[{"href":"https:\/\/uenf.br\/cct\/lenep\/wp-json\/wp\/v2\/types\/page"}],"author":[{"embeddable":true,"href":"https:\/\/uenf.br\/cct\/lenep\/wp-json\/wp\/v2\/users\/1"}],"replies":[{"embeddable":true,"href":"https:\/\/uenf.br\/cct\/lenep\/wp-json\/wp\/v2\/comments?post=207"}],"version-history":[{"count":0,"href":"https:\/\/uenf.br\/cct\/lenep\/wp-json\/wp\/v2\/pages\/207\/revisions"}],"up":[{"embeddable":true,"href":"https:\/\/uenf.br\/cct\/lenep\/wp-json\/wp\/v2\/pages\/50"}],"wp:attachment":[{"href":"https:\/\/uenf.br\/cct\/lenep\/wp-json\/wp\/v2\/media?parent=207"}],"curies":[{"name":"wp","href":"https:\/\/api.w.org\/{rel}","templated":true}]}}