{"id":230,"date":"2009-12-04T11:38:25","date_gmt":"2009-12-04T13:38:25","guid":{"rendered":"http:\/\/uenf.br\/sites\/lenep\/?page_id=230"},"modified":"2020-12-22T22:49:51","modified_gmt":"2020-12-22T22:49:51","slug":"geologia-e-geoquimica","status":"publish","type":"page","link":"https:\/\/uenf.br\/cct\/lenep\/setores\/geologia-e-geoquimica\/","title":{"rendered":"Geologia e Geoqu\u00edmica"},"content":{"rendered":"<p style=\"text-align: justify\">\u00a0<strong>1) Informa\u00e7\u00f5es gerais<\/strong><\/p>\n<p style=\"text-align: justify\">O Setor de Geologia e Geoqu\u00edmica tem atualmente quatro docentes e um Profissional de N\u00edvel Superior em Geologia e Geoqu\u00edmica, abaixo indicados com suas respectivas especialidades:<\/p>\n<p style=\"text-align: justify\">DSc. H\u00e9lio Jorge P. Severiano Ribeiro \u2013 Ge\u00f3logo<br \/>\n<a href=\"http:\/\/lattes.cnpq.br\/5271449729990345\">http:\/\/lattes.cnpq.br\/5271449729990345<\/a><\/p>\n<ul>\n<li>\n<div style=\"text-align: justify\">Estratigrafia de sequ\u00eancias e geologia do petr\u00f3leo<\/div>\n<\/li>\n<\/ul>\n<p style=\"text-align: justify\">DSc. Eliane Soares de Souza \u2013 Engenheira Qu\u00edmica<br \/>\n<a href=\"http:\/\/lattes.cnpq.br\/2445014118520810\">http:\/\/lattes.cnpq.br\/2445014118520810<\/a><\/p>\n<ul>\n<li>\n<div style=\"text-align: justify\">Geoqu\u00edmica ambiental e do petr\u00f3leo<\/div>\n<\/li>\n<\/ul>\n<p style=\"text-align: justify\">DSc. Georgiana Feitosa da Cruz \u2013 Qu\u00edmica<br \/>\n<a href=\"http:\/\/lattes.cnpq.br\/1820045548668605\">http:\/\/lattes.cnpq.br\/1820045548668605<\/a><\/p>\n<ul>\n<li>\n<div style=\"text-align: justify\">Geoqu\u00edmica org\u00e2nica<\/div>\n<\/li>\n<\/ul>\n<p style=\"text-align: justify\">DSc. Victor Hugo Santos \u2013 Ge\u00f3logo<br \/>\n<a href=\"http:\/\/lattes.cnpq.br\/1428336342159724\">http:\/\/lattes.cnpq.br\/1428336342159724<\/a><\/p>\n<ul>\n<li>\n<div style=\"text-align: justify\">\u00a0Tect\u00f4nica de bacias sedimentares e Geologia Sedimentar<\/div>\n<\/li>\n<\/ul>\n<p style=\"text-align: justify\">DSc. Laercio Lopes Martins \u2013 Qu\u00edmico<br \/>\n<a href=\"http:\/\/lattes.cnpq.br\/9943766587624020\">http:\/\/lattes.cnpq.br\/9943766587624020<\/a><\/p>\n<ul>\n<li>\n<div style=\"text-align: justify\">Geoqu\u00edmica Org\u00e2nica e do Petr\u00f3leo<\/div>\n<\/li>\n<\/ul>\n<p style=\"text-align: justify\"><strong>\u00a0<\/strong><strong>2) Objetivos<\/strong><\/p>\n<p style=\"text-align: justify\">O Setor de Geologia e Geoqu\u00edmica tem como compromisso o desenvolvimento de linhas de pesquisas na \u00e1rea de geologia e geoqu\u00edmica org\u00e2nica e do petr\u00f3leo.<\/p>\n<p style=\"text-align: justify\">Os laborat\u00f3rios do Setor de Geologia e Geoqu\u00edmica constituem parte da Institui\u00e7\u00e3o que objetiva o desenvolvimento de pesquisas e o aux\u00edlio no ensino acad\u00eamico, onde alunos dos cursos, de gradua\u00e7\u00e3o e p\u00f3s-gradua\u00e7\u00e3o, em Engenharia de Explora\u00e7\u00e3o e Produ\u00e7\u00e3o de Petr\u00f3leo e Engenharia de Reservat\u00f3rio e de Explora\u00e7\u00e3o, respectivamente, t\u00eam contato com as ferramentas utilizadas na avalia\u00e7\u00e3o do ambiente explorat\u00f3rio de recursos minerais.<\/p>\n<h3 style=\"text-align: center\"><strong>Laborat\u00f3rio de Geoqu\u00edmica<\/strong><\/h3>\n<p style=\"text-align: justify\">No laborat\u00f3rio de geoqu\u00edmica s\u00e3o realizadas an\u00e1lises qualitativas e quantitativas do conte\u00fado de hidrocarbonetos de rochas geradoras e reservat\u00f3rios de petr\u00f3leo, e ainda, de petr\u00f3leo e derivados. Essas an\u00e1lises s\u00e3o realizadas utilizando-se t\u00e9cnicas de cromatografia l\u00edquida, cromatografia gasosa de alta resolu\u00e7\u00e3o e cromatografia gasosa acoplada a um espectr\u00f4metro de massas. As an\u00e1lises possibilitam o estudo dos compostos saturados e arom\u00e1ticos, como os hidrocarbonetos polic\u00edclicos arom\u00e1ticos (HPA) e ainda, de compostos biomarcadores geoqu\u00edmicos de ampla aplica\u00e7\u00e3o nos estudos relacionados aos processos de gera\u00e7\u00e3o, migra\u00e7\u00e3o e acumula\u00e7\u00e3o do petr\u00f3leo. A infra-estrutura laboratorial tamb\u00e9m se encontra capacitada a realizar an\u00e1lises geoqu\u00edmicas no contexto da polui\u00e7\u00e3o ambiental causada por atividades petrol\u00edferas ou por acidentes com derramamento de \u00f3leo. As an\u00e1lises s\u00e3o realizadas em amostras de solo, sedimentos e \u00e1gua, coletadas de regi\u00f5es contaminadas.<\/p>\n<p style=\"text-align: justify\"><strong>3) Linhas de pesquisas \/ temas<\/strong><\/p>\n<p style=\"text-align: justify\">A linha de pesquisa do setor \u00e9 Geologia e Geoqu\u00edmica e abrange os seguintes temas:<\/p>\n<ul>\n<li>\n<div style=\"text-align: justify\">An\u00e1lise de Bacias Sedimentares: sismoestratigrafia e estratigrafia de seq\u00fc\u00eancias<\/div>\n<\/li>\n<li>\n<div style=\"text-align: justify\">Modelagem Geol\u00f3gica de Reservat\u00f3rios An\u00e1logos;<\/div>\n<\/li>\n<li>\n<div style=\"text-align: justify\">Geoqu\u00edmica do Petr\u00f3leo e Ambiental: caracteriza\u00e7\u00e3o do petr\u00f3leo, com foco em biodegrada\u00e7\u00e3o, e estudos de par\u00e2metros geoqu\u00edmicos de \u00f3leos e rochas;<\/div>\n<\/li>\n<li>Geoqu\u00edmica Org\u00e2nica: Avalia\u00e7\u00e3o de varia\u00e7\u00f5es paleoclim\u00e1ticas e paleoambientes deposicionais de folhelhos negros (ricos em mat\u00e9ria org\u00e2nica);<\/li>\n<\/ul>\n<p style=\"text-align: justify\"><strong>\u00a0<\/strong><strong>4) Projetos de pesquisa<\/strong><\/p>\n<p>&#8211;\u00a0 \u00a0 \u00a0 \u00a0 \u00a0 Carbon cycle at the transition from an icehouse to a greenhouse world: the melting of Gondwana ice cap elucidated by geochemical assessment of Irati (Paran\u00e1 Basin, Brazil). Parceria internacional com o Centro Alem\u00e3o de pesquisas em<br \/>\nGeoci\u00eancias (GFZ).<\/p>\n<p style=\"text-align: justify\">&#8211;\u00a0\u00a0\u00a0\u00a0\u00a0\u00a0\u00a0\u00a0\u00a0 Desenvolvimento de m\u00e9todos de biorremedia\u00e7\u00e3o em derrames de petr\u00f3leo no mar e em sedimentos. PADCT\/ MCT &#8211; 1 tese de doutorado e 3 trabalhos de inicia\u00e7\u00e3o cient\u00edfica. 1999 \u2013 2002.<\/p>\n<p style=\"text-align: justify\">&#8211;\u00a0\u00a0\u00a0\u00a0\u00a0\u00a0\u00a0\u00a0\u00a0 Intera\u00e7\u00e3o de \u00f3leos com sedimento na zona costeira da Bacia de Campos- Processos de biorremedia\u00e7\u00e3o. PADCT\/ MCT &#8211; 1 tese de mestrado e 2 trabalhos de inicia\u00e7\u00e3o cient\u00edfica. 1999 \u2013 2001.<\/p>\n<p style=\"text-align: justify\">&#8211;\u00a0\u00a0\u00a0\u00a0\u00a0\u00a0\u00a0\u00a0\u00a0 Estudos de correla\u00e7\u00e3o geoqu\u00edmica entre \u00f3leo X rocha geradora e \u00f3leo X rocha reservat\u00f3rio \u2013 2002 \u2013 2 monografias de conclus\u00e3o do curso de gradua\u00e7\u00e3o e 2 trabalhos de inicia\u00e7\u00e3o cient\u00edfica.<\/p>\n<p style=\"text-align: justify\">&#8211;\u00a0\u00a0\u00a0\u00a0\u00a0\u00a0\u00a0\u00a0\u00a0 Avalia\u00e7\u00e3o do tempo de resid\u00eancia de derrames de petr\u00f3leo no mar atrav\u00e9s do monitoramento de par\u00e2metros geoqu\u00edmicos \u2013 2003 &#8211; 1 tese de doutorado em andamento e 1 monografia de conclus\u00e3o do curso de gradua\u00e7\u00e3o.<\/p>\n<p style=\"text-align: justify\">&#8211;\u00a0\u00a0\u00a0\u00a0\u00a0\u00a0\u00a0 \u00a0 Avalia\u00e7\u00e3o da prospectividade petrol\u00edfera da Bacia do Parna\u00edba. Pareceria UFPE\/UENF. Edital MCT\/Cnpq\/2007-Universal. 1 disserta\u00e7\u00e3o de mestrado e 2 monografias.<\/p>\n<p style=\"text-align: justify\">&#8211;\u00a0\u00a0\u00a0\u00a0\u00a0\u00a0\u00a0 \u00a0\u00a0Geologia do Petr\u00f3leo da Bacia do Parna\u00edba. APQ-1 FAPERJ, 1 Inicia\u00e7\u00e3o cient\u00edfica<\/p>\n<p style=\"text-align: justify\">&#8211; \u00a0\u00a0\u00a0\u00a0\u00a0\u00a0\u00a0\u00a0 Geoqu\u00edmica de Reservat\u00f3rio em afloramentos da Forma\u00e7\u00e3o Piramb\u00f3ia no Estado de S\u00e3o Paulo (Fazenda Betumita). CNPq 2007-2009. 1 mestrado<\/p>\n<p style=\"text-align: justify\">&#8211; \u00a0\u00a0\u00a0\u00a0\u00a0\u00a0\u00a0\u00a0 Geoqu\u00edmica de reservat\u00f3rio nos arenitos impregnados de \u00f3leo da Forma\u00e7\u00e3o Piramb\u00f3ia, Bacia do Paran\u00e1, no estado de S\u00e3o Paulo. APQ-1 FAPERJ. 2007-2008. 1 mestrado<\/p>\n<p style=\"text-align: justify\">&#8211;\u00a0\u00a0\u00a0\u00a0\u00a0\u00a0\u00a0\u00a0\u00a0 Estudo Geoqu\u00edmico de Amostras de \u00d3leos e Sedimentos de Bacias Sedimentares Brasileiras: Investiga\u00e7\u00e3o do Processo Migrat\u00f3rio baseado na An\u00e1lise de Biomarcadores. APQ-1 FAPERJ\/2011\/2012.<\/p>\n<p style=\"text-align: justify\"><strong>CHEFE DE SETOR<\/strong><\/p>\n<p style=\"text-align: justify\"><strong>Prof.<sup>a<\/sup> Eliane Soares de Souza, Dra.<\/strong><\/p>\n<p style=\"text-align: justify\"><strong>E-mail:\u00a0eliane@lenep.uenf.br<\/strong><\/p>\n","protected":false},"excerpt":{"rendered":"<p>\u00a01) Informa\u00e7\u00f5es gerais O Setor de Geologia e Geoqu\u00edmica tem atualmente quatro docentes e um Profissional de N\u00edvel Superior em&#8230;<\/p>\n","protected":false},"author":10,"featured_media":0,"parent":50,"menu_order":0,"comment_status":"closed","ping_status":"closed","template":"","meta":{"footnotes":""},"class_list":["post-230","page","type-page","status-publish","hentry"],"_links":{"self":[{"href":"https:\/\/uenf.br\/cct\/lenep\/wp-json\/wp\/v2\/pages\/230","targetHints":{"allow":["GET"]}}],"collection":[{"href":"https:\/\/uenf.br\/cct\/lenep\/wp-json\/wp\/v2\/pages"}],"about":[{"href":"https:\/\/uenf.br\/cct\/lenep\/wp-json\/wp\/v2\/types\/page"}],"author":[{"embeddable":true,"href":"https:\/\/uenf.br\/cct\/lenep\/wp-json\/wp\/v2\/users\/10"}],"replies":[{"embeddable":true,"href":"https:\/\/uenf.br\/cct\/lenep\/wp-json\/wp\/v2\/comments?post=230"}],"version-history":[{"count":0,"href":"https:\/\/uenf.br\/cct\/lenep\/wp-json\/wp\/v2\/pages\/230\/revisions"}],"up":[{"embeddable":true,"href":"https:\/\/uenf.br\/cct\/lenep\/wp-json\/wp\/v2\/pages\/50"}],"wp:attachment":[{"href":"https:\/\/uenf.br\/cct\/lenep\/wp-json\/wp\/v2\/media?parent=230"}],"curies":[{"name":"wp","href":"https:\/\/api.w.org\/{rel}","templated":true}]}}