{"id":538,"date":"2010-11-03T16:47:07","date_gmt":"2010-11-03T18:47:07","guid":{"rendered":"http:\/\/uenf.br\/cct\/lenep\/"},"modified":"2024-04-17T16:22:25","modified_gmt":"2024-04-17T16:22:25","slug":"servicos","status":"publish","type":"page","link":"https:\/\/uenf.br\/cct\/lenep\/servicos\/","title":{"rendered":"Servicos"},"content":{"rendered":"<p><a href=\"https:\/\/forms.gle\/kVtdJ7oxdjmiA9jC9\" target=\"_blank\" rel=\"noopener\">Solicita\u00e7\u00e3o Ordenada de Servi\u00e7os de Inform\u00e1tica &#8211; S.O.S. INFO<\/a><\/p>\n","protected":false},"excerpt":{"rendered":"<p>Solicita\u00e7\u00e3o Ordenada de Servi\u00e7os de Inform\u00e1tica &#8211; S.O.S. INFO<\/p>\n","protected":false},"author":33,"featured_media":0,"parent":0,"menu_order":20,"comment_status":"open","ping_status":"open","template":"","meta":{"footnotes":""},"class_list":["post-538","page","type-page","status-publish","hentry"],"_links":{"self":[{"href":"https:\/\/uenf.br\/cct\/lenep\/wp-json\/wp\/v2\/pages\/538","targetHints":{"allow":["GET"]}}],"collection":[{"href":"https:\/\/uenf.br\/cct\/lenep\/wp-json\/wp\/v2\/pages"}],"about":[{"href":"https:\/\/uenf.br\/cct\/lenep\/wp-json\/wp\/v2\/types\/page"}],"author":[{"embeddable":true,"href":"https:\/\/uenf.br\/cct\/lenep\/wp-json\/wp\/v2\/users\/33"}],"replies":[{"embeddable":true,"href":"https:\/\/uenf.br\/cct\/lenep\/wp-json\/wp\/v2\/comments?post=538"}],"version-history":[{"count":0,"href":"https:\/\/uenf.br\/cct\/lenep\/wp-json\/wp\/v2\/pages\/538\/revisions"}],"wp:attachment":[{"href":"https:\/\/uenf.br\/cct\/lenep\/wp-json\/wp\/v2\/media?parent=538"}],"curies":[{"name":"wp","href":"https:\/\/api.w.org\/{rel}","templated":true}]}}