{"id":74,"date":"2009-11-25T11:27:47","date_gmt":"2009-11-25T13:27:47","guid":{"rendered":"http:\/\/uenf.br\/sites\/lenep\/?page_id=74"},"modified":"2021-11-24T16:29:20","modified_gmt":"2021-11-24T16:29:20","slug":"biblioteca-online","status":"publish","type":"page","link":"https:\/\/uenf.br\/cct\/lenep\/biblioteca-lenep-2\/biblioteca-online\/","title":{"rendered":"Biblioteca online (Incluindo MONOGRAFIAS, DISSERTA\u00c7\u00d5ES e TESES do LENEP, em sua maioria, com textos completos )"},"content":{"rendered":"<p>Para realizar consultas diversas (por autor\/orientador, t\u00edtulo, assunto, tipo de publica\u00e7\u00e3o, ano, idioma, etc) aos acervos da Biblioteca do LENEP (livros, teses\/disserta\u00e7\u00f5es\/trabalhos de conclus\u00e3o de curso, CD\/DVDs, apostilas, etc) e das demais Bibliotecas da UENF, fazer renova\u00e7\u00f5es de empr\u00e9stimos ou reservas de livros e de outros materiais, clique no link abaixo:<\/p>\n<ul>\n<li><span style=\"color: #ff0000\"><strong><a style=\"color: #ff0000\" title=\"Biblioteca online\" href=\"http:\/\/bibliotecas.uenf.br:8011\/informa\/cgi-bin\/biblio.dll?g=geral\" target=\"_blank\" rel=\"noopener\">Biblioteca online<\/a><\/strong><\/span><\/li>\n<\/ul>\n<p>Para consultas aos acervos das bibliotecas, clique em publica\u00e7\u00f5es. D\u00ea prefer\u00eancia \u00e0 consulta espec\u00edfica, pois permite filtrar a pesquisa por autor\/orientador, t\u00edtulo, ano, unidade (biblioteca onde est\u00e1 localizada a obra), tipo de publica\u00e7\u00e3o (se \u00e9 livro, CD, trabalho monogr\u00e1fico, etc), assunto, etc.<\/p>\n<p>&nbsp;<\/p>\n<p>&nbsp;<\/p>\n<p>&nbsp;<\/p>\n","protected":false},"excerpt":{"rendered":"<p>Para realizar consultas diversas (por autor\/orientador, t\u00edtulo, assunto, tipo de publica\u00e7\u00e3o, ano, idioma, etc) aos acervos da Biblioteca do LENEP&#8230;<\/p>\n","protected":false},"author":10,"featured_media":0,"parent":1807,"menu_order":1,"comment_status":"open","ping_status":"closed","template":"","meta":{"footnotes":""},"class_list":["post-74","page","type-page","status-publish","hentry"],"_links":{"self":[{"href":"https:\/\/uenf.br\/cct\/lenep\/wp-json\/wp\/v2\/pages\/74","targetHints":{"allow":["GET"]}}],"collection":[{"href":"https:\/\/uenf.br\/cct\/lenep\/wp-json\/wp\/v2\/pages"}],"about":[{"href":"https:\/\/uenf.br\/cct\/lenep\/wp-json\/wp\/v2\/types\/page"}],"author":[{"embeddable":true,"href":"https:\/\/uenf.br\/cct\/lenep\/wp-json\/wp\/v2\/users\/10"}],"replies":[{"embeddable":true,"href":"https:\/\/uenf.br\/cct\/lenep\/wp-json\/wp\/v2\/comments?post=74"}],"version-history":[{"count":0,"href":"https:\/\/uenf.br\/cct\/lenep\/wp-json\/wp\/v2\/pages\/74\/revisions"}],"up":[{"embeddable":true,"href":"https:\/\/uenf.br\/cct\/lenep\/wp-json\/wp\/v2\/pages\/1807"}],"wp:attachment":[{"href":"https:\/\/uenf.br\/cct\/lenep\/wp-json\/wp\/v2\/media?parent=74"}],"curies":[{"name":"wp","href":"https:\/\/api.w.org\/{rel}","templated":true}]}}