{"id":893,"date":"2011-07-04T08:25:56","date_gmt":"2011-07-04T08:25:56","guid":{"rendered":"http:\/\/uenf.br\/cct\/lenep\/?page_id=893"},"modified":"2020-07-17T17:27:22","modified_gmt":"2020-07-17T17:27:22","slug":"engep","status":"publish","type":"page","link":"https:\/\/uenf.br\/cct\/lenep\/eventos\/engep\/","title":{"rendered":"ENGEP"},"content":{"rendered":"<p>&nbsp;<\/p>\n<p><a href=\"http:\/\/www.engep.com\/\"><img loading=\"lazy\" decoding=\"async\" class=\"aligncenter  wp-image-2530\" src=\"http:\/\/uenf.br\/cct\/lenep\/files\/2020\/07\/WhatsApp-Image-2020-07-16-at-13.28.23.jpeg\" alt=\"\" width=\"200\" height=\"275\" srcset=\"https:\/\/uenf.br\/cct\/lenep\/files\/2020\/07\/WhatsApp-Image-2020-07-16-at-13.28.23.jpeg 424w, https:\/\/uenf.br\/cct\/lenep\/files\/2020\/07\/WhatsApp-Image-2020-07-16-at-13.28.23-219x300.jpeg 219w, https:\/\/uenf.br\/cct\/lenep\/files\/2020\/07\/WhatsApp-Image-2020-07-16-at-13.28.23-109x150.jpeg 109w, https:\/\/uenf.br\/cct\/lenep\/files\/2020\/07\/WhatsApp-Image-2020-07-16-at-13.28.23-400x549.jpeg 400w\" sizes=\"auto, (max-width: 200px) 100vw, 200px\" \/><\/a>O ENGEP &#8211; Encontro de Engenharia de Explora\u00e7\u00e3o e Produ\u00e7\u00e3o de Petr\u00f3leo, \u00e9 um evento acad\u00eamico anual organizado por alunos de gradua\u00e7\u00e3o em Engenharia de Explora\u00e7\u00e3o e Produ\u00e7\u00e3o de Petr\u00f3leo do LENEP &#8211; Laborat\u00f3rio de Engenharia e Explora\u00e7\u00e3o de Petr\u00f3leo, vinculado ao Centro de Ci\u00eancia e Tecnologia da <a href=\"http:\/\/www.uenf.br\" target=\"_blank\" rel=\"noopener noreferrer\">UENF<\/a> &#8211; Universidade Estadual do Norte Fluminense Darcy Ribeiro, contando tamb\u00e9m com o apoio da Se\u00e7\u00e3o Maca\u00e9 da SPE &#8211; <a href=\"http:\/\/www.spe.org\/\" target=\"_blank\" rel=\"noopener noreferrer\">Society of Petroleum Engineers.<\/a><\/p>\n<p>Realizado desde 2002, o evento \u00e9 considerado um dos maiores eventos acad\u00eamicos do pa\u00eds na \u00e1rea de Petr\u00f3leo. O ENGEP tem car\u00e1ter t\u00e9cnico-cient\u00edfico e re\u00fane cientistas, estudantes e profissionais da \u00e1rea em confer\u00eancias, palestras, minicursos e outras atividades nas instala\u00e7\u00f5es do LENEP, em Maca\u00e9\/RJ. Tradicionalmente, o evento tem como foco apresentar \u00e0s comunidades acad\u00eamicas e ao setor produtivo os mais recentes avan\u00e7os, tend\u00eancias tecnol\u00f3gicas e linhas de pesquisa da \u00e1rea de explora\u00e7\u00e3o e petr\u00f3leo no mundo.<\/p>\n<p style=\"text-align: justify\"><strong>Objetivos:<\/strong><\/p>\n<ul style=\"text-align: justify\">\n<li>O objetivo do ENGEP \u00e9 transmitir conhecimento e os mais recentes avan\u00e7os da ind\u00fastria do petr\u00f3leo a <strong>todos os membros acad\u00eamicos e profissionais da \u00e1rea.<\/strong><\/li>\n<li>Promover um estreitamento do la\u00e7o entre universidade e ind\u00fastria.<\/li>\n<li>Estimular a forma\u00e7\u00e3o de Recursos Humanos capacitados para trabalhar no Setor Petrol\u00edfero.<\/li>\n<li>Oportunidade do desenvolvimento de habilidades gerenciais e de relacionamento corporativo para os organizadores.<\/li>\n<\/ul>\n<h2 style=\"text-align: center\"><\/h2>\n","protected":false},"excerpt":{"rendered":"<p>&nbsp; O ENGEP &#8211; Encontro de Engenharia de Explora\u00e7\u00e3o e Produ\u00e7\u00e3o de Petr\u00f3leo, \u00e9 um evento acad\u00eamico anual organizado por&#8230;<\/p>\n","protected":false},"author":10,"featured_media":0,"parent":887,"menu_order":2,"comment_status":"open","ping_status":"closed","template":"","meta":{"footnotes":""},"class_list":["post-893","page","type-page","status-publish","hentry"],"_links":{"self":[{"href":"https:\/\/uenf.br\/cct\/lenep\/wp-json\/wp\/v2\/pages\/893","targetHints":{"allow":["GET"]}}],"collection":[{"href":"https:\/\/uenf.br\/cct\/lenep\/wp-json\/wp\/v2\/pages"}],"about":[{"href":"https:\/\/uenf.br\/cct\/lenep\/wp-json\/wp\/v2\/types\/page"}],"author":[{"embeddable":true,"href":"https:\/\/uenf.br\/cct\/lenep\/wp-json\/wp\/v2\/users\/10"}],"replies":[{"embeddable":true,"href":"https:\/\/uenf.br\/cct\/lenep\/wp-json\/wp\/v2\/comments?post=893"}],"version-history":[{"count":0,"href":"https:\/\/uenf.br\/cct\/lenep\/wp-json\/wp\/v2\/pages\/893\/revisions"}],"up":[{"embeddable":true,"href":"https:\/\/uenf.br\/cct\/lenep\/wp-json\/wp\/v2\/pages\/887"}],"wp:attachment":[{"href":"https:\/\/uenf.br\/cct\/lenep\/wp-json\/wp\/v2\/media?parent=893"}],"curies":[{"name":"wp","href":"https:\/\/api.w.org\/{rel}","templated":true}]}}