{"id":2,"date":"2010-09-14T19:09:43","date_gmt":"2010-09-14T19:09:43","guid":{"rendered":"http:\/\/uenf.br\/ccta\/biblioteca\/?page_id=2"},"modified":"2012-07-16T14:52:17","modified_gmt":"2012-07-16T14:52:17","slug":"apresentacao","status":"publish","type":"page","link":"https:\/\/uenf.br\/ccta\/biblioteca\/","title":{"rendered":"Apresenta\u00e7\u00e3o"},"content":{"rendered":"<p style=\"text-align: left;\">A Biblioteca\u00a0do Centro de Ci\u00eancias e Tecnologias Agropecu\u00e1rias (CCTA) vem desenvolvendo as suas atividades desde 1994, em paralelo ao ano de funda\u00e7\u00e3o da pr\u00f3pria\u00a0 UENF. Inicialmente era a \u00fanica biblioteca da Universidade.<\/p>\n<p style=\"text-align: left;\">Seu nome foi dado em homenagem ao Prof. Joachim Friedrich Wilhelm von B\u00fclow (1931-1994), um dos primeiros professores engajados na equipe de implanta\u00e7\u00e3o do projeto da UENF, pela sua dedica\u00e7\u00e3o e profundo envolvimento com os trabalhos de implanta\u00e7\u00e3o do CCTA, tendo inclusive doado toda a sua biblioteca particular para a Biblioteca do CCTA.<\/p>\n<p style=\"text-align: left;\">Seus principais objetivos s\u00e3o: coordenar as atividades de informa\u00e7\u00e3o bibliogr\u00e1fica no CCTA; atender ao corpo docente, discente, t\u00e9cnico e administrativo da UENF, podendo ainda ser utilizada pela comunidade em geral,\u00a0para consulta local; servir de apoio ao ensino, pesquisa e extens\u00e3o, fornecendo informa\u00e7\u00f5es aos usu\u00e1rios atrav\u00e9s da aquisi\u00e7\u00e3o, processamento t\u00e9cnico, armazenamento, recupera\u00e7\u00e3o e dissemina\u00e7\u00e3o do acervo, na \u00e1rea de ci\u00eancias agr\u00e1rias.<\/p>\n<p style=\"text-align: left;\">Como setor fundamental para a realiza\u00e7\u00e3o das atividades did\u00e1ticas e de pesquisas, a Biblioteca do CCTA vem procurando ao longo do tempo oferecer \u00e0 sua comunidade melhoria cont\u00ednua na presta\u00e7\u00e3o de servi\u00e7os de informa\u00e7\u00e3o que, certamente, refletir\u00e1 na qualidade do ensino e das pesquisas desenvolvidas no CCTA.<\/p>\n","protected":false},"excerpt":{"rendered":"<p>A Biblioteca\u00a0do Centro de Ci\u00eancias e Tecnologias Agropecu\u00e1rias (CCTA) vem desenvolvendo as suas atividades desde 1994, em paralelo ao ano&#8230;<\/p>\n","protected":false},"author":2,"featured_media":0,"parent":0,"menu_order":0,"comment_status":"closed","ping_status":"open","template":"","meta":{"footnotes":""},"class_list":["post-2","page","type-page","status-publish","hentry"],"_links":{"self":[{"href":"https:\/\/uenf.br\/ccta\/biblioteca\/wp-json\/wp\/v2\/pages\/2","targetHints":{"allow":["GET"]}}],"collection":[{"href":"https:\/\/uenf.br\/ccta\/biblioteca\/wp-json\/wp\/v2\/pages"}],"about":[{"href":"https:\/\/uenf.br\/ccta\/biblioteca\/wp-json\/wp\/v2\/types\/page"}],"author":[{"embeddable":true,"href":"https:\/\/uenf.br\/ccta\/biblioteca\/wp-json\/wp\/v2\/users\/2"}],"replies":[{"embeddable":true,"href":"https:\/\/uenf.br\/ccta\/biblioteca\/wp-json\/wp\/v2\/comments?post=2"}],"version-history":[{"count":0,"href":"https:\/\/uenf.br\/ccta\/biblioteca\/wp-json\/wp\/v2\/pages\/2\/revisions"}],"wp:attachment":[{"href":"https:\/\/uenf.br\/ccta\/biblioteca\/wp-json\/wp\/v2\/media?parent=2"}],"curies":[{"name":"wp","href":"https:\/\/api.w.org\/{rel}","templated":true}]}}