{"id":23,"date":"2012-07-20T12:20:46","date_gmt":"2012-07-20T12:20:46","guid":{"rendered":"http:\/\/uenf.br\/ccta\/biblioteca\/?page_id=23"},"modified":"2012-07-20T13:14:13","modified_gmt":"2012-07-20T13:14:13","slug":"ficha-catalografica","status":"publish","type":"page","link":"https:\/\/uenf.br\/ccta\/biblioteca\/ficha-catalografica\/","title":{"rendered":"Ficha Catalogr\u00e1fica"},"content":{"rendered":"<p><span style=\"color: #000000;\">Esse servi\u00e7o destina-se exclusivamente para\u00a0os trabalhos de conclus\u00e3o de curso,\u00a0disserta\u00e7\u00f5es\u00a0e teses geradas no <strong>CCTA<\/strong>. Os alunos dever\u00e3o solicitar a elabora\u00e7\u00e3o da ficha catalogr\u00e1fica\u00a0por email <a href=\"mailto:bibccta@uenf.br\"><span style=\"color: #003300;\">bibccta@uenf.br<\/span><\/a>\u00a0ou na bibioteca, preenchendo formul\u00e1rio pr\u00f3prio, dispon\u00edvel para download e anexando a folha de rosto e resumo em portugu\u00eas.<\/span><\/p>\n<p>&nbsp;<\/p>\n<p><a href=\"http:\/\/uenf.br\/ccta\/biblioteca\/files\/2012\/07\/Formulariofc1.doc\">Formul\u00e1rio ficha catalogr\u00e1fica<\/a>\u00a0<\/p>\n<p><span style=\"font-family: Arial, Helvetica, sans-serif; color: #000000; font-size: small;\"><br \/>\n<\/span><\/p>\n","protected":false},"excerpt":{"rendered":"<p>Esse servi\u00e7o destina-se exclusivamente para\u00a0os trabalhos de conclus\u00e3o de curso,\u00a0disserta\u00e7\u00f5es\u00a0e teses geradas no CCTA. Os alunos dever\u00e3o solicitar a elabora\u00e7\u00e3o&#8230;<\/p>\n","protected":false},"author":2,"featured_media":0,"parent":0,"menu_order":1,"comment_status":"closed","ping_status":"open","template":"","meta":{"footnotes":""},"class_list":["post-23","page","type-page","status-publish","hentry"],"_links":{"self":[{"href":"https:\/\/uenf.br\/ccta\/biblioteca\/wp-json\/wp\/v2\/pages\/23","targetHints":{"allow":["GET"]}}],"collection":[{"href":"https:\/\/uenf.br\/ccta\/biblioteca\/wp-json\/wp\/v2\/pages"}],"about":[{"href":"https:\/\/uenf.br\/ccta\/biblioteca\/wp-json\/wp\/v2\/types\/page"}],"author":[{"embeddable":true,"href":"https:\/\/uenf.br\/ccta\/biblioteca\/wp-json\/wp\/v2\/users\/2"}],"replies":[{"embeddable":true,"href":"https:\/\/uenf.br\/ccta\/biblioteca\/wp-json\/wp\/v2\/comments?post=23"}],"version-history":[{"count":0,"href":"https:\/\/uenf.br\/ccta\/biblioteca\/wp-json\/wp\/v2\/pages\/23\/revisions"}],"wp:attachment":[{"href":"https:\/\/uenf.br\/ccta\/biblioteca\/wp-json\/wp\/v2\/media?parent=23"}],"curies":[{"name":"wp","href":"https:\/\/api.w.org\/{rel}","templated":true}]}}