{"id":119,"date":"2016-10-20T11:48:36","date_gmt":"2016-10-20T13:48:36","guid":{"rendered":"http:\/\/uenf.br\/ccta\/cooex\/?page_id=119"},"modified":"2016-11-04T15:10:54","modified_gmt":"2016-11-04T17:10:54","slug":"laboratorio-de-entomologia-e-fitopatologia","status":"publish","type":"page","link":"https:\/\/uenf.br\/ccta\/cooex\/acoes-extensionistas\/projetos-por-laboratorio\/laboratorio-de-entomologia-e-fitopatologia\/","title":{"rendered":"Laborat\u00f3rio de Entomologia e Fitopatologia"},"content":{"rendered":"<ul>\n<li><a href=\"https:\/\/uenf.br\/ccta\/cooex\/acoes-extensionistas\/projetos-por-laboratorio\/laboratorio-de-entomologia-e-fitopatologia\/clinica-fitossanitaria-da-uenf\/\">Cl\u00ednica Fitossanit\u00e1ria da UENF<\/a><\/li>\n<li><a href=\"https:\/\/uenf.br\/ccta\/cooex\/monitoramento-controle-biologico-e-acoes-educacionais-para-a-reducao-da-populacao-do-mosquito-aedes-aegypti-vetor-de-dengue-chikungunya-e-zika-uma-parceria-entre-a-uenf-nucleo-de-controle-de-zoon\/\">Monitoramento, controle biol\u00f3gico e a\u00e7\u00f5es educacionais para a redu\u00e7\u00e3o da popula\u00e7\u00e3o do mosquito <em>Aedes aegypti<\/em>, vetor de dengue, <em>chikungunya<\/em>\u00a0e zika: Uma parceria entre a UENF, N\u00facleo de Controle de Zoonoses e Moradores de S\u00e3o Jo\u00e3o da Barra \u2013 RJ<\/a><\/li>\n<li><a href=\"https:\/\/uenf.br\/ccta\/cooex\/sauva-preta-uma-formiga-ameacada-de-extincao-e-sua-interacao-divulgacao-cientifica-e-educacao-ambiental\/\">Sa\u00fava-preta uma formiga amea\u00e7ada de extin\u00e7\u00e3o e sua intera\u00e7\u00e3o: divulga\u00e7\u00e3o cient\u00edfica e educa\u00e7\u00e3o ambiental.<\/a><\/li>\n<\/ul>\n","protected":false},"excerpt":{"rendered":"<p>Cl\u00ednica Fitossanit\u00e1ria da UENF Monitoramento, controle biol\u00f3gico e a\u00e7\u00f5es educacionais para a redu\u00e7\u00e3o da popula\u00e7\u00e3o do mosquito Aedes aegypti, vetor&#8230;<\/p>\n","protected":false},"author":20,"featured_media":0,"parent":14,"menu_order":1,"comment_status":"closed","ping_status":"closed","template":"","meta":{"footnotes":""},"class_list":["post-119","page","type-page","status-publish","hentry"],"_links":{"self":[{"href":"https:\/\/uenf.br\/ccta\/cooex\/wp-json\/wp\/v2\/pages\/119","targetHints":{"allow":["GET"]}}],"collection":[{"href":"https:\/\/uenf.br\/ccta\/cooex\/wp-json\/wp\/v2\/pages"}],"about":[{"href":"https:\/\/uenf.br\/ccta\/cooex\/wp-json\/wp\/v2\/types\/page"}],"author":[{"embeddable":true,"href":"https:\/\/uenf.br\/ccta\/cooex\/wp-json\/wp\/v2\/users\/20"}],"replies":[{"embeddable":true,"href":"https:\/\/uenf.br\/ccta\/cooex\/wp-json\/wp\/v2\/comments?post=119"}],"version-history":[{"count":0,"href":"https:\/\/uenf.br\/ccta\/cooex\/wp-json\/wp\/v2\/pages\/119\/revisions"}],"up":[{"embeddable":true,"href":"https:\/\/uenf.br\/ccta\/cooex\/wp-json\/wp\/v2\/pages\/14"}],"wp:attachment":[{"href":"https:\/\/uenf.br\/ccta\/cooex\/wp-json\/wp\/v2\/media?parent=119"}],"curies":[{"name":"wp","href":"https:\/\/api.w.org\/{rel}","templated":true}]}}