{"id":123,"date":"2016-10-20T11:53:38","date_gmt":"2016-10-20T13:53:38","guid":{"rendered":"http:\/\/uenf.br\/ccta\/cooex\/?page_id=123"},"modified":"2016-11-04T15:27:30","modified_gmt":"2016-11-04T17:27:30","slug":"laboratorio-de-reproducao-e-melhoramento-genetico-animal","status":"publish","type":"page","link":"https:\/\/uenf.br\/ccta\/cooex\/acoes-extensionistas\/projetos-por-laboratorio\/laboratorio-de-reproducao-e-melhoramento-genetico-animal\/","title":{"rendered":"Laborat\u00f3rio de Reprodu\u00e7\u00e3o e Melhoramento Gen\u00e9tico Animal"},"content":{"rendered":"<ul>\n<li><a href=\"https:\/\/uenf.br\/ccta\/cooex\/curso-pratico-pedagogico-de-manejo-da-reproducao-de-equinos-para-atuacao-de-proprietarios-e-funcionarios-sem-a-assistencia-ou-dando-suporte-a-assistencia-de-medico-veterinario-em-criatorios-da-regiao\/\">Curso pr\u00e1tico-pedag\u00f3gico de Manejo da Reprodu\u00e7\u00e3o de Equinos para atua\u00e7\u00e3o de propriet\u00e1rios e funcion\u00e1rios sem a assist\u00eancia ou dando suporte a assist\u00eancia de M\u00e9dico Veterin\u00e1rio em criat\u00f3rios da regi\u00e3o de Campos dos Goytacazes.<\/a><\/li>\n<li><a href=\"https:\/\/uenf.br\/ccta\/cooex\/acoes-extensionistas\/projetos-por-laboratorio\/laboratorio-de-reproducao-e-melhoramento-genetico-animal\/trabalhando-os-conceitos-de-bem-estar-animal-guarda-responsavel-e-zoonoses-para-criancasadolescentes-e-professores-do-ensino-fundamental-na-educacao-em-saude-publica\/\">Trabalhando os conceitos de bem-estar animal, guarda respons\u00e1vel e zoonoses para crian\u00e7as\/adolescentes e professores do ensino fundamental na educa\u00e7\u00e3o em sa\u00fade p\u00fablica.<\/a><\/li>\n<\/ul>\n","protected":false},"excerpt":{"rendered":"<p>Curso pr\u00e1tico-pedag\u00f3gico de Manejo da Reprodu\u00e7\u00e3o de Equinos para atua\u00e7\u00e3o de propriet\u00e1rios e funcion\u00e1rios sem a assist\u00eancia ou dando suporte&#8230;<\/p>\n","protected":false},"author":20,"featured_media":0,"parent":14,"menu_order":0,"comment_status":"closed","ping_status":"closed","template":"","meta":{"footnotes":""},"class_list":["post-123","page","type-page","status-publish","hentry"],"_links":{"self":[{"href":"https:\/\/uenf.br\/ccta\/cooex\/wp-json\/wp\/v2\/pages\/123","targetHints":{"allow":["GET"]}}],"collection":[{"href":"https:\/\/uenf.br\/ccta\/cooex\/wp-json\/wp\/v2\/pages"}],"about":[{"href":"https:\/\/uenf.br\/ccta\/cooex\/wp-json\/wp\/v2\/types\/page"}],"author":[{"embeddable":true,"href":"https:\/\/uenf.br\/ccta\/cooex\/wp-json\/wp\/v2\/users\/20"}],"replies":[{"embeddable":true,"href":"https:\/\/uenf.br\/ccta\/cooex\/wp-json\/wp\/v2\/comments?post=123"}],"version-history":[{"count":0,"href":"https:\/\/uenf.br\/ccta\/cooex\/wp-json\/wp\/v2\/pages\/123\/revisions"}],"up":[{"embeddable":true,"href":"https:\/\/uenf.br\/ccta\/cooex\/wp-json\/wp\/v2\/pages\/14"}],"wp:attachment":[{"href":"https:\/\/uenf.br\/ccta\/cooex\/wp-json\/wp\/v2\/media?parent=123"}],"curies":[{"name":"wp","href":"https:\/\/api.w.org\/{rel}","templated":true}]}}