{"id":137,"date":"2016-10-20T15:26:42","date_gmt":"2016-10-20T17:26:42","guid":{"rendered":"http:\/\/uenf.br\/ccta\/cooex\/?page_id=137"},"modified":"2016-11-04T15:17:27","modified_gmt":"2016-11-04T17:17:27","slug":"sauva-preta-uma-formiga-ameacada-de-extincao-e-sua-interacao-divulgacao-cientifica-e-educacao-ambiental","status":"publish","type":"page","link":"https:\/\/uenf.br\/ccta\/cooex\/acoes-extensionistas\/projetos-por-laboratorio\/laboratorio-de-entomologia-e-fitopatologia\/sauva-preta-uma-formiga-ameacada-de-extincao-e-sua-interacao-divulgacao-cientifica-e-educacao-ambiental\/","title":{"rendered":"Sa\u00fava-preta uma formiga amea\u00e7ada de extin\u00e7\u00e3o e sua intera\u00e7\u00e3o: divulga\u00e7\u00e3o cient\u00edfica e educa\u00e7\u00e3o ambiental."},"content":{"rendered":"<p><strong>Coordenadora: <\/strong>Prof\u00aa Ana Maria Viana-Bailez<\/p>\n<p><strong>Colaborador: <\/strong>Prof. Omar Eduardo Bailez<\/p>\n<p><strong>Colaboradora: <\/strong>Fab\u00edola Bonicenha Endringer<\/p>\n<p style=\"text-align: justify\">Formigas cortadeiras s\u00e3o insetos de grande impacto ecol\u00f3gico e econ\u00f4mico devido \u00e0 sua atividade de cortar grande quantidade de material vegetal. No ecossistema de restinga, encontra-se a esp\u00e9cie <em>Atta robusta<\/em> ou sa\u00fava-preta que \u00e9 end\u00eamica das restingas do Rio de Janeiro e Esp\u00edrito Santo e est\u00e1 na lista Nacional das Esp\u00e9cies da Fauna Brasileira Amea\u00e7adas de Extin\u00e7\u00e3o. <em>A. robusta<\/em> interage com grande variedade de plantas da restinga, o que pode levar essa esp\u00e9cie ser um elemento potencial no biomonitoramento desses ecossistemas. Essa formiga desempenha um papel importante na din\u00e2mica desse ecossistema, pois dispersa sementes o que contribui para a manuten\u00e7\u00e3o da diversidade de plantas na restinga. Conhecendo tais aspectos, o presente projeto busca difundir para a popula\u00e7\u00e3o a import\u00e2ncia da preserva\u00e7\u00e3o da sa\u00fava-preta. Esse projeto tem por objetivo dar continuidade atividades de divulga\u00e7\u00e3o em escolas atrav\u00e9s da confec\u00e7\u00e3o de materiais did\u00e1ticos como folders, folhetos e v\u00eddeos de divulga\u00e7\u00e3o cient\u00edfica sobre a preserva\u00e7\u00e3o do ecossistema de restinga e da formiga cortadeira <em>A. robusta<\/em>. Al\u00e9m disso, apresentar\u00a0nesse material alguns resultados de pesquisas do mestrado e doutorado com essa esp\u00e9cie de formiga. Espera-se como resultado a conscientiza\u00e7\u00e3o da popula\u00e7\u00e3o local da necessidade de desenvolver estrat\u00e9gias destinadas a uma melhor gest\u00e3o e conserva\u00e7\u00e3o das \u00e1reas de restinga.<\/p>\n<p><strong>P\u00fablico-Alvo<\/strong>: alunos do ensino m\u00e9dio e fundamental II.<\/p>\n","protected":false},"excerpt":{"rendered":"<p>Coordenadora: Prof\u00aa Ana Maria Viana-Bailez Colaborador: Prof. Omar Eduardo Bailez Colaboradora: Fab\u00edola Bonicenha Endringer Formigas cortadeiras s\u00e3o insetos de grande&#8230;<\/p>\n","protected":false},"author":20,"featured_media":0,"parent":119,"menu_order":3,"comment_status":"closed","ping_status":"closed","template":"","meta":{"footnotes":""},"class_list":["post-137","page","type-page","status-publish","hentry"],"_links":{"self":[{"href":"https:\/\/uenf.br\/ccta\/cooex\/wp-json\/wp\/v2\/pages\/137","targetHints":{"allow":["GET"]}}],"collection":[{"href":"https:\/\/uenf.br\/ccta\/cooex\/wp-json\/wp\/v2\/pages"}],"about":[{"href":"https:\/\/uenf.br\/ccta\/cooex\/wp-json\/wp\/v2\/types\/page"}],"author":[{"embeddable":true,"href":"https:\/\/uenf.br\/ccta\/cooex\/wp-json\/wp\/v2\/users\/20"}],"replies":[{"embeddable":true,"href":"https:\/\/uenf.br\/ccta\/cooex\/wp-json\/wp\/v2\/comments?post=137"}],"version-history":[{"count":0,"href":"https:\/\/uenf.br\/ccta\/cooex\/wp-json\/wp\/v2\/pages\/137\/revisions"}],"up":[{"embeddable":true,"href":"https:\/\/uenf.br\/ccta\/cooex\/wp-json\/wp\/v2\/pages\/119"}],"wp:attachment":[{"href":"https:\/\/uenf.br\/ccta\/cooex\/wp-json\/wp\/v2\/media?parent=137"}],"curies":[{"name":"wp","href":"https:\/\/api.w.org\/{rel}","templated":true}]}}