{"id":14,"date":"2016-10-11T09:33:31","date_gmt":"2016-10-11T12:33:31","guid":{"rendered":"http:\/\/uenf.br\/ccta\/cooex\/?page_id=14"},"modified":"2016-11-04T14:48:06","modified_gmt":"2016-11-04T16:48:06","slug":"projetos-por-laboratorio","status":"publish","type":"page","link":"https:\/\/uenf.br\/ccta\/cooex\/acoes-extensionistas\/projetos-por-laboratorio\/","title":{"rendered":"Projetos por laborat\u00f3rio"},"content":{"rendered":"<ul>\n<li><a href=\"https:\/\/uenf.br\/ccta\/cooex\/acoes-extensionistas\/projetos-por-laboratorio\/laboratorio-de-clinica-e-cirurgia-animal\/\">Laborat\u00f3rio de Cl\u00ednica e Cirurgia Animal\u00a0&#8211; LCCA<\/a><\/li>\n<li><a href=\"https:\/\/uenf.br\/ccta\/cooex\/acoes-extensionistas\/projetos-por-laboratorio\/laboratorio-de-engenharia-agricola-leag\/\">Laborat\u00f3rio de Engenharia Agr\u00edcola &#8211; LEAG<\/a><\/li>\n<li><a href=\"https:\/\/uenf.br\/ccta\/cooex\/acoes-extensionistas\/projetos-por-laboratorio\/laboratorio-de-entomologia-e-fitopatologia\/\">Laborat\u00f3rio de Entomologia e Fitopatologia\u00a0&#8211; LEF<\/a><\/li>\n<li><a href=\"https:\/\/uenf.br\/ccta\/cooex\/acoes-extensionistas\/projetos-por-laboratorio\/laboratorio-de-fitotecnia\/\">Laborat\u00f3rio de Fitotecnia\u00a0&#8211; LFIT<\/a><\/li>\n<li><a href=\"https:\/\/uenf.br\/ccta\/cooex\/acoes-extensionistas\/projetos-por-laboratorio\/laboratorio-de-morfologia-e-patologia-animal\/\">Laborat\u00f3rio de Morfologia e Patologia Animal\u00a0&#8211; LMPA<\/a><\/li>\n<li><a href=\"https:\/\/uenf.br\/ccta\/cooex\/acoes-extensionistas\/projetos-por-laboratorio\/laboratorio-de-reproducao-e-melhoramento-genetico-animal\/\">Laborat\u00f3rio de Reprodu\u00e7\u00e3o e Melhoramento Gen\u00e9tico Animal\u00a0&#8211; LRMGA<\/a><\/li>\n<li><a href=\"https:\/\/uenf.br\/ccta\/cooex\/acoes-extensionistas\/projetos-por-laboratorio\/laboratorio-de-sanidade-animal-lsa\/\">Laborat\u00f3rio de Sanidade Animal &#8211; LSA<\/a><\/li>\n<li><a href=\"https:\/\/uenf.br\/ccta\/cooex\/laboratorio-de-solos-lsol\/\">Laborat\u00f3rio de Solos &#8211; LSOL<\/a><\/li>\n<li><a href=\"https:\/\/uenf.br\/ccta\/cooex\/laboratorio-de-tecnologia-de-alimentos-lta\/\">Laborat\u00f3rio de Tecnologia de Alimentos &#8211; LTA<\/a><\/li>\n<li><a href=\"https:\/\/uenf.br\/ccta\/cooex\/acoes-extensionistas\/projetos-por-laboratorio\/laboratorio-de-zootecnia\/\">Laborat\u00f3rio de Zootecnia &#8211; LZO<\/a><\/li>\n<\/ul>\n<p>&nbsp;<\/p>\n<p>&nbsp;<\/p>\n","protected":false},"excerpt":{"rendered":"<p>Laborat\u00f3rio de Cl\u00ednica e Cirurgia Animal\u00a0&#8211; LCCA Laborat\u00f3rio de Engenharia Agr\u00edcola &#8211; LEAG Laborat\u00f3rio de Entomologia e Fitopatologia\u00a0&#8211; LEF Laborat\u00f3rio&#8230;<\/p>\n","protected":false},"author":20,"featured_media":0,"parent":12,"menu_order":1,"comment_status":"closed","ping_status":"closed","template":"","meta":{"footnotes":""},"class_list":["post-14","page","type-page","status-publish","hentry"],"_links":{"self":[{"href":"https:\/\/uenf.br\/ccta\/cooex\/wp-json\/wp\/v2\/pages\/14","targetHints":{"allow":["GET"]}}],"collection":[{"href":"https:\/\/uenf.br\/ccta\/cooex\/wp-json\/wp\/v2\/pages"}],"about":[{"href":"https:\/\/uenf.br\/ccta\/cooex\/wp-json\/wp\/v2\/types\/page"}],"author":[{"embeddable":true,"href":"https:\/\/uenf.br\/ccta\/cooex\/wp-json\/wp\/v2\/users\/20"}],"replies":[{"embeddable":true,"href":"https:\/\/uenf.br\/ccta\/cooex\/wp-json\/wp\/v2\/comments?post=14"}],"version-history":[{"count":0,"href":"https:\/\/uenf.br\/ccta\/cooex\/wp-json\/wp\/v2\/pages\/14\/revisions"}],"up":[{"embeddable":true,"href":"https:\/\/uenf.br\/ccta\/cooex\/wp-json\/wp\/v2\/pages\/12"}],"wp:attachment":[{"href":"https:\/\/uenf.br\/ccta\/cooex\/wp-json\/wp\/v2\/media?parent=14"}],"curies":[{"name":"wp","href":"https:\/\/api.w.org\/{rel}","templated":true}]}}