{"id":140,"date":"2016-10-20T15:33:50","date_gmt":"2016-10-20T17:33:50","guid":{"rendered":"http:\/\/uenf.br\/ccta\/cooex\/?page_id=140"},"modified":"2016-11-04T15:15:25","modified_gmt":"2016-11-04T17:15:25","slug":"monitoramento-controle-biologico-e-acoes-educacionais-para-a-reducao-da-populacao-do-mosquito-aedes-aegypti-vetor-de-dengue-chikungunya-e-zika-uma-parceria-entre-a-uenf-nucleo-de-controle-de-zoon","status":"publish","type":"page","link":"https:\/\/uenf.br\/ccta\/cooex\/acoes-extensionistas\/projetos-por-laboratorio\/laboratorio-de-entomologia-e-fitopatologia\/monitoramento-controle-biologico-e-acoes-educacionais-para-a-reducao-da-populacao-do-mosquito-aedes-aegypti-vetor-de-dengue-chikungunya-e-zika-uma-parceria-entre-a-uenf-nucleo-de-controle-de-zoon\/","title":{"rendered":"Monitoramento, controle biol\u00f3gico e a\u00e7\u00f5es educacionais para a redu\u00e7\u00e3o da popula\u00e7\u00e3o do mosquito Aedes aegypti, vetor de dengue, chikungunya e zika: Uma parceria entre a UENF, N\u00facleo de Controle de Zoonoses e Moradores de S\u00e3o Jo\u00e3o da Barra \u2013 RJ"},"content":{"rendered":"<p style=\"text-align: justify\"><strong>Coordenador: <\/strong>Prof.<strong>\u00a0<\/strong>Richard Ian Samuels<\/p>\n<p style=\"text-align: justify\">O mosquito <em>Aedes aegypti<\/em> \u00e9 o principal vetor da dengue, chikungunya e zika v\u00edrus. No Brasil at\u00e9 outubro de 2015 foram registrados 1.485.397 casos de dengue e 5.280 casos de chikungunya. Apesar de precisar de comprova\u00e7\u00e3o cient\u00edfica, recentemente foram relacionados v\u00e1rios casos de rec\u00e9m-nascidos com microencefalite no Nordeste com o fato das gestantes estarem infectadas com zika v\u00edrus. N\u00e3o existe vacina contra dengue, chikungunya e zika. A resist\u00eancia de <em>A. aegypti<\/em> a inseticidas qu\u00edmicos sint\u00e9ticos tem sido registrada. Fato que tem favorecido a busca por novas alternativas para o controle do vetor. O fungo entomopatog\u00eanico <em>Metarhizium anisopliae <\/em>foi promissor contra uma gama de mosquitos vetores de doen\u00e7as<em>. <\/em>Mas nenhum trabalho no mundo foi realizado visando controlar a popula\u00e7\u00e3o de <em>A. aegypti<\/em> utilizando fungo no campo. O presente trabalho ser\u00e1 uma sequ\u00eancia de estudos realizados, com aprova\u00e7\u00e3o da PROEX-UENF, desde 2008 at\u00e9 dias atuais em S\u00e3o Jo\u00e3o da Barra \u2013 RJ (SJB). O objetivo ser\u00e1 avaliar se as resid\u00eancias com uma armadilha letal feita de garrafa PET com pano preto impregnado com <em>M. anisopliae<\/em>, altamente virulento contra mosquitos, ter\u00e3o menor taxa de ovos e adultos de <em>A. aegypti<\/em> (em ovitrampas e BG-Sentinel, respectivamente) comprados com as mesmas avalia\u00e7\u00f5es em resid\u00eancias controles. Pela primeira vez ser\u00e1 avaliado se pano preto + fungo + atraente sint\u00e9tico aumentar\u00e1 infec\u00e7\u00e3o dos mosquitos o que ser\u00e1 mostrado na redu\u00e7\u00e3o dos ovos e adultos. \u00a0Mensalmente ser\u00e3o confeccionados informativos para serem distribu\u00eddos nas resid\u00eancias e palestras em escolas divulgando os resultados e instruindo a popula\u00e7\u00e3o sobre medidas preventivas contra o vetor. Resultados preliminares j\u00e1 foram avaliados. De janeiro a setembro de 2015 um total de 196.116 ovos de <em>A. agypti<\/em> foi coletado de 30 resid\u00eancias. Foi avaliado que as resid\u00eancias tratadas com o fungo tiveram menor taxa de ovos (42,2%) de <em>A. aegypti<\/em>, comparado com controle (57,7%). A associa\u00e7\u00e3o do atraente sint\u00e9tico ao fungo provavelmente aumentar\u00e1 as taxas de infec\u00e7\u00e3o e morte dos mosquitos. Continuamos contando com a colabora\u00e7\u00e3o do N\u00facleo de Controle de Zoonoses (NCZ) de SJB, intermediando o contato com os moradores. O projeto tem rela\u00e7\u00e3o inequ\u00edvoca com o ensino e pesquisa.<\/p>\n<p><strong>P\u00fablico-Alvo:\u00a0<\/strong>Moradores de S\u00e3o Jo\u00e3o da Barra &#8211; RJ.<\/p>\n","protected":false},"excerpt":{"rendered":"<p>Coordenador: Prof.\u00a0Richard Ian Samuels O mosquito Aedes aegypti \u00e9 o principal vetor da dengue, chikungunya e zika v\u00edrus. No Brasil&#8230;<\/p>\n","protected":false},"author":20,"featured_media":0,"parent":119,"menu_order":2,"comment_status":"closed","ping_status":"closed","template":"","meta":{"footnotes":""},"class_list":["post-140","page","type-page","status-publish","hentry"],"_links":{"self":[{"href":"https:\/\/uenf.br\/ccta\/cooex\/wp-json\/wp\/v2\/pages\/140","targetHints":{"allow":["GET"]}}],"collection":[{"href":"https:\/\/uenf.br\/ccta\/cooex\/wp-json\/wp\/v2\/pages"}],"about":[{"href":"https:\/\/uenf.br\/ccta\/cooex\/wp-json\/wp\/v2\/types\/page"}],"author":[{"embeddable":true,"href":"https:\/\/uenf.br\/ccta\/cooex\/wp-json\/wp\/v2\/users\/20"}],"replies":[{"embeddable":true,"href":"https:\/\/uenf.br\/ccta\/cooex\/wp-json\/wp\/v2\/comments?post=140"}],"version-history":[{"count":0,"href":"https:\/\/uenf.br\/ccta\/cooex\/wp-json\/wp\/v2\/pages\/140\/revisions"}],"up":[{"embeddable":true,"href":"https:\/\/uenf.br\/ccta\/cooex\/wp-json\/wp\/v2\/pages\/119"}],"wp:attachment":[{"href":"https:\/\/uenf.br\/ccta\/cooex\/wp-json\/wp\/v2\/media?parent=140"}],"curies":[{"name":"wp","href":"https:\/\/api.w.org\/{rel}","templated":true}]}}