{"id":146,"date":"2016-10-20T15:51:09","date_gmt":"2016-10-20T17:51:09","guid":{"rendered":"http:\/\/uenf.br\/ccta\/cooex\/?page_id=146"},"modified":"2016-11-04T16:01:17","modified_gmt":"2016-11-04T18:01:17","slug":"trabalhando-os-conceitos-de-bem-estar-animal-guarda-responsavel-e-zoonoses-para-criancasadolescentes-e-professores-do-ensino-fundamental-na-educacao-em-saude-publica","status":"publish","type":"page","link":"https:\/\/uenf.br\/ccta\/cooex\/acoes-extensionistas\/projetos-por-laboratorio\/laboratorio-de-reproducao-e-melhoramento-genetico-animal\/trabalhando-os-conceitos-de-bem-estar-animal-guarda-responsavel-e-zoonoses-para-criancasadolescentes-e-professores-do-ensino-fundamental-na-educacao-em-saude-publica\/","title":{"rendered":"Trabalhando os conceitos de bem-estar animal, guarda respons\u00e1vel e zoonoses para crian\u00e7as\/adolescentes e professores do ensino fundamental na educa\u00e7\u00e3o em sa\u00fade p\u00fablica."},"content":{"rendered":"<p><strong><a href=\"https:\/\/uenf.br\/ccta\/cooex\/files\/2016\/10\/Censa-1.jpg\"><img loading=\"lazy\" decoding=\"async\" class=\"alignleft  wp-image-477\" src=\"https:\/\/uenf.br\/ccta\/cooex\/files\/2016\/10\/Censa-1.jpg\" alt=\"censa-1\" width=\"302\" height=\"170\" \/><\/a><a href=\"https:\/\/uenf.br\/ccta\/cooex\/files\/2016\/10\/unnamed-3.jpg\"><br \/>\n<img loading=\"lazy\" decoding=\"async\" class=\"alignleft  wp-image-479\" src=\"https:\/\/uenf.br\/ccta\/cooex\/files\/2016\/10\/unnamed-3.jpg\" alt=\"unnamed\" width=\"290\" height=\"217\" \/><\/a>Coordenadora<\/strong>: Prof\u00aa Rosemary Bastos<\/p>\n<p style=\"text-align: justify\"><a href=\"https:\/\/uenf.br\/ccta\/cooex\/files\/2016\/10\/proejto1.jpg\"><img loading=\"lazy\" decoding=\"async\" class=\"alignleft wp-image-462\" src=\"https:\/\/uenf.br\/ccta\/cooex\/files\/2016\/10\/proejto1.jpg\" alt=\"proejto1\" width=\"337\" height=\"210\" \/><\/a>Atividades educativas visando melhorias na sa\u00fade p\u00fablica, que abordem temas como bem-estar animal, guarda respons\u00e1vel e zoonoses podem \u00a0promover \u00e0 comunidade transforma\u00e7\u00f5es de comportamentos sociais. Dentro deste contexto, \u00e9 importante salientar que o presente projeto vem de encontro com estas preocupa\u00e7\u00f5es, pois o mesmo iniciou-se em 2007, tendo participa\u00e7\u00e3o at\u00e9 o presente momento de 2.872 crian\u00e7as\/adolescentes e 139 \u00a0professores do ensino fundamental. Desta forma, o projeto tem como principais objetivos dar continuidade a inser\u00e7\u00e3o do conceito de bem-estar animal e incluir os temas sobre a guarda respons\u00e1vel e as zoonoses para as crian\u00e7as\/adolescentes e professores nas escolas p\u00fablicas e particulares com o objetivo de promover uma extens\u00e3o direta sobre toda a popula\u00e7\u00e3o local.\u00a0As\u00a0\u00a0seguintes atividades s\u00e3o propostas: 1) apresenta\u00e7\u00e3o de palestras e v\u00eddeo educativo para crian\u00e7as\/adolescentes com idade de 8 a 12 anos; 2) aplica\u00e7\u00e3o de question\u00e1rio sobre os conceitos de bem-estar animal, guarda respons\u00e1vel e zoonoses para crian\u00e7as\/adolescentes de 8 a 12 anos; 3) distribui\u00e7\u00e3o de folder sobre os temas abordados para crian\u00e7as\/adolescentes de 8 a 12 anos; 4) distribui\u00e7\u00e3o de informativo para os\u00a0professores do ensino fundamental sobre os temas abordados.\u00a0Espera-se como resultados deste projeto a dissemina\u00e7\u00e3o dos conceitos de bem-estar animal e guarda respons\u00e1vel, al\u00e9m do esclarecimento sobre as principais zoonoses que podem ser transmitidas mostrando, portanto uma nova vis\u00e3o na \u00e1rea da sa\u00fade p\u00fablica; um aumento do v\u00ednculo crian\u00e7a\/adolescente-animal e diminui\u00e7\u00e3o do abandono de animais; verifica\u00e7\u00e3o do grau de aprendizado sobre os temas abordados, para analisar o impacto que o projeto obteve juntamente a estas escolas e a capacita\u00e7\u00e3o de multiplicadores no tema proposto promovendo uma extens\u00e3o direta sobre toda a popula\u00e7\u00e3o local.<\/p>\n<p>P\u00fablico-alvo: crian\u00e7as\/adolescentes e professores do ensino fundamental<\/p>\n<p>&nbsp;<\/p>\n<p>&nbsp;<\/p>\n<p><a href=\"https:\/\/uenf.br\/ccta\/cooex\/files\/2016\/10\/foto1-1.jpg\"><img loading=\"lazy\" decoding=\"async\" class=\"alignleft wp-image-474\" src=\"https:\/\/uenf.br\/ccta\/cooex\/files\/2016\/10\/foto1-1.jpg\" alt=\"foto1\" width=\"258\" height=\"194\" \/><\/a><\/p>\n<p><a href=\"https:\/\/uenf.br\/ccta\/cooex\/files\/2016\/10\/projeto4.jpg\"><img loading=\"lazy\" decoding=\"async\" class=\"wp-image-465 alignright\" src=\"https:\/\/uenf.br\/ccta\/cooex\/files\/2016\/10\/projeto4.jpg\" alt=\"projeto4\" width=\"279\" height=\"193\" \/><\/a><\/p>\n","protected":false},"excerpt":{"rendered":"<p>Coordenadora: Prof\u00aa Rosemary Bastos Atividades educativas visando melhorias na sa\u00fade p\u00fablica, que abordem temas como bem-estar animal, guarda respons\u00e1vel e&#8230;<\/p>\n","protected":false},"author":20,"featured_media":0,"parent":123,"menu_order":0,"comment_status":"closed","ping_status":"closed","template":"","meta":{"footnotes":""},"class_list":["post-146","page","type-page","status-publish","hentry"],"_links":{"self":[{"href":"https:\/\/uenf.br\/ccta\/cooex\/wp-json\/wp\/v2\/pages\/146","targetHints":{"allow":["GET"]}}],"collection":[{"href":"https:\/\/uenf.br\/ccta\/cooex\/wp-json\/wp\/v2\/pages"}],"about":[{"href":"https:\/\/uenf.br\/ccta\/cooex\/wp-json\/wp\/v2\/types\/page"}],"author":[{"embeddable":true,"href":"https:\/\/uenf.br\/ccta\/cooex\/wp-json\/wp\/v2\/users\/20"}],"replies":[{"embeddable":true,"href":"https:\/\/uenf.br\/ccta\/cooex\/wp-json\/wp\/v2\/comments?post=146"}],"version-history":[{"count":0,"href":"https:\/\/uenf.br\/ccta\/cooex\/wp-json\/wp\/v2\/pages\/146\/revisions"}],"up":[{"embeddable":true,"href":"https:\/\/uenf.br\/ccta\/cooex\/wp-json\/wp\/v2\/pages\/123"}],"wp:attachment":[{"href":"https:\/\/uenf.br\/ccta\/cooex\/wp-json\/wp\/v2\/media?parent=146"}],"curies":[{"name":"wp","href":"https:\/\/api.w.org\/{rel}","templated":true}]}}