{"id":154,"date":"2016-10-20T16:00:50","date_gmt":"2016-10-20T18:00:50","guid":{"rendered":"http:\/\/uenf.br\/ccta\/cooex\/?page_id=154"},"modified":"2016-11-04T15:53:02","modified_gmt":"2016-11-04T17:53:02","slug":"laboratorio-de-fitotecnia","status":"publish","type":"page","link":"https:\/\/uenf.br\/ccta\/cooex\/acoes-extensionistas\/projetos-por-laboratorio\/laboratorio-de-fitotecnia\/","title":{"rendered":"Laborat\u00f3rio de Fitotecnia"},"content":{"rendered":"<ul>\n<li><a href=\"https:\/\/uenf.br\/ccta\/cooex\/diagnostico-da-cadeia-produtiva-e-ensaio-de-competicao-entre-variedades-de-mandioca-de-interesse-economico-para-o-norte-e-noroeste-fluminense\/\">Diagn\u00f3stico da cadeia produtiva e ensaio de competi\u00e7\u00e3o entre variedades de mandioca de interesse econ\u00f4mico para o Norte e Noroeste Fluminense.<\/a><\/li>\n<li><a href=\"https:\/\/uenf.br\/ccta\/cooex\/entendendo-as-plantas-da-familia-orchidaceae-conhecer-para-preservar-e-produzir-com-sustentabilidade-ano-viii\/\">Entendendo as plantas da fam\u00edlia Orchidaceae: conhecer para preservar e produzir com sustentabilidade \u2013 Ano VIII.<\/a><\/li>\n<li><a href=\"https:\/\/uenf.br\/ccta\/cooex\/acoes-extensionistas\/projetos-por-laboratorio\/laboratorio-de-fitotecnia\/farmacia-viva-comunitaria-alternativa-na-promocao-e-recuperacao-da-saude-da-comunidade-do-municipio-de-sao-joao-da-barra\/\">Farm\u00e1cia viva comunit\u00e1ria \u2013 Alternativa na promo\u00e7\u00e3o e recupera\u00e7\u00e3o da sa\u00fade da comunidade do Munic\u00edpio de S\u00e3o Jo\u00e3o da Barra.<\/a><\/li>\n<li><a href=\"https:\/\/uenf.br\/ccta\/cooex\/acoes-extensionistas\/projetos-por-laboratorio\/laboratorio-de-fitotecnia\/genero-e-geracao-de-renda-no-meio-rural-cultivo-de-hortalicas-como-alternativa-agroeconomica-para-mulheres-do-meio-rural-da-regiao-norte-do-estado-do-rio-de-janeiro\/\">G\u00eanero e gera\u00e7\u00e3o de renda no meio rural: cultivo de hortali\u00e7as como alternativa agroecon\u00f4mica para mulheres do meio rural da regi\u00e3o norte do estado do Rio de Janeiro<\/a>.<\/li>\n<li><a href=\"https:\/\/uenf.br\/ccta\/cooex\/acoes-extensionistas\/projetos-por-laboratorio\/laboratorio-de-fitotecnia\/tecnologias-de-base-ecologica-para-a-agricultura-familiar-no-norte-fluminense\/\">Tecnologias de Base Ecol\u00f3gica para a Agricultura Familiar no Norte Fluminense.<\/a><\/li>\n<\/ul>\n<p>&nbsp;<\/p>\n<p>&nbsp;<\/p>\n","protected":false},"excerpt":{"rendered":"<p>Diagn\u00f3stico da cadeia produtiva e ensaio de competi\u00e7\u00e3o entre variedades de mandioca de interesse econ\u00f4mico para o Norte e Noroeste&#8230;<\/p>\n","protected":false},"author":20,"featured_media":0,"parent":14,"menu_order":0,"comment_status":"closed","ping_status":"closed","template":"","meta":{"footnotes":""},"class_list":["post-154","page","type-page","status-publish","hentry"],"_links":{"self":[{"href":"https:\/\/uenf.br\/ccta\/cooex\/wp-json\/wp\/v2\/pages\/154","targetHints":{"allow":["GET"]}}],"collection":[{"href":"https:\/\/uenf.br\/ccta\/cooex\/wp-json\/wp\/v2\/pages"}],"about":[{"href":"https:\/\/uenf.br\/ccta\/cooex\/wp-json\/wp\/v2\/types\/page"}],"author":[{"embeddable":true,"href":"https:\/\/uenf.br\/ccta\/cooex\/wp-json\/wp\/v2\/users\/20"}],"replies":[{"embeddable":true,"href":"https:\/\/uenf.br\/ccta\/cooex\/wp-json\/wp\/v2\/comments?post=154"}],"version-history":[{"count":0,"href":"https:\/\/uenf.br\/ccta\/cooex\/wp-json\/wp\/v2\/pages\/154\/revisions"}],"up":[{"embeddable":true,"href":"https:\/\/uenf.br\/ccta\/cooex\/wp-json\/wp\/v2\/pages\/14"}],"wp:attachment":[{"href":"https:\/\/uenf.br\/ccta\/cooex\/wp-json\/wp\/v2\/media?parent=154"}],"curies":[{"name":"wp","href":"https:\/\/api.w.org\/{rel}","templated":true}]}}