{"id":156,"date":"2016-10-20T16:01:06","date_gmt":"2016-10-20T18:01:06","guid":{"rendered":"http:\/\/uenf.br\/ccta\/cooex\/?page_id=156"},"modified":"2016-10-21T17:03:52","modified_gmt":"2016-10-21T19:03:52","slug":"genero-e-geracao-de-renda-no-meio-rural-cultivo-de-hortalicas-como-alternativa-agroeconomica-para-mulheres-do-meio-rural-da-regiao-norte-do-estado-do-rio-de-janeiro","status":"publish","type":"page","link":"https:\/\/uenf.br\/ccta\/cooex\/acoes-extensionistas\/projetos-por-laboratorio\/laboratorio-de-fitotecnia\/genero-e-geracao-de-renda-no-meio-rural-cultivo-de-hortalicas-como-alternativa-agroeconomica-para-mulheres-do-meio-rural-da-regiao-norte-do-estado-do-rio-de-janeiro\/","title":{"rendered":"G\u00eanero e gera\u00e7\u00e3o de renda no meio rural: cultivo de hortali\u00e7as como alternativa agroecon\u00f4mica para mulheres do meio rural da regi\u00e3o norte do estado do Rio de Janeiro"},"content":{"rendered":"<p><strong>Coordenadora: <\/strong>Prof<sup>a <\/sup>Cl\u00e1udia Lopes Prins<\/p>\n<p style=\"text-align: justify\">A regi\u00e3o Norte do estado do Rio de Janeiro vem passando por transforma\u00e7\u00f5es econ\u00f4micas e sociais que se refletem, sobretudo, no setor agr\u00edcola. O aumento consider\u00e1vel da popula\u00e7\u00e3o e o aumento do poder aquisitivo associado \u00e0 necessidade de novas alternativas de produ\u00e7\u00e3o para o meio rural leva \u00e0 necessidade de diversifica\u00e7\u00e3o da produ\u00e7\u00e3o. O n\u00famero de assentamentos rurais na regi\u00e3o cresceu e tem como principal caracter\u00edstica a pequena propriedade com produ\u00e7\u00e3o familiar. Nesse contexto destacam-se as mulheres com seu papel preponderante no cultivo para consumo familiar. Ao mesmo tempo estas mulheres necessitam maior inser\u00e7\u00e3o no mercado como forma de conquista de autonomia. Este projeto tem como proposta difundir entre mulheres de assentamentos da regi\u00e3o boas pr\u00e1ticas de produ\u00e7\u00e3o agr\u00edcola e estimula \u00e0 produ\u00e7\u00e3o de hortali\u00e7as condimentares. Inicialmente ser\u00e1 realizado levantamento da produ\u00e7\u00e3o de hortali\u00e7as na regi\u00e3o e em uma segunda etapa ser\u00e3o realizadas palestras e demonstra\u00e7\u00f5es de boas pr\u00e1ticas de conserva\u00e7\u00e3o de recursos e reaproveitamento de res\u00edduos para produ\u00e7\u00e3o dessas culturas.<\/p>\n<p style=\"text-align: justify\">P\u00fablico-alvo: mulheres de assentamentos rurais da regi\u00e3o Norte do Rio de Janeiro<\/p>\n<p>&nbsp;<\/p>\n","protected":false},"excerpt":{"rendered":"<p>Coordenadora: Profa Cl\u00e1udia Lopes Prins A regi\u00e3o Norte do estado do Rio de Janeiro vem passando por transforma\u00e7\u00f5es econ\u00f4micas e&#8230;<\/p>\n","protected":false},"author":20,"featured_media":0,"parent":154,"menu_order":0,"comment_status":"closed","ping_status":"closed","template":"","meta":{"footnotes":""},"class_list":["post-156","page","type-page","status-publish","hentry"],"_links":{"self":[{"href":"https:\/\/uenf.br\/ccta\/cooex\/wp-json\/wp\/v2\/pages\/156","targetHints":{"allow":["GET"]}}],"collection":[{"href":"https:\/\/uenf.br\/ccta\/cooex\/wp-json\/wp\/v2\/pages"}],"about":[{"href":"https:\/\/uenf.br\/ccta\/cooex\/wp-json\/wp\/v2\/types\/page"}],"author":[{"embeddable":true,"href":"https:\/\/uenf.br\/ccta\/cooex\/wp-json\/wp\/v2\/users\/20"}],"replies":[{"embeddable":true,"href":"https:\/\/uenf.br\/ccta\/cooex\/wp-json\/wp\/v2\/comments?post=156"}],"version-history":[{"count":0,"href":"https:\/\/uenf.br\/ccta\/cooex\/wp-json\/wp\/v2\/pages\/156\/revisions"}],"up":[{"embeddable":true,"href":"https:\/\/uenf.br\/ccta\/cooex\/wp-json\/wp\/v2\/pages\/154"}],"wp:attachment":[{"href":"https:\/\/uenf.br\/ccta\/cooex\/wp-json\/wp\/v2\/media?parent=156"}],"curies":[{"name":"wp","href":"https:\/\/api.w.org\/{rel}","templated":true}]}}