{"id":184,"date":"2016-10-20T17:29:36","date_gmt":"2016-10-20T19:29:36","guid":{"rendered":"http:\/\/uenf.br\/ccta\/cooex\/?page_id=184"},"modified":"2016-10-21T17:04:46","modified_gmt":"2016-10-21T19:04:46","slug":"tecnologias-de-base-ecologica-para-a-agricultura-familiar-no-norte-fluminense","status":"publish","type":"page","link":"https:\/\/uenf.br\/ccta\/cooex\/acoes-extensionistas\/projetos-por-laboratorio\/laboratorio-de-fitotecnia\/tecnologias-de-base-ecologica-para-a-agricultura-familiar-no-norte-fluminense\/","title":{"rendered":"Tecnologias de Base Ecol\u00f3gica para a Agricultura Familiar no Norte Fluminense."},"content":{"rendered":"<p style=\"text-align: justify\"><strong>Coordenador:<\/strong> Prof.\u00a0F\u00e1bio Cunha Coelho<\/p>\n<p style=\"text-align: justify\">O agravamento da situa\u00e7\u00e3o ambiental no mundo tem colocado em risco a vida do planeta, o que obriga toda a sociedade a adotar novas formas de comportamento, que n\u00e3o sejam nocivos ao meio ambiente ou que amenizem os preju\u00edzos provocados em diversas \u00e1reas. A agricultura familiar \u00e9 o setor que ocupa a maior parte da m\u00e3o-de-obra no campo, servindo para assegurar a perman\u00eancia da fam\u00edlia neste setor. Atualmente, s\u00e3o poucos os trabalhos multidisciplinares que analisam as dificuldades, e t\u00e9cnicas desenvolvidas em propriedades familiares que buscam a produ\u00e7\u00e3o agroecol\u00f3gica. Dentro deste contexto, de uma maneira geral, os agricultores (as) familiares encontram-se desprovidos de acesso a alternativas tecnol\u00f3gicas adaptadas a sua realidade. Este projeto tem por objetivo central difundir, incentivar e promover a agroecologia na Regi\u00e3o Norte Fluminense. Ser\u00e3o realizadas as seguintes a\u00e7\u00f5es em sua metodologia: 1. Unidade de ensino, pesquisa e extens\u00e3o em agroecologia na \u00e1rea do Solar dos Jesu\u00edtas (Tocos, Campos dos Goytacazes), o Solar possui uma \u00e1rea adjacente de aproximadamente 10 hectares, que \u00e9 utilizada para o desenvolvimento de tecnologias e pr\u00e1ticas extensionistas, voltadas \u00e0 agricultura org\u00e2nica, bem como \u00e1rea demonstrativa e cursos. 2. Comercializa\u00e7\u00e3o de produtos da agricultura: Al\u00e9m de assist\u00eancia t\u00e9cnica ser\u00e3o realizadas reuni\u00f5es para auxiliar na organiza\u00e7\u00e3o dos passos rumo \u00e0 comercializa\u00e7\u00e3o dos excedentes produzidos nas propriedades org\u00e2nicas. Continuaremos a apoiar a Feirinha que ocorre na UENF, todas as ter\u00e7as-feiras no P5, no espa\u00e7o Agroecol\u00f3gico C\u00edcero Guedes dos Santos. 3. A\u00e7\u00f5es ESPECIAIS &#8211; Forma\u00e7\u00e3o em Agroecologia: 3.1. Ser\u00e3o realizados Cursos de AGROECOLOGIA para agricultores. 3.1.1. E ser\u00e3o fornecidos cursos para agricultores sobre as diversas t\u00e9cnicas de cultivo em agricultura org\u00e2nica: compostagem; produ\u00e7\u00e3o agroecol\u00f3gica de milho, cana e feij\u00e3o, forma\u00e7\u00e3o de pomar org\u00e2nico, cria\u00e7\u00e3o org\u00e2nica de galinhas e cria\u00e7\u00e3o org\u00e2nica de carneiros; Haver\u00e1 forte apelo interdisciplinar, quebrando-se paradigmas ainda vigentes como a setoriza\u00e7\u00e3o dos saberes. As linhas de pesquisa se interligar\u00e3o, ao contr\u00e1rio do que se v\u00ea nos cursos tradicionais. Ocorrer\u00e3o pesquisas participativas com valida\u00e7\u00e3o nas \u00e1reas dos agricultores. Representantes dos agricultores participar\u00e3o das reuni\u00f5es de coordena\u00e7\u00e3o do curso a fim de propor temas geradores e situa\u00e7\u00f5es problema para as pesquisas em agricultura org\u00e2nica \/ agroecologia. Espera-se como resultados que por parte dos agricultores (as) envolvidos no projeto continue havendo amplia\u00e7\u00e3o de conhecimentos em agricultura agroecol\u00f3gica, com conseq\u00fcente melhoria da qualidade de vida no campo, diminui\u00e7\u00e3o do impacto ambiental a caminho da sustentabilidade. Al\u00e9m disto, espera-se maior acesso aos alimentos b\u00e1sicos, em quantidade suficiente nos assentamentos; maior preserva\u00e7\u00e3o do meio ambiente e recursos naturais; maior produ\u00e7\u00e3o de alimentos de melhor\u00a0qualidade biol\u00f3gica sem contamina\u00e7\u00e3o por agrot\u00f3xicos que contribuam para melhoria das condi\u00e7\u00f5es de sa\u00fade da popula\u00e7\u00e3o do campo e da cidade.<\/p>\n<p>P\u00fablico-Alvo: Agricultores familiares.<\/p>\n","protected":false},"excerpt":{"rendered":"<p>Coordenador: Prof.\u00a0F\u00e1bio Cunha Coelho O agravamento da situa\u00e7\u00e3o ambiental no mundo tem colocado em risco a vida do planeta, o&#8230;<\/p>\n","protected":false},"author":20,"featured_media":0,"parent":154,"menu_order":0,"comment_status":"closed","ping_status":"closed","template":"","meta":{"footnotes":""},"class_list":["post-184","page","type-page","status-publish","hentry"],"_links":{"self":[{"href":"https:\/\/uenf.br\/ccta\/cooex\/wp-json\/wp\/v2\/pages\/184","targetHints":{"allow":["GET"]}}],"collection":[{"href":"https:\/\/uenf.br\/ccta\/cooex\/wp-json\/wp\/v2\/pages"}],"about":[{"href":"https:\/\/uenf.br\/ccta\/cooex\/wp-json\/wp\/v2\/types\/page"}],"author":[{"embeddable":true,"href":"https:\/\/uenf.br\/ccta\/cooex\/wp-json\/wp\/v2\/users\/20"}],"replies":[{"embeddable":true,"href":"https:\/\/uenf.br\/ccta\/cooex\/wp-json\/wp\/v2\/comments?post=184"}],"version-history":[{"count":0,"href":"https:\/\/uenf.br\/ccta\/cooex\/wp-json\/wp\/v2\/pages\/184\/revisions"}],"up":[{"embeddable":true,"href":"https:\/\/uenf.br\/ccta\/cooex\/wp-json\/wp\/v2\/pages\/154"}],"wp:attachment":[{"href":"https:\/\/uenf.br\/ccta\/cooex\/wp-json\/wp\/v2\/media?parent=184"}],"curies":[{"name":"wp","href":"https:\/\/api.w.org\/{rel}","templated":true}]}}