{"id":190,"date":"2016-10-20T17:35:29","date_gmt":"2016-10-20T19:35:29","guid":{"rendered":"http:\/\/uenf.br\/ccta\/cooex\/?page_id=190"},"modified":"2016-10-21T17:12:19","modified_gmt":"2016-10-21T19:12:19","slug":"entendendo-as-plantas-da-familia-orchidaceae-conhecer-para-preservar-e-produzir-com-sustentabilidade-ano-viii","status":"publish","type":"page","link":"https:\/\/uenf.br\/ccta\/cooex\/acoes-extensionistas\/projetos-por-laboratorio\/laboratorio-de-fitotecnia\/entendendo-as-plantas-da-familia-orchidaceae-conhecer-para-preservar-e-produzir-com-sustentabilidade-ano-viii\/","title":{"rendered":"Entendendo as plantas da fam\u00edlia Orchidaceae: conhecer para preservar e produzir com sustentabilidade \u2013 Ano VIII"},"content":{"rendered":"<p><strong>Coordenadora:<\/strong> Prof\u00aa Virginia Silva Carvalho<\/p>\n<p style=\"text-align: justify\">O presente projeto tem duas linhas de a\u00e7\u00e3o principais: uma voltada para a educa\u00e7\u00e3o e qualifica\u00e7\u00e3o de m\u00e3o de obra e outra voltada para o desenvolvimento de novas tecnologias. Para preservar \u00e9 preciso conhecer as plantas da fam\u00edlia Orchidaceae. Assim sendo, est\u00e3o sendo ministrados, desde novembro de 2008, cursos mensais a orquid\u00f3filos, produtores e demais interessados no cultivo de orqu\u00eddeas com o objetivo de conscientiz\u00e1-los da import\u00e2ncia da preserva\u00e7\u00e3o das plantas em seus habitats e da aquisi\u00e7\u00e3o apenas de plantas provenientes de orquid\u00e1rios comerciais id\u00f4neos, evitando o com\u00e9rcio clandestino feito por mateiros. Esses cursos t\u00eam ainda o objetivo de capacitar os produtores nas t\u00e9cnicas de cultivo e na produ\u00e7\u00e3o comercial. A cada m\u00eas ser\u00e1 abordado um tema diferente e ser\u00e3o convidados palestrantes de outras universidades e institui\u00e7\u00f5es de pesquisa. Al\u00e9m disso, foi elaborada uma apostila t\u00e9cnica envolvendo os principais t\u00f3picos j\u00e1 abordados ao longo dos mais de cinco anos de cursos j\u00e1 ministrados e uma nova edi\u00e7\u00e3o ser\u00e1 lan\u00e7ada em 2016.<\/p>\n<p style=\"text-align: justify\">Outra linha de a\u00e7\u00e3o, que tamb\u00e9m j\u00e1 se encontra em andamento desde 2008, \u00e9 o aprimoramento das t\u00e9cnicas de propaga\u00e7\u00e3o semin\u00edfera <em>in vitro<\/em> no Setor de Horticultura do Laborat\u00f3rio de Fitotecnia. Est\u00e3o sendo desenvolvidos e aperfei\u00e7oados protocolos para a multiplica\u00e7\u00e3o semin\u00edfera <em>in vitro<\/em> de orqu\u00eddeas de interesse, visando \u00e0 produ\u00e7\u00e3o em grande escala na biof\u00e1brica do Viveiro Itamudas em Bom Jesus de Itabapoana. Muitos experimentos envolvendo o emprego de diferentes concentra\u00e7\u00f5es de sais minerais no meio de cultura, a substitui\u00e7\u00e3o do agar como agente solidificante do meio de cultura por diferentes tipos e concentra\u00e7\u00f5es de amido e a substitui\u00e7\u00e3o da esteriliza\u00e7\u00e3o f\u00edsica (autoclave) pela esteriliza\u00e7\u00e3o qu\u00edmica j\u00e1 foram publicados e outros encontram-se em andamento. Novos protocolos j\u00e1 foram implementados na biof\u00e1brica pelos bolsistas de extens\u00e3o. As plantas produzidas na biof\u00e1brica est\u00e3o sendo distribu\u00eddas aos produtores associados da AOVI (Associa\u00e7\u00e3o Orquid\u00f3fila Vale do Itabapoana) que far\u00e3o o cultivo at\u00e9 a comercializa\u00e7\u00e3o.<\/p>\n<p style=\"text-align: justify\">Em fevereiro de 2014, foi defendida a primeira disserta\u00e7\u00e3o envolvendo o emprego de casas de vegeta\u00e7\u00e3o em substitui\u00e7\u00e3o \u00e0s salas de cultivo com grande redu\u00e7\u00e3o nos custos de produ\u00e7\u00e3o e sem preju\u00edzo para o crescimento das pl\u00e2ntulas de orqu\u00eddeas.\u00a0 Novos trabalhos envolvendo a redu\u00e7\u00e3o de custos ser\u00e3o desenvolvidos e implementados no decorrer do ano de 2016.<\/p>\n<p style=\"text-align: justify\">Al\u00e9m disso, em 2014 foi iniciada a etapa de criopreserva\u00e7\u00e3o de sementes de orqu\u00eddeas para futura implementa\u00e7\u00e3o de um banco de germoplasma de esp\u00e9cies amea\u00e7adas de extin\u00e7\u00e3o.<\/p>\n<p style=\"text-align: justify\">Em 2015, em um conv\u00eanio com a Fundenor, os bolsistas deste projeto iniciaram uma presta\u00e7\u00e3o de servi\u00e7os \u00e0 comunidade, germinando sementes de orqu\u00eddeas <em>in vitro<\/em>. Estas mudas j\u00e1 aclimatizadas est\u00e3o sendo distribu\u00eddas e os recursos arrecadados est\u00e3o sendo reinvestidos no laborat\u00f3rio. Em 2016 ser\u00e1 dada continuidade a essa parceria, que foi aprovada pelo Laborat\u00f3rio de Fitotecnia, pelo CONCEN e pela Ag\u00eancia de Inova\u00e7\u00e3o da UENF.<\/p>\n<p style=\"text-align: justify\">Os bolsistas de extens\u00e3o acompanhar\u00e3o os cursos como monitores e participar\u00e3o ativamente no processo de desenvolvimento dos novos protocolos de propaga\u00e7\u00e3o semin\u00edfera <em>in vitro<\/em> visando a redu\u00e7\u00e3o dos custos de produ\u00e7\u00e3o dessas mudas e de criopreserva\u00e7\u00e3o visando a conserva\u00e7\u00e3o de esp\u00e9cies amea\u00e7adas de extin\u00e7\u00e3o e tamb\u00e9m continuar\u00e3o realizando a germina\u00e7\u00e3o <em>in vitro<\/em> e a aclimatiza\u00e7\u00e3o de mudas de orqu\u00eddeas para atender a demanda da comunidade.<\/p>\n<p style=\"text-align: justify\">P\u00fablico-alvo: floricultores da regi\u00e3o norte e noroeste fluminense e demais interessados no cultivo de orqu\u00eddeas.<\/p>\n<p>Fotos do projeto de extens\u00e3o na feira da ro\u00e7a.<\/p>\n<p><a href=\"https:\/\/uenf.br\/ccta\/cooex\/files\/2016\/10\/unnamed-2.jpg\"><img loading=\"lazy\" decoding=\"async\" class=\"alignleft wp-image-197\" src=\"https:\/\/uenf.br\/ccta\/cooex\/files\/2016\/10\/unnamed-2.jpg\" alt=\"unnamed-2\" width=\"331\" height=\"186\" \/><\/a><\/p>\n<p><a href=\"https:\/\/uenf.br\/ccta\/cooex\/files\/2016\/10\/unnamed-1.jpg\"><img loading=\"lazy\" decoding=\"async\" class=\"alignleft wp-image-196\" src=\"https:\/\/uenf.br\/ccta\/cooex\/files\/2016\/10\/unnamed-1.jpg\" alt=\"unnamed-1\" width=\"332\" height=\"187\" \/><\/a><\/p>\n<p>&nbsp;<\/p>\n<p>&nbsp;<\/p>\n<p>&nbsp;<\/p>\n<p>&nbsp;<\/p>\n<p><a href=\"https:\/\/uenf.br\/ccta\/cooex\/files\/2016\/10\/unnamed.jpg\"><img loading=\"lazy\" decoding=\"async\" class=\"wp-image-198 aligncenter\" src=\"https:\/\/uenf.br\/ccta\/cooex\/files\/2016\/10\/unnamed.jpg\" alt=\"unnamed\" width=\"309\" height=\"174\" \/><\/a><\/p>\n<p>&nbsp;<\/p>\n<p>&nbsp;<\/p>\n","protected":false},"excerpt":{"rendered":"<p>Coordenadora: Prof\u00aa Virginia Silva Carvalho O presente projeto tem duas linhas de a\u00e7\u00e3o principais: uma voltada para a educa\u00e7\u00e3o e&#8230;<\/p>\n","protected":false},"author":20,"featured_media":0,"parent":154,"menu_order":0,"comment_status":"closed","ping_status":"closed","template":"","meta":{"footnotes":""},"class_list":["post-190","page","type-page","status-publish","hentry"],"_links":{"self":[{"href":"https:\/\/uenf.br\/ccta\/cooex\/wp-json\/wp\/v2\/pages\/190","targetHints":{"allow":["GET"]}}],"collection":[{"href":"https:\/\/uenf.br\/ccta\/cooex\/wp-json\/wp\/v2\/pages"}],"about":[{"href":"https:\/\/uenf.br\/ccta\/cooex\/wp-json\/wp\/v2\/types\/page"}],"author":[{"embeddable":true,"href":"https:\/\/uenf.br\/ccta\/cooex\/wp-json\/wp\/v2\/users\/20"}],"replies":[{"embeddable":true,"href":"https:\/\/uenf.br\/ccta\/cooex\/wp-json\/wp\/v2\/comments?post=190"}],"version-history":[{"count":0,"href":"https:\/\/uenf.br\/ccta\/cooex\/wp-json\/wp\/v2\/pages\/190\/revisions"}],"up":[{"embeddable":true,"href":"https:\/\/uenf.br\/ccta\/cooex\/wp-json\/wp\/v2\/pages\/154"}],"wp:attachment":[{"href":"https:\/\/uenf.br\/ccta\/cooex\/wp-json\/wp\/v2\/media?parent=190"}],"curies":[{"name":"wp","href":"https:\/\/api.w.org\/{rel}","templated":true}]}}