{"id":2,"date":"2016-10-04T10:23:42","date_gmt":"2016-10-04T13:23:42","guid":{"rendered":"http:\/\/uenf.br\/ccta\/coex\/?page_id=2"},"modified":"2016-11-04T16:18:26","modified_gmt":"2016-11-04T18:18:26","slug":"apresentacao","status":"publish","type":"page","link":"https:\/\/uenf.br\/ccta\/cooex\/","title":{"rendered":"Apresenta\u00e7\u00e3o"},"content":{"rendered":"<p style=\"text-align: justify\">O \u00a0CCTA tem uma participa\u00e7\u00e3o significativa na extens\u00e3o universit\u00e1ria em v\u00e1rias\u00a0\u00e1reas de conhecimento, a\u00e7\u00f5es estas\u00a0desenvolvidos por professores, alunos, t\u00e9cnicos e membros da sociedade. A Coordena\u00e7\u00e3o de Extens\u00e3o tem como principais fun\u00e7\u00f5es:\u00a0integrar\u00a0de forma construtiva todos os membros envolvidos; articular de forma positiva o ensino, a pesquisa e a extens\u00e3o; ter uma a\u00e7\u00e3o participativa no incentivo e na visibilidade dos projetos desenvolvidos no CCTA frente a UENF e a sociedade como um todo; abrir espa\u00e7os para discuss\u00f5es no sentido construtivo a todos os membros da comunidade acad\u00eamica; e incentivar a\u00e7\u00f5es para promover o desenvolvimento regional. (Prof\u00aa Rosemary Bastos)<\/p>\n<p style=\"text-align: justify\">Nosso colegiado \u00e9 constitu\u00eddo dos seguintes membros:<\/p>\n<p style=\"text-align: justify\">Coordenadora de Extens\u00e3o:<\/p>\n<p style=\"text-align: justify\">Prof\u00aa Rosemary Bastos<\/p>\n<p style=\"text-align: justify\">Laborat\u00f3rio de Reprodu\u00e7\u00e3o e Melhoramento Gen\u00e9tico Animal (LRMGA)<\/p>\n<p>Representantes:<\/p>\n<p>Prof\u00aa Ana B\u00e1rbara Freitas Rodrigues<\/p>\n<p>Laborat\u00f3rio de Morfologia e Patologia\u00a0Animal (LMPA)<\/p>\n<p>Prof\u00aa C\u00e9lia Raquel Quirino<\/p>\n<p>Laborat\u00f3rio de Reprodu\u00e7\u00e3o e Melhoramento Gen\u00e9tico Animal (LRMGA)<\/p>\n<p>Prof\u00aa Claudia Lopes Prins<\/p>\n<p>Laborat\u00f3rio de Fitotecnia (LFIT)<\/p>\n<p>Prof. Flavio Augusto Soares Gra\u00e7a<\/p>\n<p>Laborat\u00f3rio de Cl\u00ednica e Cirurgia Animal (LCCA)<\/p>\n<p>Prof. Gerson Adriano Silva<\/p>\n<p>Laborat\u00f3rio de Entomologia e Fitopatologia (LEF)<\/p>\n<p>Prof\u00aa Karla Silva Ferreira<\/p>\n<p>Laborat\u00f3rio de Tecnologia de Alimentos (LTA)<\/p>\n<p>Prof\u00aa Karoll Andrea Cordido<\/p>\n<p>Laborat\u00f3rio de Zootecnia (LZO)<\/p>\n<p style=\"text-align: justify\">Secret\u00e1rio:<\/p>\n<p style=\"text-align: justify\">Wilson Renato da Costa Freitas<\/p>\n<p style=\"text-align: justify\">Bolsista de Apoio Acad\u00eamico:<\/p>\n<p style=\"text-align: justify\">Regiane de F\u00e1tima Ferreira<\/p>\n<p style=\"text-align: justify\">\n<p style=\"text-align: justify\">\n","protected":false},"excerpt":{"rendered":"<p>O \u00a0CCTA tem uma participa\u00e7\u00e3o significativa na extens\u00e3o universit\u00e1ria em v\u00e1rias\u00a0\u00e1reas de conhecimento, a\u00e7\u00f5es estas\u00a0desenvolvidos por professores, alunos, t\u00e9cnicos e&#8230;<\/p>\n","protected":false},"author":19,"featured_media":0,"parent":0,"menu_order":1,"comment_status":"closed","ping_status":"closed","template":"","meta":{"footnotes":""},"class_list":["post-2","page","type-page","status-publish","hentry"],"_links":{"self":[{"href":"https:\/\/uenf.br\/ccta\/cooex\/wp-json\/wp\/v2\/pages\/2","targetHints":{"allow":["GET"]}}],"collection":[{"href":"https:\/\/uenf.br\/ccta\/cooex\/wp-json\/wp\/v2\/pages"}],"about":[{"href":"https:\/\/uenf.br\/ccta\/cooex\/wp-json\/wp\/v2\/types\/page"}],"author":[{"embeddable":true,"href":"https:\/\/uenf.br\/ccta\/cooex\/wp-json\/wp\/v2\/users\/19"}],"replies":[{"embeddable":true,"href":"https:\/\/uenf.br\/ccta\/cooex\/wp-json\/wp\/v2\/comments?post=2"}],"version-history":[{"count":0,"href":"https:\/\/uenf.br\/ccta\/cooex\/wp-json\/wp\/v2\/pages\/2\/revisions"}],"wp:attachment":[{"href":"https:\/\/uenf.br\/ccta\/cooex\/wp-json\/wp\/v2\/media?parent=2"}],"curies":[{"name":"wp","href":"https:\/\/api.w.org\/{rel}","templated":true}]}}