{"id":203,"date":"2016-10-21T15:20:36","date_gmt":"2016-10-21T17:20:36","guid":{"rendered":"http:\/\/uenf.br\/ccta\/cooex\/?page_id=203"},"modified":"2016-11-04T15:00:09","modified_gmt":"2016-11-04T17:00:09","slug":"laboratorio-de-clinica-e-cirurgia-animal","status":"publish","type":"page","link":"https:\/\/uenf.br\/ccta\/cooex\/acoes-extensionistas\/projetos-por-laboratorio\/laboratorio-de-clinica-e-cirurgia-animal\/","title":{"rendered":"Laborat\u00f3rio de Cl\u00ednica e Cirurgia Animal"},"content":{"rendered":"<ul>\n<li style=\"text-align: justify\"><a href=\"https:\/\/uenf.br\/ccta\/cooex\/assistencia-veterinaria-a-pequenos-produtores-de-aves-para-consumo-humano-na-regiao-norte-fluminenserj\/\">Assist\u00eancia Veterin\u00e1ria a Pequenos Produtores de Aves para Consumo Humano na Regi\u00e3o Norte Fluminense\/RJ<\/a>.<\/li>\n<li style=\"text-align: justify\"><a href=\"https:\/\/uenf.br\/ccta\/cooex\/educacao-para-posse-responsavel-de-animais-de-companhia-controle-populacional-de-animais-de-comunidades-carentes-controle-de-zoonoses-e-capacitacao-tecnica-de-profissionais-medicos-veterinarios\/\">Educa\u00e7\u00e3o para posse respons\u00e1vel de animais de companhia, controle populacional de animais de comunidades carentes, controle de zoonoses e capacita\u00e7\u00e3o t\u00e9cnica de profissionais m\u00e9dicos veterin\u00e1rios \u2013 continua\u00e7\u00e3o.<\/a><\/li>\n<li style=\"text-align: justify\"><a href=\"https:\/\/uenf.br\/ccta\/cooex\/educacao-para-posse-responsavel-de-animais-de-companhia-e-controle-de-zoonoses-controle-populacional-destes-atraves-de-campanhas-de-castracao-e-capacitacao-tecnica-de-alunos-de-graduacao\/\">Educa\u00e7\u00e3o para posse respons\u00e1vel de animais de companhia e controle de zoonoses, controle populacional destes atrav\u00e9s de campanhas de castra\u00e7\u00e3o e capacita\u00e7\u00e3o t\u00e9cnica de alunos de gradua\u00e7\u00e3o.<\/a><\/li>\n<li style=\"text-align: justify\"><a href=\"https:\/\/uenf.br\/ccta\/cooex\/acoes-extensionistas\/projetos-por-laboratorio\/laboratorio-de-clinica-e-cirurgia-animal\/medicina-veterinaria-sua-importancia-e-interacao-com-a-sedimentacao-da-saude-em-familia\/\">Medicina Veterin\u00e1ria, sua import\u00e2ncia e intera\u00e7\u00e3o com a sedimenta\u00e7\u00e3o da \u201cSa\u00fade em fam\u00edlia\u201d<\/a>.<\/li>\n<li style=\"text-align: justify\"><a href=\"https:\/\/uenf.br\/ccta\/cooex\/acoes-extensionistas\/projetos-por-laboratorio\/laboratorio-de-clinica-e-cirurgia-animal\/programa-de-controle-parasitario-em-equinos-da-mesorregiao-norte-fluminense\/\">Programa de Controle Parasit\u00e1rio em equinos da mesorregi\u00e3o Norte Fluminense.<\/a><\/li>\n<li><a href=\"https:\/\/uenf.br\/ccta\/cooex\/acoes-extensionistas\/projetos-por-laboratorio\/laboratorio-de-clinica-e-cirurgia-animal\/projeto-carroceiro-bem-estar-de-equideos-e-preocupacao-social\/\">Projeto Carroceiro: bem estar de equ\u00eddeos e preocupa\u00e7\u00e3o social.<\/a><\/li>\n<li style=\"text-align: justify\"><a href=\"https:\/\/uenf.br\/ccta\/cooex\/acoes-extensionistas\/projetos-por-laboratorio\/laboratorio-de-clinica-e-cirurgia-animal\/universidade-aberta-levantamento-das-praticas-anestesicas-e-do-controle-da-dor-nos-municipios-do-norte-fluminense-e-inquerito-regional-das-rotinas-para-suporte-em-terapia-intensiva-e-proposicao-e-tre\/\">Universidade aberta: levantamento das pr\u00e1ticas anest\u00e9sicas e do controle da dor nos munic\u00edpios do norte fluminense e inqu\u00e9rito regional das rotinas para suporte em terapia intensiva e proposi\u00e7\u00e3o e treinamento de um protocolo padr\u00e3o com a indica\u00e7\u00e3o do paracetamol associado a outros f\u00e1rmacos para o controle da dor em animais operados no hospital veterin\u00e1rio da UENF.<\/a><\/li>\n<\/ul>\n<p>&nbsp;<\/p>\n","protected":false},"excerpt":{"rendered":"<p>Assist\u00eancia Veterin\u00e1ria a Pequenos Produtores de Aves para Consumo Humano na Regi\u00e3o Norte Fluminense\/RJ. Educa\u00e7\u00e3o para posse respons\u00e1vel de animais&#8230;<\/p>\n","protected":false},"author":20,"featured_media":0,"parent":14,"menu_order":0,"comment_status":"closed","ping_status":"closed","template":"","meta":{"footnotes":""},"class_list":["post-203","page","type-page","status-publish","hentry"],"_links":{"self":[{"href":"https:\/\/uenf.br\/ccta\/cooex\/wp-json\/wp\/v2\/pages\/203","targetHints":{"allow":["GET"]}}],"collection":[{"href":"https:\/\/uenf.br\/ccta\/cooex\/wp-json\/wp\/v2\/pages"}],"about":[{"href":"https:\/\/uenf.br\/ccta\/cooex\/wp-json\/wp\/v2\/types\/page"}],"author":[{"embeddable":true,"href":"https:\/\/uenf.br\/ccta\/cooex\/wp-json\/wp\/v2\/users\/20"}],"replies":[{"embeddable":true,"href":"https:\/\/uenf.br\/ccta\/cooex\/wp-json\/wp\/v2\/comments?post=203"}],"version-history":[{"count":0,"href":"https:\/\/uenf.br\/ccta\/cooex\/wp-json\/wp\/v2\/pages\/203\/revisions"}],"up":[{"embeddable":true,"href":"https:\/\/uenf.br\/ccta\/cooex\/wp-json\/wp\/v2\/pages\/14"}],"wp:attachment":[{"href":"https:\/\/uenf.br\/ccta\/cooex\/wp-json\/wp\/v2\/media?parent=203"}],"curies":[{"name":"wp","href":"https:\/\/api.w.org\/{rel}","templated":true}]}}