{"id":205,"date":"2016-10-21T15:23:15","date_gmt":"2016-10-21T17:23:15","guid":{"rendered":"http:\/\/uenf.br\/ccta\/cooex\/?page_id=205"},"modified":"2016-10-21T17:01:20","modified_gmt":"2016-10-21T19:01:20","slug":"educacao-para-posse-responsavel-de-animais-de-companhia-controle-populacional-de-animais-de-comunidades-carentes-controle-de-zoonoses-e-capacitacao-tecnica-de-profissionais-medicos-veterinarios","status":"publish","type":"page","link":"https:\/\/uenf.br\/ccta\/cooex\/acoes-extensionistas\/projetos-por-laboratorio\/laboratorio-de-clinica-e-cirurgia-animal\/educacao-para-posse-responsavel-de-animais-de-companhia-controle-populacional-de-animais-de-comunidades-carentes-controle-de-zoonoses-e-capacitacao-tecnica-de-profissionais-medicos-veterinarios\/","title":{"rendered":"Educa\u00e7\u00e3o para posse respons\u00e1vel de animais de companhia, controle populacional de animais de comunidades carentes, controle de zoonoses e capacita\u00e7\u00e3o t\u00e9cnica de profissionais m\u00e9dicos veterin\u00e1rios \u2013 continua\u00e7\u00e3o."},"content":{"rendered":"<p style=\"text-align: justify\"><strong>Coordenador<\/strong>: Prof.\u00a0Andr\u00e9 Lacerda de Abreu Oliveira<\/p>\n<p style=\"text-align: justify\">O n\u00famero crescente de animais abandonados representa um problema social para as autoridades de sa\u00fade p\u00fablica em v\u00e1rios pa\u00edses. Este aumento est\u00e1 diretamente correlacionado ao aumento do n\u00famero de acidentes por mordedura e da transmiss\u00e3o de zoonoses. Este aumento da incid\u00eancia das zoonoses\u00a0ocorre, geralmente, sob situa\u00e7\u00f5es de \u00e1reas populacionais de baixa renda e com m\u00e1 estrutura sanit\u00e1ria. Uma das pr\u00e1ticas empregadas nesse combate tem sido a eutan\u00e1sias destes animais errantes, entretanto tem sido comprovado que esta pr\u00e1tica isolada n\u00e3o se mostra eficiente. Assim, a fim de contribuir com a redu\u00e7\u00e3o destes \u00edndices em tr\u00eas diferentes comunidades carentes (comunidades Matadouro e Portelinha, em Campos dos Goytacazes-RJ; comunidade do Campo do Coelho, em Nova Friburgo-RJ; e comunidade Vilage da Luz, em Cachoeiro de Itapemirim-ES), este projeto objetiva a implementa\u00e7\u00e3o de um conjunto de outras medidas socioeducativas e de controle de natalidade, tais como controle da reprodu\u00e7\u00e3o via esteriliza\u00e7\u00e3o, palestras sobre ado\u00e7\u00e3o e posse respons\u00e1vel, informa\u00e7\u00e3o e profilaxia de zoonoses e a capacita\u00e7\u00e3o profissional para atua\u00e7\u00e3o nestas frentes. Para sua realiza\u00e7\u00e3o, ser\u00e3o estabelecidos contatos com diferentes meios de penetra\u00e7\u00e3o nestas comunidades e discutidos com estes toda a log\u00edstica operacional necess\u00e1ria, como acesso a popula\u00e7\u00e3o, locais e datas para desenvolvimento do projeto como um todo. Acredita-se que o pleno desenvolvimento da proposta em tela possa acarretar na redu\u00e7\u00e3o do \u00edndice de abandono de animais em vias p\u00fablicas, aumento dos \u00edndices de ado\u00e7\u00e3o de animais n\u00e3o domiciliados, conscientiza\u00e7\u00e3o da comunidade carente quanto aos riscos das zoonoses e ado\u00e7\u00e3o de medidas profil\u00e1ticas e o aperfei\u00e7oamento profissional dos envolvidos.<\/p>\n<p style=\"text-align: justify\">P\u00fablico-alvo: \u00a0Comunidades carentes: Campos dos Goytacazes-RJ (Portelinha e Matadouro); M\u00e9dicos Veterin\u00e1rios e acad\u00eamicos universit\u00e1rios do estado do Rio de Janeiro.<\/p>\n","protected":false},"excerpt":{"rendered":"<p>Coordenador: Prof.\u00a0Andr\u00e9 Lacerda de Abreu Oliveira O n\u00famero crescente de animais abandonados representa um problema social para as autoridades de&#8230;<\/p>\n","protected":false},"author":20,"featured_media":0,"parent":203,"menu_order":0,"comment_status":"closed","ping_status":"closed","template":"","meta":{"footnotes":""},"class_list":["post-205","page","type-page","status-publish","hentry"],"_links":{"self":[{"href":"https:\/\/uenf.br\/ccta\/cooex\/wp-json\/wp\/v2\/pages\/205","targetHints":{"allow":["GET"]}}],"collection":[{"href":"https:\/\/uenf.br\/ccta\/cooex\/wp-json\/wp\/v2\/pages"}],"about":[{"href":"https:\/\/uenf.br\/ccta\/cooex\/wp-json\/wp\/v2\/types\/page"}],"author":[{"embeddable":true,"href":"https:\/\/uenf.br\/ccta\/cooex\/wp-json\/wp\/v2\/users\/20"}],"replies":[{"embeddable":true,"href":"https:\/\/uenf.br\/ccta\/cooex\/wp-json\/wp\/v2\/comments?post=205"}],"version-history":[{"count":0,"href":"https:\/\/uenf.br\/ccta\/cooex\/wp-json\/wp\/v2\/pages\/205\/revisions"}],"up":[{"embeddable":true,"href":"https:\/\/uenf.br\/ccta\/cooex\/wp-json\/wp\/v2\/pages\/203"}],"wp:attachment":[{"href":"https:\/\/uenf.br\/ccta\/cooex\/wp-json\/wp\/v2\/media?parent=205"}],"curies":[{"name":"wp","href":"https:\/\/api.w.org\/{rel}","templated":true}]}}