{"id":215,"date":"2016-10-21T15:33:52","date_gmt":"2016-10-21T17:33:52","guid":{"rendered":"http:\/\/uenf.br\/ccta\/cooex\/?page_id=215"},"modified":"2016-11-04T15:13:11","modified_gmt":"2016-11-04T17:13:11","slug":"medicina-veterinaria-sua-importancia-e-interacao-com-a-sedimentacao-da-saude-em-familia","status":"publish","type":"page","link":"https:\/\/uenf.br\/ccta\/cooex\/acoes-extensionistas\/projetos-por-laboratorio\/laboratorio-de-clinica-e-cirurgia-animal\/medicina-veterinaria-sua-importancia-e-interacao-com-a-sedimentacao-da-saude-em-familia\/","title":{"rendered":"Medicina Veterin\u00e1ria, sua import\u00e2ncia e intera\u00e7\u00e3o com a sedimenta\u00e7\u00e3o da \u201cSa\u00fade em fam\u00edlia\u201d"},"content":{"rendered":"<p style=\"text-align: justify\"><strong>Coordenador: <\/strong>Prof. Antonio Peixoto Albernaz<\/p>\n<p style=\"text-align: justify\">Desde que houve domestica\u00e7\u00e3o dos animais a intera\u00e7\u00e3o <strong>homem x animal dom\u00e9stico<\/strong> vem se intensificando e naturalmente gerando situa\u00e7\u00f5es onde o aspecto sanit\u00e1rio n\u00e3o pode ser esquecido, enfermidades comuns a estas esp\u00e9cies frequentemente s\u00e3o observadas e podem culminar com \u00f3bitos e em determinadas ocasi\u00f5es suscitar endemias importantes, qui\u00e7\u00e1, pandemias. O projeto visa sedimentar no\u00e7\u00f5es b\u00e1sicas de higiene e sa\u00fade, com valoriza\u00e7\u00e3o do bem estar animal, al\u00e9m de focar enfermidades que podem ser evitadas, ou mesmo, verificadas no cotidiano familiar. H\u00e1 que se pensar em aproximar a popula\u00e7\u00e3o \u00e0 UENF como tamb\u00e9m valorizar o papel do Hospital Veterin\u00e1rio no cotidiano da comunidade regional, fornecendo servi\u00e7o especializado, informa\u00e7\u00f5es t\u00e9cnico-cient\u00edficas sedimentadas e certamente aplic\u00e1veis na pr\u00e1tica. \u00c9 indubit\u00e1vel que o M\u00e9dico Veterin\u00e1rio atue como um elo important\u00edssimo entre sa\u00fade familiar e sa\u00fade animal, atualmente \u00e9 absolutamente imposs\u00edvel imaginar uma fam\u00edlia saud\u00e1vel com seu animal de estima\u00e7\u00e3o doente. O projeto tem como estrutura\u00e7\u00e3o b\u00e1sica o atendimento cl\u00ednico gratuito, realizado as ter\u00e7as-feiras e quartas-feiras no Hospital Veterin\u00e1rio da UENF, nesses dias h\u00e1 a realiza\u00e7\u00e3o de aulas pr\u00e1ticas, fortalecendo o quesito \u201censino\u201d e estimulando o \u201cpensar e atuar de forma coletiva\u201d do alunado, na ocasi\u00e3o, al\u00e9m das informa\u00e7\u00f5es pertinentes ao aspecto sanit\u00e1rio, ser\u00e1 distribu\u00eddo material informativo, haver\u00e1 participa\u00e7\u00e3o dos t\u00e9cnicos de n\u00edvel superior e dos residentes, haja vista, que tal procedimento depende da intera\u00e7\u00e3o entre tais profissionais. Ser\u00e1 coletado material biol\u00f3gico para realiza\u00e7\u00e3o de exames laboratoriais e estes tamb\u00e9m ser\u00e3o gratuitos, objetivando a complementa\u00e7\u00e3o do exame f\u00edsico realizado no paciente em quest\u00e3o. Espera-se que o atendimento cl\u00ednico e laboratorial do Hospital Veterin\u00e1rio possa atuar como fator de uni\u00e3o entre a popula\u00e7\u00e3o e a UENF, criando a partir deste v\u00ednculo, responsabilidade e integra\u00e7\u00e3o do Hospital Veterin\u00e1rio com a popula\u00e7\u00e3o de Campos dos Goytacazes, RJ.<\/p>\n<p style=\"text-align: justify\">P\u00fablico-alvo: Propriet\u00e1rios de pequenos animais dom\u00e9sticos que necessitam de atendimento cl\u00ednico e laboratorial gratuito no Hospital Veterin\u00e1rio.<\/p>\n","protected":false},"excerpt":{"rendered":"<p>Coordenador: Prof. Antonio Peixoto Albernaz Desde que houve domestica\u00e7\u00e3o dos animais a intera\u00e7\u00e3o homem x animal dom\u00e9stico vem se intensificando&#8230;<\/p>\n","protected":false},"author":20,"featured_media":0,"parent":203,"menu_order":0,"comment_status":"closed","ping_status":"closed","template":"","meta":{"footnotes":""},"class_list":["post-215","page","type-page","status-publish","hentry"],"_links":{"self":[{"href":"https:\/\/uenf.br\/ccta\/cooex\/wp-json\/wp\/v2\/pages\/215","targetHints":{"allow":["GET"]}}],"collection":[{"href":"https:\/\/uenf.br\/ccta\/cooex\/wp-json\/wp\/v2\/pages"}],"about":[{"href":"https:\/\/uenf.br\/ccta\/cooex\/wp-json\/wp\/v2\/types\/page"}],"author":[{"embeddable":true,"href":"https:\/\/uenf.br\/ccta\/cooex\/wp-json\/wp\/v2\/users\/20"}],"replies":[{"embeddable":true,"href":"https:\/\/uenf.br\/ccta\/cooex\/wp-json\/wp\/v2\/comments?post=215"}],"version-history":[{"count":0,"href":"https:\/\/uenf.br\/ccta\/cooex\/wp-json\/wp\/v2\/pages\/215\/revisions"}],"up":[{"embeddable":true,"href":"https:\/\/uenf.br\/ccta\/cooex\/wp-json\/wp\/v2\/pages\/203"}],"wp:attachment":[{"href":"https:\/\/uenf.br\/ccta\/cooex\/wp-json\/wp\/v2\/media?parent=215"}],"curies":[{"name":"wp","href":"https:\/\/api.w.org\/{rel}","templated":true}]}}