{"id":222,"date":"2016-10-21T15:44:50","date_gmt":"2016-10-21T17:44:50","guid":{"rendered":"http:\/\/uenf.br\/ccta\/cooex\/?page_id=222"},"modified":"2016-10-21T17:01:03","modified_gmt":"2016-10-21T19:01:03","slug":"educacao-para-posse-responsavel-de-animais-de-companhia-e-controle-de-zoonoses-controle-populacional-destes-atraves-de-campanhas-de-castracao-e-capacitacao-tecnica-de-alunos-de-graduacao","status":"publish","type":"page","link":"https:\/\/uenf.br\/ccta\/cooex\/acoes-extensionistas\/projetos-por-laboratorio\/laboratorio-de-clinica-e-cirurgia-animal\/educacao-para-posse-responsavel-de-animais-de-companhia-e-controle-de-zoonoses-controle-populacional-destes-atraves-de-campanhas-de-castracao-e-capacitacao-tecnica-de-alunos-de-graduacao\/","title":{"rendered":"Educa\u00e7\u00e3o para posse respons\u00e1vel de animais de companhia e controle de zoonoses, controle populacional destes atrav\u00e9s de campanhas de castra\u00e7\u00e3o e capacita\u00e7\u00e3o t\u00e9cnica de alunos de gradua\u00e7\u00e3o."},"content":{"rendered":"<p><strong>Coordenador:<\/strong>\u00a0Prof. Edmundo Jorge Ab\u00edlio<\/p>\n<p style=\"text-align: justify\">O presente projeto pretende atuar em importantes \u00e1reas da medicina veterin\u00e1ria, tas como conscientiza\u00e7\u00e3o da import\u00e2ncia da posse respons\u00e1vel, para assim diminuir o n\u00famero de animais errantes, e potentes focos de propaga\u00e7\u00e3o de zoonoses, como por exemplo, a brucelose, leishmaniose, raiva, entre outras, que podem ter os animais de rua como foco, j\u00e1 que estes n\u00e3o sofrem nenhum tipo de profilaxia, como uso de antiparasit\u00e1rios e ou uso de vacina\u00e7\u00e3o. Outro objetivo deste projeto \u00e9 realizar campanhas de castra\u00e7\u00e3o em munic\u00edpios ao entorno da nossa regi\u00e3o e na pr\u00f3pria cidade de Campos dos Goytacazes e com estas, diminuir a ocorr\u00eancia de doen\u00e7as relacionadas a fatores hormonais, como a piometra. Para a realiza\u00e7\u00e3o deste projeto os alunos bolsistas ser\u00e3o treinados a fim de serem capacitados a dar palestras sobre posse respons\u00e1vel e controle de zoonoses, e a eles ser\u00e3o disponibilizados\u00a0equipamentos a auxilio \u00e1udio visual, como computadores e data show, com a inten\u00e7\u00e3o de tornar suas palestras mais did\u00e1ticas e esclarecedoras, para a realiza\u00e7\u00e3o das campanhas de castra\u00e7\u00e3o, n\u00f3s contaremos com a ajudar de parceiros que s\u00e3o m\u00e9dicos veterin\u00e1rios j\u00e1 formados, para que estes auxiliem aos alunos da gradua\u00e7\u00e3o, que ser\u00e3o previamente treinados, nas aulas de patologia clinica cir\u00fargica que \u00e9 ministrada pelo professor coordenador deste projeto. Ap\u00f3s termos conclu\u00eddo um ciclo deste projeto, pretendemos ter como resultados a diminui\u00e7\u00e3o do \u00edndice de animais errantes nas cidades contempladas com a presen\u00e7a deste projeto, pretendemos ter esterilizados cerca de 150 animais de populares destas regi\u00f5es. Ao final deste projeto pretendemos ter esclarecido aos copulares a import\u00e2ncia da posse respons\u00e1vel e passado o conhecimento de medidas de controle de zoonoses, que s\u00e3o de fundamental import\u00e2ncia para a sa\u00fade humana e animal.<\/p>\n<p style=\"text-align: justify\">P\u00fablico-Alvo:\u00a0Comunidades:\u00a0Farol do S\u00e3o Tom\u00e9\/Campos dos Goytacazes &#8211; RJ;\u00a0Italva &#8211; RJ;\u00a0Santo Ant\u00f4nio de P\u00e1dua &#8211; RJ;\u00a0S\u00e3o Fid\u00e9lis &#8211; RJ<\/p>\n","protected":false},"excerpt":{"rendered":"<p>Coordenador:\u00a0Prof. Edmundo Jorge Ab\u00edlio O presente projeto pretende atuar em importantes \u00e1reas da medicina veterin\u00e1ria, tas como conscientiza\u00e7\u00e3o da import\u00e2ncia&#8230;<\/p>\n","protected":false},"author":20,"featured_media":0,"parent":203,"menu_order":0,"comment_status":"closed","ping_status":"closed","template":"","meta":{"footnotes":""},"class_list":["post-222","page","type-page","status-publish","hentry"],"_links":{"self":[{"href":"https:\/\/uenf.br\/ccta\/cooex\/wp-json\/wp\/v2\/pages\/222","targetHints":{"allow":["GET"]}}],"collection":[{"href":"https:\/\/uenf.br\/ccta\/cooex\/wp-json\/wp\/v2\/pages"}],"about":[{"href":"https:\/\/uenf.br\/ccta\/cooex\/wp-json\/wp\/v2\/types\/page"}],"author":[{"embeddable":true,"href":"https:\/\/uenf.br\/ccta\/cooex\/wp-json\/wp\/v2\/users\/20"}],"replies":[{"embeddable":true,"href":"https:\/\/uenf.br\/ccta\/cooex\/wp-json\/wp\/v2\/comments?post=222"}],"version-history":[{"count":0,"href":"https:\/\/uenf.br\/ccta\/cooex\/wp-json\/wp\/v2\/pages\/222\/revisions"}],"up":[{"embeddable":true,"href":"https:\/\/uenf.br\/ccta\/cooex\/wp-json\/wp\/v2\/pages\/203"}],"wp:attachment":[{"href":"https:\/\/uenf.br\/ccta\/cooex\/wp-json\/wp\/v2\/media?parent=222"}],"curies":[{"name":"wp","href":"https:\/\/api.w.org\/{rel}","templated":true}]}}