{"id":228,"date":"2016-10-21T15:51:33","date_gmt":"2016-10-21T17:51:33","guid":{"rendered":"http:\/\/uenf.br\/ccta\/cooex\/?page_id=228"},"modified":"2016-10-21T17:01:49","modified_gmt":"2016-10-21T19:01:49","slug":"programa-de-controle-parasitario-em-equinos-da-mesorregiao-norte-fluminense","status":"publish","type":"page","link":"https:\/\/uenf.br\/ccta\/cooex\/acoes-extensionistas\/projetos-por-laboratorio\/laboratorio-de-clinica-e-cirurgia-animal\/programa-de-controle-parasitario-em-equinos-da-mesorregiao-norte-fluminense\/","title":{"rendered":"Programa de Controle Parasit\u00e1rio em equinos da mesorregi\u00e3o Norte Fluminense."},"content":{"rendered":"<p><strong>Coordenador: <\/strong>Prof. Fl\u00e1vio Augusto Soares Gra\u00e7a<\/p>\n<p style=\"text-align: justify\">As verminoses t\u00eam sido descritas em todo mundo como uma das principais enfermidades encontradas em equ\u00eddeos. Evid\u00eancias apontam as helmintoses como importantes causas de c\u00f3licas que frequentemente levam os animais a morte. Administrar anti-helm\u00ednticos \u00e9 uma atividade que na maioria dos casos \u00e9 realizada de forma emp\u00edrica por propriet\u00e1rios e tratadores, o que aumenta a ocorr\u00eancia de condutas equivocadas. A resist\u00eancia anti-helm\u00edntica \u00e9 uma consequ\u00eancia biol\u00f3gica natural do tratamento e n\u00e3o pode ser totalmente evitada, mas pode-se retardar seu aparecimento atrav\u00e9s de metodologia adequada. T\u00e9cnicas corretas de controle parasit\u00e1rio podem contribuir para aumento do status sanit\u00e1rio do plantel, diminuir a perda de nutrientes, elevar a imunidade e diminuir o aparecimento de resist\u00eancia aos antiparasit\u00e1rios. O Tratamento Seletivo (TS) baseia-se na contagem de ovos por grama de fezes (OPG) como par\u00e2metro para a utiliza\u00e7\u00e3o racional de anti-helm\u00ednticos de acordo com a necessidade de cada animal. O experimento ser\u00e1 conduzido por um ano, com um n\u00famero aproximado de 400 animais, nas 15 propriedades selecionadas com cria\u00e7\u00f5es de equ\u00eddeos situadas na mesorregi\u00e3o Norte Fluminense do estado do Rio de Janeiro. Ser\u00e3o coletadas amostras de fezes, a cada sessenta dias, para exames de contagem de OPG, t\u00e9cnica de sedimenta\u00e7\u00e3o, coprocultura e hemograma. Os animais que apresentarem contagem de OPG igual ou superior a 500 ou presen\u00e7a de cest\u00f3deos, receber\u00e3o tratamento anti-helm\u00edntico a base de ivermectina e praziquantel. Este trabalho tem por objetivo difundir a t\u00e9cnica do TS para helmintoses em equinos, verificar a possibilidade de diminui\u00e7\u00e3o da carga parasit\u00e1ria dos plant\u00e9is, identificar as esp\u00e9cies de helmintos que parasitam os equ\u00eddeos estudados. Adicionalmente, pretende-se inserir nas propriedades a pr\u00e1tica do calend\u00e1rio profil\u00e1tico composto, al\u00e9m do tratamento anti-helm\u00edntico, de manejo vacinal e controle de ectoparasitas. Pretende-se tamb\u00e9m, difundir entre criadores, t\u00e9cnicos de campo e tratadores a import\u00e2ncia da utiliza\u00e7\u00e3o racional e cosciente de drogas antiparasit\u00e1rias de modo a evitar o aumento da resist\u00eancia. Espera-se que a referida metodologia possa evitar a ocorr\u00eancia de casos cl\u00ednicos de helmintoses e das principais enfermidades\u00a0 infectocontagiosas de forma a contribuir para a melhoria do plantel no aspecto sanit\u00e1rio.<\/p>\n<p style=\"text-align: justify\">P\u00fablico-alvo:\u00a0Quinze propriedades com cria\u00e7\u00e3o de equ\u00eddeos da mesorregi\u00e3o Norte Fluminense.<\/p>\n","protected":false},"excerpt":{"rendered":"<p>Coordenador: Prof. Fl\u00e1vio Augusto Soares Gra\u00e7a As verminoses t\u00eam sido descritas em todo mundo como uma das principais enfermidades encontradas&#8230;<\/p>\n","protected":false},"author":20,"featured_media":0,"parent":203,"menu_order":0,"comment_status":"closed","ping_status":"closed","template":"","meta":{"footnotes":""},"class_list":["post-228","page","type-page","status-publish","hentry"],"_links":{"self":[{"href":"https:\/\/uenf.br\/ccta\/cooex\/wp-json\/wp\/v2\/pages\/228","targetHints":{"allow":["GET"]}}],"collection":[{"href":"https:\/\/uenf.br\/ccta\/cooex\/wp-json\/wp\/v2\/pages"}],"about":[{"href":"https:\/\/uenf.br\/ccta\/cooex\/wp-json\/wp\/v2\/types\/page"}],"author":[{"embeddable":true,"href":"https:\/\/uenf.br\/ccta\/cooex\/wp-json\/wp\/v2\/users\/20"}],"replies":[{"embeddable":true,"href":"https:\/\/uenf.br\/ccta\/cooex\/wp-json\/wp\/v2\/comments?post=228"}],"version-history":[{"count":0,"href":"https:\/\/uenf.br\/ccta\/cooex\/wp-json\/wp\/v2\/pages\/228\/revisions"}],"up":[{"embeddable":true,"href":"https:\/\/uenf.br\/ccta\/cooex\/wp-json\/wp\/v2\/pages\/203"}],"wp:attachment":[{"href":"https:\/\/uenf.br\/ccta\/cooex\/wp-json\/wp\/v2\/media?parent=228"}],"curies":[{"name":"wp","href":"https:\/\/api.w.org\/{rel}","templated":true}]}}