{"id":236,"date":"2016-10-21T16:04:08","date_gmt":"2016-10-21T18:04:08","guid":{"rendered":"http:\/\/uenf.br\/ccta\/cooex\/?page_id=236"},"modified":"2016-11-04T15:00:33","modified_gmt":"2016-11-04T17:00:33","slug":"universidade-aberta-levantamento-das-praticas-anestesicas-e-do-controle-da-dor-nos-municipios-do-norte-fluminense-e-inquerito-regional-das-rotinas-para-suporte-em-terapia-intensiva-e-proposicao-e-tre","status":"publish","type":"page","link":"https:\/\/uenf.br\/ccta\/cooex\/acoes-extensionistas\/projetos-por-laboratorio\/laboratorio-de-clinica-e-cirurgia-animal\/universidade-aberta-levantamento-das-praticas-anestesicas-e-do-controle-da-dor-nos-municipios-do-norte-fluminense-e-inquerito-regional-das-rotinas-para-suporte-em-terapia-intensiva-e-proposicao-e-tre\/","title":{"rendered":"Universidade aberta: levantamento das pr\u00e1ticas anest\u00e9sicas e do controle da dor nos munic\u00edpios do norte fluminense e inqu\u00e9rito regional das rotinas para suporte em terapia intensiva e proposi\u00e7\u00e3o e treinamento de um protocolo padr\u00e3o com a indica\u00e7\u00e3o do paracetamol associado a outros f\u00e1rmacos para o controle da dor em animais operados no hospital veterin\u00e1rio da UENF."},"content":{"rendered":"<p><strong>Coordenadora:<\/strong> Prof\u00aa Fernanda Antunes<\/p>\n<p style=\"text-align: justify\">O referido projeto pretende dar continuidade ao projeto anterior que procurou atender a demanda induzida da comunidade veterin\u00e1ria no sentido de aprimoramento profissional, que inicialmente ocorreu atrav\u00e9s de um levantamento das diversas pr\u00e1ticas anest\u00e9sicas utilizados nas cl\u00ednicas veterin\u00e1rias da regi\u00e3o, identificando a partir destes dados os seus pontos cr\u00edticos e sugerindo alternativas para sua corre\u00e7\u00e3o, atrav\u00e9s de semin\u00e1rios e programas de treinamento. Foi observado que a avalia\u00e7\u00e3o e o controle da dor s\u00e3o vistos como fatores subjetivos e que ainda utiliza-se do pensamento de que, o animal com dor, limita seus movimentos facilitando a cicatriza\u00e7\u00e3o da ferida cir\u00fargica. Al\u00e9m disso, \u201cdrogas\u201d utilizadas para o controle da dor s\u00e3o de custo elevado, onerando ainda mais todo o procedimento cir\u00fargico (anestesia + cirurgia + p\u00f3s-operat\u00f3rio).\u00a0Vimos acompanhando o programa de castra\u00e7\u00e3o, tamb\u00e9m financiado pelo PROEX, atrav\u00e9s da videocirurgia tornando este procedimento acess\u00edvel a comunidades carentes, auxiliando neste procedimento, e notamos que apesar do custo \u201czero\u201d relacionado \u00e0 cirurgia, o p\u00f3s-operat\u00f3rio foi muitas vezes questionado. Mesmo sabendo que tal procedimento \u00e9 menos invasivo, com menos dor durante o p\u00f3s-operat\u00f3rio, ainda torna-se adequado \u00e0 assist\u00eancia atrav\u00e9s de analg\u00e9sicos.\u00a0Desta forma, e ap\u00f3s uma pesquisa criteriosa, estamos propondo algumas alternativas, com a utiliza\u00e7\u00e3o de protocolos mais acess\u00edveis e eficazes para o controle da dor ap\u00f3s diferentes procedimentos cir\u00fargicos.\u00a0Queremos manter as parcerias que foram firmadas com clinicas veterin\u00e1rias da regi\u00e3o, atendendo desta forma aos anseios manifestados, difundindo desta forma conhecimento al\u00e9m de uma melhor capacita\u00e7\u00e3o profissional.\u00a0Cria\u00e7\u00e3o de cursos de extens\u00e3o durante o primeiro e segundo semestre de 2016, com participa\u00e7\u00e3o de palestrantes de renome, de acordo com os resultados obtidos nos levantamentos a serem realizados.\u00a0Ser\u00e3o realizadas palestras de posse respons\u00e1vel e import\u00e2ncia do bem estar animal e controle da dor em animais em comunidades carentes.<\/p>\n<p style=\"text-align: justify\">P\u00fablico-Alvo: M\u00e9dicos Veterin\u00e1rios dos munic\u00edpios do norte e noroeste fluminense e \u00a0comunidades carentes.<\/p>\n","protected":false},"excerpt":{"rendered":"<p>Coordenadora: Prof\u00aa Fernanda Antunes O referido projeto pretende dar continuidade ao projeto anterior que procurou atender a demanda induzida da&#8230;<\/p>\n","protected":false},"author":20,"featured_media":0,"parent":203,"menu_order":0,"comment_status":"closed","ping_status":"closed","template":"","meta":{"footnotes":""},"class_list":["post-236","page","type-page","status-publish","hentry"],"_links":{"self":[{"href":"https:\/\/uenf.br\/ccta\/cooex\/wp-json\/wp\/v2\/pages\/236","targetHints":{"allow":["GET"]}}],"collection":[{"href":"https:\/\/uenf.br\/ccta\/cooex\/wp-json\/wp\/v2\/pages"}],"about":[{"href":"https:\/\/uenf.br\/ccta\/cooex\/wp-json\/wp\/v2\/types\/page"}],"author":[{"embeddable":true,"href":"https:\/\/uenf.br\/ccta\/cooex\/wp-json\/wp\/v2\/users\/20"}],"replies":[{"embeddable":true,"href":"https:\/\/uenf.br\/ccta\/cooex\/wp-json\/wp\/v2\/comments?post=236"}],"version-history":[{"count":0,"href":"https:\/\/uenf.br\/ccta\/cooex\/wp-json\/wp\/v2\/pages\/236\/revisions"}],"up":[{"embeddable":true,"href":"https:\/\/uenf.br\/ccta\/cooex\/wp-json\/wp\/v2\/pages\/203"}],"wp:attachment":[{"href":"https:\/\/uenf.br\/ccta\/cooex\/wp-json\/wp\/v2\/media?parent=236"}],"curies":[{"name":"wp","href":"https:\/\/api.w.org\/{rel}","templated":true}]}}