{"id":241,"date":"2016-10-21T16:09:09","date_gmt":"2016-10-21T18:09:09","guid":{"rendered":"http:\/\/uenf.br\/ccta\/cooex\/?page_id=241"},"modified":"2016-11-03T16:41:18","modified_gmt":"2016-11-03T18:41:18","slug":"uma-proposta-de-ensaio-fenomenologico-como-metodo-de-ensino-vivencial-em-radiologia-veterinaria-2","status":"publish","type":"page","link":"https:\/\/uenf.br\/ccta\/cooex\/acoes-extensionistas\/projetos-por-laboratorio\/laboratorio-de-morfologia-e-patologia-animal\/uma-proposta-de-ensaio-fenomenologico-como-metodo-de-ensino-vivencial-em-radiologia-veterinaria-2\/","title":{"rendered":"Uma proposta de Ensaio Fenomenol\u00f3gico como m\u00e9todo de ensino vivencial em Radiologia Veterin\u00e1ria."},"content":{"rendered":"<p><strong>Coordenadora:<\/strong> Prof\u00aa. Helena Kiyomi Hokamura<\/p>\n<p style=\"text-align: justify\">A disciplina de radiologia, por se tratar de uma \u00e1rea de conhecimento que requer a\u00a0associa\u00e7\u00e3o e inter-rela\u00e7\u00e3o de saberes entre o ciclo b\u00e1sico e o profissionalizante, possui fortes\u00a0caracter\u00edsticas de interdisciplinariedade. Permite, ainda, o exerc\u00edcio da interconex\u00e3o de saberes\u00a0formais, concomitantemente ao desenvolvimento de habilidades e compet\u00eancias human\u00edsticas,\u00a0pois lida com aspectos da d\u00edade paciente-propriet\u00e1rio. A atividade radiol\u00f3gica exige o\u00a0desenvolvimento do agir \u00e9tico, onde os profissionais s\u00e3o levados ao processo reflexivo cotidiano\u00a0voltado \u00e0 tomada de decis\u00f5es de car\u00e1ter t\u00e9cnico, ao mesmo tempo que lhe \u00e9 exigido o respeito \u00e0\u00a0autonomia da d\u00edade paciente propriet\u00e1rio. Diante destas peculiaridades, a fenomenologia ser\u00e1\u00a0utilizada como metodologia de ensino, tratando-se de uma proposta inovadora no campo do ensino\u00a0e forma\u00e7\u00e3o em medicina veterin\u00e1ria. O pesquisador docente, em uma rela\u00e7\u00e3o horizontalizada,\u00a0permitir\u00e1 que seus discentes adquiram a viv\u00eancia experiencial da pr\u00e1tica radiol\u00f3gica cl\u00ednica.\u00a0Exercer\u00e1, ainda, papel formativo \u00e9tico-reflexivo, auxiliando na decodifica\u00e7\u00e3o dos diferentes\u00a0momentos do processo da pr\u00e1tica radiol\u00f3gica cl\u00ednica, na interconex\u00e3o dos saberes formais, e na\u00a0sensibiliza\u00e7\u00e3o do aluno para o exerc\u00edcio de uma cl\u00ednica mais rica, interativa, hol\u00edstica e\u00a0humanizadora, que o contextualize em sua import\u00e2ncia social enquanto indiv\u00edduo. Al\u00e9m disso\u00a0pretende documentar e divulgar atrav\u00e9s das plataformas digitais a socializa\u00e7\u00e3o das experi\u00eancias,\u00a0permitindo que um maior n\u00famero de alunos e profissionais da \u00e1rea possam experienciar a\u00a0metodologia proposta.<\/p>\n","protected":false},"excerpt":{"rendered":"<p>Coordenadora: Prof\u00aa. Helena Kiyomi Hokamura A disciplina de radiologia, por se tratar de uma \u00e1rea de conhecimento que requer a\u00a0associa\u00e7\u00e3o&#8230;<\/p>\n","protected":false},"author":20,"featured_media":0,"parent":255,"menu_order":0,"comment_status":"closed","ping_status":"closed","template":"","meta":{"footnotes":""},"class_list":["post-241","page","type-page","status-publish","hentry"],"_links":{"self":[{"href":"https:\/\/uenf.br\/ccta\/cooex\/wp-json\/wp\/v2\/pages\/241","targetHints":{"allow":["GET"]}}],"collection":[{"href":"https:\/\/uenf.br\/ccta\/cooex\/wp-json\/wp\/v2\/pages"}],"about":[{"href":"https:\/\/uenf.br\/ccta\/cooex\/wp-json\/wp\/v2\/types\/page"}],"author":[{"embeddable":true,"href":"https:\/\/uenf.br\/ccta\/cooex\/wp-json\/wp\/v2\/users\/20"}],"replies":[{"embeddable":true,"href":"https:\/\/uenf.br\/ccta\/cooex\/wp-json\/wp\/v2\/comments?post=241"}],"version-history":[{"count":0,"href":"https:\/\/uenf.br\/ccta\/cooex\/wp-json\/wp\/v2\/pages\/241\/revisions"}],"up":[{"embeddable":true,"href":"https:\/\/uenf.br\/ccta\/cooex\/wp-json\/wp\/v2\/pages\/255"}],"wp:attachment":[{"href":"https:\/\/uenf.br\/ccta\/cooex\/wp-json\/wp\/v2\/media?parent=241"}],"curies":[{"name":"wp","href":"https:\/\/api.w.org\/{rel}","templated":true}]}}