{"id":255,"date":"2016-10-21T16:31:17","date_gmt":"2016-10-21T18:31:17","guid":{"rendered":"http:\/\/uenf.br\/ccta\/cooex\/?page_id=255"},"modified":"2016-11-04T15:25:51","modified_gmt":"2016-11-04T17:25:51","slug":"laboratorio-de-morfologia-e-patologia-animal","status":"publish","type":"page","link":"https:\/\/uenf.br\/ccta\/cooex\/acoes-extensionistas\/projetos-por-laboratorio\/laboratorio-de-morfologia-e-patologia-animal\/","title":{"rendered":"Laborat\u00f3rio de Morfologia e Patologia Animal"},"content":{"rendered":"<ul>\n<li><a href=\"https:\/\/uenf.br\/ccta\/cooex\/312-2\/\">A\u00e7\u00f5es de inspe\u00e7\u00e3o sanit\u00e1ria em boas pr\u00e1ticas agropecu\u00e1rias para o treinamento e capacita\u00e7\u00e3o t\u00e9cnica de pequenos produtores de leite no munic\u00edpio de Campos dos Goytacazes, RJ\/ ano II.<\/a><\/li>\n<li><a href=\"https:\/\/uenf.br\/ccta\/cooex\/acoes-extensionistas\/projetos-por-laboratorio\/laboratorio-de-morfologia-e-patologia-animal\/consolidacao-do-nucleo-avancado-museu-de-ensino-pesquisa-e-extensao-na-area-de-morfologia-normal-e-patologica-da-universidade-estadual-do-norte-fluminense-darcy-ribeiro\/\">Consolida\u00e7\u00e3o do N\u00facleo Avan\u00e7ado (Museu) de Ensino, Pesquisa e Extens\u00e3o na \u00c1rea de Morfologia Normal e Patol\u00f3gica da Universidade Estadual do Norte Fluminense Darcy Ribeiro.<\/a><\/li>\n<li><a href=\"https:\/\/uenf.br\/ccta\/cooex\/acoes-extensionistas\/projetos-por-laboratorio\/laboratorio-de-morfologia-e-patologia-animal\/implementacao-de-uma-nova-metodologia-didatica-inclusiva-para-o-estudo-e-conhecimento-da-anatomia-animal\/\">Implementa\u00e7\u00e3o de uma nova metodologia did\u00e1tica inclusiva para o estudo e conhecimento da anatomia animal.<\/a><\/li>\n<li><a href=\"https:\/\/uenf.br\/ccta\/cooex\/acoes-extensionistas\/projetos-por-laboratorio\/laboratorio-de-morfologia-e-patologia-animal\/269-2\/\">Preservando a biodiversidade de Campos dos Goytacazes: do conhecimento cient\u00edfico \u00e0 educa\u00e7\u00e3o ambiental.<\/a><\/li>\n<li><a href=\"https:\/\/uenf.br\/ccta\/cooex\/acoes-extensionistas\/projetos-por-laboratorio\/laboratorio-de-morfologia-e-patologia-animal\/uma-proposta-de-ensaio-fenomenologico-como-metodo-de-ensino-vivencial-em-radiologia-veterinaria-2\/\">Uma proposta de Ensaio Fenomenol\u00f3gico como m\u00e9todo de\u00a0ensino vivencial em Radiologia Veterin\u00e1ria.<\/a><\/li>\n<\/ul>\n","protected":false},"excerpt":{"rendered":"<p>A\u00e7\u00f5es de inspe\u00e7\u00e3o sanit\u00e1ria em boas pr\u00e1ticas agropecu\u00e1rias para o treinamento e capacita\u00e7\u00e3o t\u00e9cnica de pequenos produtores de leite no&#8230;<\/p>\n","protected":false},"author":20,"featured_media":0,"parent":14,"menu_order":0,"comment_status":"closed","ping_status":"closed","template":"","meta":{"footnotes":""},"class_list":["post-255","page","type-page","status-publish","hentry"],"_links":{"self":[{"href":"https:\/\/uenf.br\/ccta\/cooex\/wp-json\/wp\/v2\/pages\/255","targetHints":{"allow":["GET"]}}],"collection":[{"href":"https:\/\/uenf.br\/ccta\/cooex\/wp-json\/wp\/v2\/pages"}],"about":[{"href":"https:\/\/uenf.br\/ccta\/cooex\/wp-json\/wp\/v2\/types\/page"}],"author":[{"embeddable":true,"href":"https:\/\/uenf.br\/ccta\/cooex\/wp-json\/wp\/v2\/users\/20"}],"replies":[{"embeddable":true,"href":"https:\/\/uenf.br\/ccta\/cooex\/wp-json\/wp\/v2\/comments?post=255"}],"version-history":[{"count":0,"href":"https:\/\/uenf.br\/ccta\/cooex\/wp-json\/wp\/v2\/pages\/255\/revisions"}],"up":[{"embeddable":true,"href":"https:\/\/uenf.br\/ccta\/cooex\/wp-json\/wp\/v2\/pages\/14"}],"wp:attachment":[{"href":"https:\/\/uenf.br\/ccta\/cooex\/wp-json\/wp\/v2\/media?parent=255"}],"curies":[{"name":"wp","href":"https:\/\/api.w.org\/{rel}","templated":true}]}}