{"id":263,"date":"2016-10-21T16:44:38","date_gmt":"2016-10-21T18:44:38","guid":{"rendered":"http:\/\/uenf.br\/ccta\/cooex\/?page_id=263"},"modified":"2016-10-21T16:47:09","modified_gmt":"2016-10-21T18:47:09","slug":"implementacao-de-uma-nova-metodologia-didatica-inclusiva-para-o-estudo-e-conhecimento-da-anatomia-animal","status":"publish","type":"page","link":"https:\/\/uenf.br\/ccta\/cooex\/acoes-extensionistas\/projetos-por-laboratorio\/laboratorio-de-morfologia-e-patologia-animal\/implementacao-de-uma-nova-metodologia-didatica-inclusiva-para-o-estudo-e-conhecimento-da-anatomia-animal\/","title":{"rendered":"Implementa\u00e7\u00e3o de uma nova metodologia did\u00e1tica inclusiva para o estudo e conhecimento da anatomia animal."},"content":{"rendered":"<p><strong>Coordenadora:<\/strong> Prof\u00aa Ana B\u00e1rbara Freitas Rodrigues<\/p>\n<p style=\"text-align: justify\">Este projeto tem como objetivo implementar \u00a0uma metodologia inclusiva afinada com o processo de ensino-aprendizagem da morfologia animal para pessoas com necessidades educacionais especiais, em especial os deficientes visuais. Objetivos Espec\u00edficos: desenvolver m\u00e9todos did\u00e1ticos de ensino da anatomia animal baseados na percep\u00e7\u00e3o multissensorial a partir de canais como o tato e a audi\u00e7\u00e3o; confeccionar recursos did\u00e1ticos para alunos deficientes visuais com a maior fidelidade da representa\u00e7\u00e3o em rela\u00e7\u00e3o ao modelo original; produzir modelos did\u00e1ticos que sejam atraentes para a vis\u00e3o e agrad\u00e1vel ao tato, proporcionando o acesso ao laborat\u00f3rio de anatomia de estudantes videntes e n\u00e3o videntes; utilizar de recursos que atendam ao mesmo tempo \u00e0s diversas condi\u00e7\u00f5es visuais dos alunos pressupondo a utiliza\u00e7\u00e3o do Sistema Braille, de fontes ampliadas e modelos tridimensionais no processo de aprendizagem.<\/p>\n<p style=\"text-align: justify\">P\u00fablico-alvo: deficientes visuais<\/p>\n","protected":false},"excerpt":{"rendered":"<p>Coordenadora: Prof\u00aa Ana B\u00e1rbara Freitas Rodrigues Este projeto tem como objetivo implementar \u00a0uma metodologia inclusiva afinada com o processo de&#8230;<\/p>\n","protected":false},"author":20,"featured_media":0,"parent":255,"menu_order":0,"comment_status":"closed","ping_status":"closed","template":"","meta":{"footnotes":""},"class_list":["post-263","page","type-page","status-publish","hentry"],"_links":{"self":[{"href":"https:\/\/uenf.br\/ccta\/cooex\/wp-json\/wp\/v2\/pages\/263","targetHints":{"allow":["GET"]}}],"collection":[{"href":"https:\/\/uenf.br\/ccta\/cooex\/wp-json\/wp\/v2\/pages"}],"about":[{"href":"https:\/\/uenf.br\/ccta\/cooex\/wp-json\/wp\/v2\/types\/page"}],"author":[{"embeddable":true,"href":"https:\/\/uenf.br\/ccta\/cooex\/wp-json\/wp\/v2\/users\/20"}],"replies":[{"embeddable":true,"href":"https:\/\/uenf.br\/ccta\/cooex\/wp-json\/wp\/v2\/comments?post=263"}],"version-history":[{"count":0,"href":"https:\/\/uenf.br\/ccta\/cooex\/wp-json\/wp\/v2\/pages\/263\/revisions"}],"up":[{"embeddable":true,"href":"https:\/\/uenf.br\/ccta\/cooex\/wp-json\/wp\/v2\/pages\/255"}],"wp:attachment":[{"href":"https:\/\/uenf.br\/ccta\/cooex\/wp-json\/wp\/v2\/media?parent=263"}],"curies":[{"name":"wp","href":"https:\/\/api.w.org\/{rel}","templated":true}]}}