{"id":269,"date":"2016-10-21T16:52:00","date_gmt":"2016-10-21T18:52:00","guid":{"rendered":"http:\/\/uenf.br\/ccta\/cooex\/?page_id=269"},"modified":"2016-11-04T15:24:14","modified_gmt":"2016-11-04T17:24:14","slug":"269-2","status":"publish","type":"page","link":"https:\/\/uenf.br\/ccta\/cooex\/acoes-extensionistas\/projetos-por-laboratorio\/laboratorio-de-morfologia-e-patologia-animal\/269-2\/","title":{"rendered":"Preservando a biodiversidade de campos dos goytacazes: do conhecimento cient\u00edfico \u00e0 educa\u00e7\u00e3o ambiental"},"content":{"rendered":"<p><strong>Coordenador:<\/strong>\u00a0Prof. Leonardo Serafim da Silveira<\/p>\n<p style=\"text-align: justify\">Atualmente, o mundo se encontra em constante crescimento e desenvolvimento urbano, marcado pelo grande avan\u00e7o tecnol\u00f3gico, pelo aumento da produ\u00e7\u00e3o e do consumo a todo custo. Infelizmente, todos esses processos ocorrem em detrimento do ambiente, o qual se torna cada vez mais degradado. Para mudar esse quadro, \u00e9 necess\u00e1rio agir baseando-se na forma de pensar da popula\u00e7\u00e3o, ou seja, quando se recebe a educa\u00e7\u00e3o. Dessa forma, dar in\u00edcio \u00e0 um processo cont\u00ednuo de educa\u00e7\u00e3o ambiental que inclua a comunidade na preserva\u00e7\u00e3o e na constru\u00e7\u00e3o de um ambiente equilibrado \u00e9 imprescind\u00edvel. Nesse \u00e2mago, as universidades desempenham um papel primordial, agindo como mediadora entre os espa\u00e7os de produ\u00e7\u00e3o e aplica\u00e7\u00e3o do conhecimento, e a transmiss\u00e3o desses para as comunidades locais. Em Campos dos Goytacazes, maior munic\u00edpio do estado do Rio de Janeiro, encontramos uma situa\u00e7\u00e3o que resume o panorama nacional. Com suas \u00e1reas urbanas em constante crescimento, as \u00e1reas de vegeta\u00e7\u00e3o nativa encontram-se cada vez mais fragmentadas e cercadas por comunidades e\/ou planta\u00e7\u00f5es agr\u00edcolas, assim como por atividades agropecu\u00e1rias. Essa situa\u00e7\u00e3o acelera a diminui\u00e7\u00e3o da biodiversidade local. O presente projeto prop\u00f5e a estrutura\u00e7\u00e3o de um grupo voltado para a educa\u00e7\u00e3o ambiental em Campos dos Goytacazes a fim de promover a conserva\u00e7\u00e3o da biodiversidade local por meio de palestras em escolas p\u00fablicas e particulares da regi\u00e3o, e a\u00e7\u00f5es pr\u00e1ticas na pr\u00f3pria universidade.<\/p>\n<p style=\"text-align: justify\">P\u00fablico-Alvo: Alunos do ensino fundamental do Munic\u00edpio de Campos dos Goytacazes e circunvizinhos, al\u00e9m de graduandos e profissionais das \u00e1reas de biologia, medicina veterin\u00e1ria e zootecnia.<\/p>\n","protected":false},"excerpt":{"rendered":"<p>Coordenador:\u00a0Prof. Leonardo Serafim da Silveira Atualmente, o mundo se encontra em constante crescimento e desenvolvimento urbano, marcado pelo grande avan\u00e7o&#8230;<\/p>\n","protected":false},"author":20,"featured_media":0,"parent":255,"menu_order":0,"comment_status":"closed","ping_status":"closed","template":"","meta":{"footnotes":""},"class_list":["post-269","page","type-page","status-publish","hentry"],"_links":{"self":[{"href":"https:\/\/uenf.br\/ccta\/cooex\/wp-json\/wp\/v2\/pages\/269","targetHints":{"allow":["GET"]}}],"collection":[{"href":"https:\/\/uenf.br\/ccta\/cooex\/wp-json\/wp\/v2\/pages"}],"about":[{"href":"https:\/\/uenf.br\/ccta\/cooex\/wp-json\/wp\/v2\/types\/page"}],"author":[{"embeddable":true,"href":"https:\/\/uenf.br\/ccta\/cooex\/wp-json\/wp\/v2\/users\/20"}],"replies":[{"embeddable":true,"href":"https:\/\/uenf.br\/ccta\/cooex\/wp-json\/wp\/v2\/comments?post=269"}],"version-history":[{"count":0,"href":"https:\/\/uenf.br\/ccta\/cooex\/wp-json\/wp\/v2\/pages\/269\/revisions"}],"up":[{"embeddable":true,"href":"https:\/\/uenf.br\/ccta\/cooex\/wp-json\/wp\/v2\/pages\/255"}],"wp:attachment":[{"href":"https:\/\/uenf.br\/ccta\/cooex\/wp-json\/wp\/v2\/media?parent=269"}],"curies":[{"name":"wp","href":"https:\/\/api.w.org\/{rel}","templated":true}]}}