{"id":301,"date":"2016-10-27T15:54:49","date_gmt":"2016-10-27T17:54:49","guid":{"rendered":"http:\/\/uenf.br\/ccta\/cooex\/?page_id=301"},"modified":"2016-10-27T15:58:55","modified_gmt":"2016-10-27T17:58:55","slug":"curso-pratico-pedagogico-de-manejo-da-reproducao-de-equinos-para-atuacao-de-proprietarios-e-funcionarios-sem-a-assistencia-ou-dando-suporte-a-assistencia-de-medico-veterinario-em-criatorios-da-regiao","status":"publish","type":"page","link":"https:\/\/uenf.br\/ccta\/cooex\/acoes-extensionistas\/projetos-por-laboratorio\/laboratorio-de-reproducao-e-melhoramento-genetico-animal\/curso-pratico-pedagogico-de-manejo-da-reproducao-de-equinos-para-atuacao-de-proprietarios-e-funcionarios-sem-a-assistencia-ou-dando-suporte-a-assistencia-de-medico-veterinario-em-criatorios-da-regiao\/","title":{"rendered":"Curso pr\u00e1tico-pedag\u00f3gico de Manejo da Reprodu\u00e7\u00e3o de Equinos para atua\u00e7\u00e3o de propriet\u00e1rios e funcion\u00e1rios sem a assist\u00eancia ou dando suporte a assist\u00eancia de M\u00e9dico Veterin\u00e1rio em criat\u00f3rios da regi\u00e3o de Campos dos Goytacazes"},"content":{"rendered":"<p style=\"text-align: justify\"><strong>Coordenador:<\/strong>\u00a0Prof. Jos\u00e9 Frederico Straggiotti Silva<\/p>\n<p style=\"text-align: justify\">O projeto &#8220;Curso pr\u00e1tico-pedag\u00f3gico de Manejo da Reprodu\u00e7\u00e3o de Equinos para atua\u00e7\u00e3o de propriet\u00e1rios e funcion\u00e1rios sem a assist\u00eancia ou dando suporte a assist\u00eancia de M\u00e9dico Veterin\u00e1rio em criat\u00f3rios da regi\u00e3o de Campos dos Goytacazes&#8221;, tem como objetivo confeccionar apostila sobre manejo atualizado da Reprodu\u00e7\u00e3o equina, focando as possibilidades e limita\u00e7\u00f5es das interven\u00e7\u00f5es dos propriet\u00e1rios e funcion\u00e1rios dos criat\u00f3rios de equinos, e ministrar cursos te\u00f3rico-demonstrativo num \u00e2mbito do setor de profissionais da equinocultura na regi\u00e3o de Campos dos Goytacazes. Para isto, propomos a confec\u00e7\u00e3o de apostila voltada aos profissionais da \u00e1rea de equinocultura que n\u00e3o sejam M\u00e9dicos Veterin\u00e1rios para atuarem sem assist\u00eancia ou dando suporte a assist\u00eancia de M\u00e9dicos Veterin\u00e1rios, enfocando as possibilidades e limita\u00e7\u00f5es de sua atua\u00e7\u00e3o. E tamb\u00e9m propomos o agendamento e a ministra\u00e7\u00e3o de palestras com etapas pr\u00e1ticas demonstrativas nos diversos haras da regi\u00e3o afim de atingir todos profissionais envolvidos na cria\u00e7\u00e3o de cavalos de cada haras. O trabalho conjunto de t\u00e9cnicos especializados no esclarecimento da utiliza\u00e7\u00e3o de manejo reprodutivo apropriado para cada estabelecimento criat\u00f3rio de equinos, mostrando de forma simples e did\u00e1tica o manejo reprodutivo feito sem a assist\u00eancia veterin\u00e1ria e\/ou dando suporte a esta assist\u00eancia promover\u00e1 a explora\u00e7\u00e3o equina de acordo com as condi\u00e7\u00f5es econ\u00f4micas financeiras de cada propriet\u00e1rio, viabilizando um maior lucro em fun\u00e7\u00e3o da transmiss\u00e3o de conhecimentos no \u00e2mbito das possibilidades e limita\u00e7\u00f5es na utiliza\u00e7\u00e3o de ferramentas biotecnol\u00f3gicas. Este aprimoramento dos conhecimentos tornar\u00e1 poss\u00edvel alcan\u00e7ar avan\u00e7os importantes que venham a beneficiar os produtores rurais do Munic\u00edpio de Campos dos Goytacazes.<\/p>\n<p>&nbsp;<\/p>\n<p>&nbsp;<\/p>\n<p><strong>P\u00fablico-Alvo:\u00a0<\/strong> propriet\u00e1rios de estabelecimentos criat\u00f3rios de equinos de qualquer condi\u00e7\u00e3o econ\u00f4mica e seus funcion\u00e1rios.<\/p>\n","protected":false},"excerpt":{"rendered":"<p>Coordenador:\u00a0Prof. Jos\u00e9 Frederico Straggiotti Silva O projeto &#8220;Curso pr\u00e1tico-pedag\u00f3gico de Manejo da Reprodu\u00e7\u00e3o de Equinos para atua\u00e7\u00e3o de propriet\u00e1rios e&#8230;<\/p>\n","protected":false},"author":20,"featured_media":0,"parent":123,"menu_order":0,"comment_status":"closed","ping_status":"closed","template":"","meta":{"footnotes":""},"class_list":["post-301","page","type-page","status-publish","hentry"],"_links":{"self":[{"href":"https:\/\/uenf.br\/ccta\/cooex\/wp-json\/wp\/v2\/pages\/301","targetHints":{"allow":["GET"]}}],"collection":[{"href":"https:\/\/uenf.br\/ccta\/cooex\/wp-json\/wp\/v2\/pages"}],"about":[{"href":"https:\/\/uenf.br\/ccta\/cooex\/wp-json\/wp\/v2\/types\/page"}],"author":[{"embeddable":true,"href":"https:\/\/uenf.br\/ccta\/cooex\/wp-json\/wp\/v2\/users\/20"}],"replies":[{"embeddable":true,"href":"https:\/\/uenf.br\/ccta\/cooex\/wp-json\/wp\/v2\/comments?post=301"}],"version-history":[{"count":0,"href":"https:\/\/uenf.br\/ccta\/cooex\/wp-json\/wp\/v2\/pages\/301\/revisions"}],"up":[{"embeddable":true,"href":"https:\/\/uenf.br\/ccta\/cooex\/wp-json\/wp\/v2\/pages\/123"}],"wp:attachment":[{"href":"https:\/\/uenf.br\/ccta\/cooex\/wp-json\/wp\/v2\/media?parent=301"}],"curies":[{"name":"wp","href":"https:\/\/api.w.org\/{rel}","templated":true}]}}