{"id":321,"date":"2016-11-03T15:31:51","date_gmt":"2016-11-03T17:31:51","guid":{"rendered":"http:\/\/uenf.br\/ccta\/cooex\/?page_id=321"},"modified":"2016-11-04T15:01:40","modified_gmt":"2016-11-04T17:01:40","slug":"laboratorio-de-engenharia-agricola-leag","status":"publish","type":"page","link":"https:\/\/uenf.br\/ccta\/cooex\/acoes-extensionistas\/projetos-por-laboratorio\/laboratorio-de-engenharia-agricola-leag\/","title":{"rendered":"Laborat\u00f3rio de Engenharia Agr\u00edcola &#8211; LEAG"},"content":{"rendered":"<ul>\n<li><a href=\"https:\/\/uenf.br\/ccta\/cooex\/analise-economica-e-perspectivas-do-cultivo-da-aroeira-schinus-terebinthifolius-raddi-no-assentamento-zumbi-dos-palmares-em-campos-dos-goytacazes-e-sao-francisco-do-itabapoana-rj\/\">An\u00e1lise econ\u00f4mica e perspectivas do cultivo da aroeira (<i>schinus terebinthifolius <\/i>raddi) no assentamento zumbi dos palmares, em Campos dos Goytacazes e s\u00e3o francisco do itabapoana, RJ.<\/a><\/li>\n<li><a href=\"https:\/\/uenf.br\/ccta\/cooex\/banco-de-dados-de-elementos-meteorologicos-para-atendimento-a-defesa-civil-e-a-agropecuaria-do-estado-do-rio-de-janeiro\/\">Banco de Dados de Elementos Meteorol\u00f3gicos para Atendimento \u00e0 Defesa Civil e \u00e0 Agropecu\u00e1ria do Estado do Rio de Janeiro<\/a>.<\/li>\n<li><a href=\"https:\/\/uenf.br\/ccta\/cooex\/acoes-extensionistas\/projetos-por-laboratorio\/laboratorio-de-engenharia-agricola-leag\/comercializacao-agricola-limitacoes-e-potencialidades-para-o-desenvolvimento-sustentavel-dos-assentamentos-de-reforma-agraria-da-regiao-norte-fluminense\/\">Comercializa\u00e7\u00e3o Agr\u00edcola: limita\u00e7\u00f5es e potencialidades para o desenvolvimento sustent\u00e1vel dos assentamentos de reforma agr\u00e1ria da regi\u00e3o Norte Fluminense.<\/a><\/li>\n<li><a href=\"https:\/\/uenf.br\/ccta\/cooex\/constituicao-de-um-museu-de-maquinas-agricolas\/\">Constitui\u00e7\u00e3o de um museu de m\u00e1quinas agr\u00edcolas<\/a>.<\/li>\n<\/ul>\n<p>&nbsp;<\/p>\n","protected":false},"excerpt":{"rendered":"<p>An\u00e1lise econ\u00f4mica e perspectivas do cultivo da aroeira (schinus terebinthifolius raddi) no assentamento zumbi dos palmares, em Campos dos Goytacazes&#8230;<\/p>\n","protected":false},"author":20,"featured_media":0,"parent":14,"menu_order":0,"comment_status":"closed","ping_status":"closed","template":"","meta":{"footnotes":""},"class_list":["post-321","page","type-page","status-publish","hentry"],"_links":{"self":[{"href":"https:\/\/uenf.br\/ccta\/cooex\/wp-json\/wp\/v2\/pages\/321","targetHints":{"allow":["GET"]}}],"collection":[{"href":"https:\/\/uenf.br\/ccta\/cooex\/wp-json\/wp\/v2\/pages"}],"about":[{"href":"https:\/\/uenf.br\/ccta\/cooex\/wp-json\/wp\/v2\/types\/page"}],"author":[{"embeddable":true,"href":"https:\/\/uenf.br\/ccta\/cooex\/wp-json\/wp\/v2\/users\/20"}],"replies":[{"embeddable":true,"href":"https:\/\/uenf.br\/ccta\/cooex\/wp-json\/wp\/v2\/comments?post=321"}],"version-history":[{"count":0,"href":"https:\/\/uenf.br\/ccta\/cooex\/wp-json\/wp\/v2\/pages\/321\/revisions"}],"up":[{"embeddable":true,"href":"https:\/\/uenf.br\/ccta\/cooex\/wp-json\/wp\/v2\/pages\/14"}],"wp:attachment":[{"href":"https:\/\/uenf.br\/ccta\/cooex\/wp-json\/wp\/v2\/media?parent=321"}],"curies":[{"name":"wp","href":"https:\/\/api.w.org\/{rel}","templated":true}]}}