{"id":323,"date":"2016-11-03T15:33:32","date_gmt":"2016-11-03T17:33:32","guid":{"rendered":"http:\/\/uenf.br\/ccta\/cooex\/?page_id=323"},"modified":"2016-11-04T15:03:05","modified_gmt":"2016-11-04T17:03:05","slug":"constituicao-de-um-museu-de-maquinas-agricolas","status":"publish","type":"page","link":"https:\/\/uenf.br\/ccta\/cooex\/acoes-extensionistas\/projetos-por-laboratorio\/laboratorio-de-engenharia-agricola-leag\/constituicao-de-um-museu-de-maquinas-agricolas\/","title":{"rendered":"Constitui\u00e7\u00e3o de um museu de m\u00e1quinas agr\u00edcolas"},"content":{"rendered":"<p style=\"text-align: justify\"><strong>Coordenador:<\/strong> Prof.\u00a0Ricardo Ferreira Garcia<\/p>\n<p style=\"text-align: justify\">O preparo do solo \u00e9 definido como o conjunto de a\u00e7\u00f5es mec\u00e2nicas de movimenta\u00e7\u00e3o do solo com o prop\u00f3sito de desenvolvimento de culturas agr\u00edcolas. O objetivo do preparo do solo adequado \u00e9 fornecer um ambiente apropriado para a germina\u00e7\u00e3o de sementes, crescimento de ra\u00edzes, controle de pragas e eros\u00e3o do solo, e controle de umidade. Os implementos atuais de preparo do solo s\u00e3o resultados de modifica\u00e7\u00f5es, melhorias, e evolu\u00e7\u00e3o de projetos e ideias de equipamentos antigos. Algumas ideias foram rapidamente aceitas e outras esquecidas. Mesmo assim, o cont\u00ednuo desenvolvimento e crescimento de equipamentos tem permitido a agricultura alcan\u00e7ar \u00edndices de produtividade cada vez maiores. O objetivo principal de qualquer programa de cultivo \u00e9 a produ\u00e7\u00e3o rent\u00e1vel continuada, assim a maioria dos produtores prefere seguir pr\u00e1ticas com os equipamentos dispon\u00edveis no momento. Isto oferece uma garantia razo\u00e1vel de resultados previs\u00edveis com baixo risco. Mas nenhuma opera\u00e7\u00e3o de preparo do solo deve ser justificada meramente com base na tradi\u00e7\u00e3o ou h\u00e1bito. Qualquer opera\u00e7\u00e3o que n\u00e3o retorna mais do que seu custo incrementando a produ\u00e7\u00e3o e beneficiando as condi\u00e7\u00f5es do solo deve ser eliminada ou alterada. Contr\u00e1rio a cren\u00e7as anteriores, o solo deve ser trabalhado somente para garantir \u00f3tima produ\u00e7\u00e3o agr\u00edcola e controle de pragas. Qualquer outra opera\u00e7\u00e3o al\u00e9m desta tem seu valor question\u00e1vel. E para o alcance dos melhores resultados, \u00e9 de grande import\u00e2ncia o conhecimento das caracter\u00edsticas do solo e dos implementos que ser\u00e3o utilizados. Desta forma, este trabalho objetiva a prepara\u00e7\u00e3o, montagem e apresenta\u00e7\u00e3o de um grupo de implementos agr\u00edcolas antigos de preparo e movimenta\u00e7\u00e3o do solo, ilustrando suas partes constituintes e funcionamento enfatizando o ensino dos fundamentos operacionais das respectivas m\u00e1quinas visando profissionais, t\u00e9cnicos e estudantes da \u00e1rea agr\u00edcola e envolvidos com uso e manuten\u00e7\u00e3o de m\u00e1quinas agr\u00edcolas de preparo do solo. Especificamente, as metas do projeto s\u00e3o adquirir m\u00e1quinas de ara\u00e7\u00e3o, gradagem, escarifica\u00e7\u00e3o e subsolagem e preparar as mesmas fazendo o reparo, recondicionamento e pintura de suas partes, permitindo a visualiza\u00e7\u00e3o de suas partes fixas e m\u00f3veis para a realiza\u00e7\u00e3o de aulas did\u00e1ticas ilustrativas e treinamentos. O projeto busca, como resultado, o aumento da capacidade operacional com a correta utiliza\u00e7\u00e3o de maquin\u00e1rios e proporcionar um trabalho menos insalubre ao produtor com o emprego de m\u00e1quinas mais adequadas para cada opera\u00e7\u00e3o nas atividades agr\u00edcolas atrav\u00e9s do ensino, treinamento e qualifica\u00e7\u00e3o de profissionais, t\u00e9cnicos e estudantes da \u00e1rea agr\u00edcola envolvidos com uso e manuten\u00e7\u00e3o de m\u00e1quinas agr\u00edcolas.<\/p>\n<p style=\"text-align: justify\"><strong>P\u00fablico alvo: <\/strong>Profissionais, t\u00e9cnicos e estudantes da \u00e1rea agr\u00edcola envolvidos com uso e manuten\u00e7\u00e3o de m\u00e1quinas agr\u00edcolas.<\/p>\n","protected":false},"excerpt":{"rendered":"<p>Coordenador: Prof.\u00a0Ricardo Ferreira Garcia O preparo do solo \u00e9 definido como o conjunto de a\u00e7\u00f5es mec\u00e2nicas de movimenta\u00e7\u00e3o do solo&#8230;<\/p>\n","protected":false},"author":20,"featured_media":0,"parent":321,"menu_order":0,"comment_status":"closed","ping_status":"closed","template":"","meta":{"footnotes":""},"class_list":["post-323","page","type-page","status-publish","hentry"],"_links":{"self":[{"href":"https:\/\/uenf.br\/ccta\/cooex\/wp-json\/wp\/v2\/pages\/323","targetHints":{"allow":["GET"]}}],"collection":[{"href":"https:\/\/uenf.br\/ccta\/cooex\/wp-json\/wp\/v2\/pages"}],"about":[{"href":"https:\/\/uenf.br\/ccta\/cooex\/wp-json\/wp\/v2\/types\/page"}],"author":[{"embeddable":true,"href":"https:\/\/uenf.br\/ccta\/cooex\/wp-json\/wp\/v2\/users\/20"}],"replies":[{"embeddable":true,"href":"https:\/\/uenf.br\/ccta\/cooex\/wp-json\/wp\/v2\/comments?post=323"}],"version-history":[{"count":0,"href":"https:\/\/uenf.br\/ccta\/cooex\/wp-json\/wp\/v2\/pages\/323\/revisions"}],"up":[{"embeddable":true,"href":"https:\/\/uenf.br\/ccta\/cooex\/wp-json\/wp\/v2\/pages\/321"}],"wp:attachment":[{"href":"https:\/\/uenf.br\/ccta\/cooex\/wp-json\/wp\/v2\/media?parent=323"}],"curies":[{"name":"wp","href":"https:\/\/api.w.org\/{rel}","templated":true}]}}