{"id":334,"date":"2016-11-03T15:51:39","date_gmt":"2016-11-03T17:51:39","guid":{"rendered":"http:\/\/uenf.br\/ccta\/cooex\/?page_id=334"},"modified":"2016-11-04T15:02:02","modified_gmt":"2016-11-04T17:02:02","slug":"analise-economica-e-perspectivas-do-cultivo-da-aroeira-schinus-terebinthifolius-raddi-no-assentamento-zumbi-dos-palmares-em-campos-dos-goytacazes-e-sao-francisco-do-itabapoana-rj","status":"publish","type":"page","link":"https:\/\/uenf.br\/ccta\/cooex\/acoes-extensionistas\/projetos-por-laboratorio\/laboratorio-de-engenharia-agricola-leag\/analise-economica-e-perspectivas-do-cultivo-da-aroeira-schinus-terebinthifolius-raddi-no-assentamento-zumbi-dos-palmares-em-campos-dos-goytacazes-e-sao-francisco-do-itabapoana-rj\/","title":{"rendered":"An\u00e1lise econ\u00f4mica e perspectivas do cultivo da aroeira (schinus terebinthifolius raddi) no assentamento zumbi dos palmares, em campos dos goytacazes e s\u00e3o francisco do itabapoana, RJ."},"content":{"rendered":"<p style=\"text-align: justify\"><strong>Coordenador:<\/strong> Prof. Niraldo Jos\u00e9 Ponciano<\/p>\n<p style=\"text-align: justify\">A aroeira vermelha (<em>Schinus terebinthifolius <\/em>Raddi) \u00e9 pertencente \u00e0 fam\u00edlia <em>anacardi\u00e1ceas<\/em>, tamb\u00e9m conhecida como aroeira mansa, aroeira pimenteira, aroeira-da-praia, aroeira-do-brejo, aroeira-do-sert\u00e3o e muitas outras sinon\u00edmias populares. Trata-se de um arbusto nativo com r\u00e1pido desenvolvimento no campo e ampla dispers\u00e3o no Brasil e na Am\u00e9rica do Sul. Apesar de ser um grande potencial na agricultura moderna, a aroeira, nas regi\u00f5es produtoras do Rio de Janeiro e Esp\u00edrito Santo, ainda \u00e9 cultivada de forma rudimentar ou mesmo extrativista. O uso dos frutos da aroeira como produto condimentar, denominada pimenta rosa, tem sido bastante difundido em n\u00edvel nacional e internacional, embora no Brasil ainda seja incipiente. Assim, diante da import\u00e2ncia econ\u00f4mica da aroeira e suas limita\u00e7\u00f5es, o objetivo do presente projeto \u00e9 promover maior integra\u00e7\u00e3o Universidade x sociedade,\u00a0 assessorando os agricultores familiares na avalia\u00e7\u00e3o da do desempenho agroecon\u00f4mico do plantio comercial da aroeira no assentamento Zumbi dos Palmares, bem como avaliar sua viabilidade econ\u00f4mica. A metodologia a ser utilizada para atender os objetivos acima, consiste de levantamento de dados e informa\u00e7\u00f5es sobre conhecimentos do tema. Em seguida ser\u00e1 discutido junto com os assentados sobre a implanta\u00e7\u00e3o do projeto por meio de instru\u00e7\u00f5es e conhecimentos atrav\u00e9s de visitas, reuni\u00f5es, palestras e excurs\u00e3o a \u00e1reas em que a cultura foi implantada.<\/p>\n<p style=\"text-align: justify\">P\u00fablico-Alvo:<strong>\u00a0<\/strong>Agricultores familiares e assentados da reforma agr\u00e1ria.<\/p>\n","protected":false},"excerpt":{"rendered":"<p>Coordenador: Prof. Niraldo Jos\u00e9 Ponciano A aroeira vermelha (Schinus terebinthifolius Raddi) \u00e9 pertencente \u00e0 fam\u00edlia anacardi\u00e1ceas, tamb\u00e9m conhecida como aroeira&#8230;<\/p>\n","protected":false},"author":20,"featured_media":0,"parent":321,"menu_order":0,"comment_status":"closed","ping_status":"closed","template":"","meta":{"footnotes":""},"class_list":["post-334","page","type-page","status-publish","hentry"],"_links":{"self":[{"href":"https:\/\/uenf.br\/ccta\/cooex\/wp-json\/wp\/v2\/pages\/334","targetHints":{"allow":["GET"]}}],"collection":[{"href":"https:\/\/uenf.br\/ccta\/cooex\/wp-json\/wp\/v2\/pages"}],"about":[{"href":"https:\/\/uenf.br\/ccta\/cooex\/wp-json\/wp\/v2\/types\/page"}],"author":[{"embeddable":true,"href":"https:\/\/uenf.br\/ccta\/cooex\/wp-json\/wp\/v2\/users\/20"}],"replies":[{"embeddable":true,"href":"https:\/\/uenf.br\/ccta\/cooex\/wp-json\/wp\/v2\/comments?post=334"}],"version-history":[{"count":0,"href":"https:\/\/uenf.br\/ccta\/cooex\/wp-json\/wp\/v2\/pages\/334\/revisions"}],"up":[{"embeddable":true,"href":"https:\/\/uenf.br\/ccta\/cooex\/wp-json\/wp\/v2\/pages\/321"}],"wp:attachment":[{"href":"https:\/\/uenf.br\/ccta\/cooex\/wp-json\/wp\/v2\/media?parent=334"}],"curies":[{"name":"wp","href":"https:\/\/api.w.org\/{rel}","templated":true}]}}