{"id":338,"date":"2016-11-03T15:57:56","date_gmt":"2016-11-03T17:57:56","guid":{"rendered":"http:\/\/uenf.br\/ccta\/cooex\/?page_id=338"},"modified":"2016-11-04T15:02:23","modified_gmt":"2016-11-04T17:02:23","slug":"banco-de-dados-de-elementos-meteorologicos-para-atendimento-a-defesa-civil-e-a-agropecuaria-do-estado-do-rio-de-janeiro","status":"publish","type":"page","link":"https:\/\/uenf.br\/ccta\/cooex\/acoes-extensionistas\/projetos-por-laboratorio\/laboratorio-de-engenharia-agricola-leag\/banco-de-dados-de-elementos-meteorologicos-para-atendimento-a-defesa-civil-e-a-agropecuaria-do-estado-do-rio-de-janeiro\/","title":{"rendered":"Banco de Dados de Elementos Meteorol\u00f3gicos para Atendimento \u00e0 Defesa Civil e \u00e0 Agropecu\u00e1ria do Estado do Rio de Janeiro"},"content":{"rendered":"<p style=\"text-align: justify\"><strong>Coordenador:<\/strong> Prof. Jos\u00e9 Carlos Mendon\u00e7a<\/p>\n<p style=\"text-align: justify\">As atividades humanas tais como a agricultura e a pecu\u00e1ria, os recursos h\u00eddricos e tamb\u00e9m as atividades urbanas rotineiras, s\u00e3o afetadas pelas condi\u00e7\u00f5es do tempo, principalmente pelas vari\u00e1veis meteorol\u00f3gicas como o vento, a chuva, a umidade relativa do ar e a temperatura da atmosfera, dentre outras. No estado do Rio de Janeiro e em particular nas Regi\u00f5es Norte e Noroeste j\u00e1 foram registrados diferentes tipos de desastres naturais, com os quais se espera ter ensinado\/gerado procedimentos de planejamentos para mitiga\u00e7\u00e3o e preven\u00e7\u00e3o. N\u00e3o s\u00e3o s\u00f3 perdas de bens materiais tais como im\u00f3veis, m\u00f3veis, animais ou safras agr\u00edcolas que se tem observado. Tamb\u00e9m vidas humanas est\u00e3o sendo perdidas. Portanto, a principal proposta desse projeto de extens\u00e3o \u00e9 agrupar num banco de dados, informa\u00e7\u00f5es das vari\u00e1veis meteorol\u00f3gicas e ap\u00f3s an\u00e1lise e processamentos, nas formas de gr\u00e1ficos e relat\u00f3rios, divulgar junto \u00e0 sociedade de forma geral e aos usu\u00e1rios do setor agropecu\u00e1rio e agentes de Defesa Civil em particular. Prop\u00f5e-se ainda, com recursos de diferentes m\u00eddias (em especial a Internet) gerar respostas e propostas \u00e0 sociedade frente \u00e0 magnitude dos diferentes eventos, sejam eles geradores de sinistros ou n\u00e3o, de impacto negativo ou n\u00e3o, aos setores produtivos, sejam eles ligados ao setor agropecu\u00e1rio e tamb\u00e9m aos setores produtivos urbanos.<\/p>\n<p><strong>Palavras-chave:<\/strong> agrometeorologia, dados meteorol\u00f3gicos, planejamento e gest\u00e3o, monitoramento de tempo<\/p>\n<p><strong>\u00a0<\/strong><\/p>\n<p><strong>P\u00fablico- Alvo: <\/strong>O presente projeto contempla atingir institui\u00e7\u00f5es governamentais, institui\u00e7\u00f5es privadas do setor agropecu\u00e1rio, imprensa em geral, institui\u00e7\u00f5es de ensino e apoio \u00e0 pesquisa, em diferentes esferas da sociedade.<\/p>\n","protected":false},"excerpt":{"rendered":"<p>Coordenador: Prof. Jos\u00e9 Carlos Mendon\u00e7a As atividades humanas tais como a agricultura e a pecu\u00e1ria, os recursos h\u00eddricos e tamb\u00e9m&#8230;<\/p>\n","protected":false},"author":20,"featured_media":0,"parent":321,"menu_order":0,"comment_status":"closed","ping_status":"closed","template":"","meta":{"footnotes":""},"class_list":["post-338","page","type-page","status-publish","hentry"],"_links":{"self":[{"href":"https:\/\/uenf.br\/ccta\/cooex\/wp-json\/wp\/v2\/pages\/338","targetHints":{"allow":["GET"]}}],"collection":[{"href":"https:\/\/uenf.br\/ccta\/cooex\/wp-json\/wp\/v2\/pages"}],"about":[{"href":"https:\/\/uenf.br\/ccta\/cooex\/wp-json\/wp\/v2\/types\/page"}],"author":[{"embeddable":true,"href":"https:\/\/uenf.br\/ccta\/cooex\/wp-json\/wp\/v2\/users\/20"}],"replies":[{"embeddable":true,"href":"https:\/\/uenf.br\/ccta\/cooex\/wp-json\/wp\/v2\/comments?post=338"}],"version-history":[{"count":0,"href":"https:\/\/uenf.br\/ccta\/cooex\/wp-json\/wp\/v2\/pages\/338\/revisions"}],"up":[{"embeddable":true,"href":"https:\/\/uenf.br\/ccta\/cooex\/wp-json\/wp\/v2\/pages\/321"}],"wp:attachment":[{"href":"https:\/\/uenf.br\/ccta\/cooex\/wp-json\/wp\/v2\/media?parent=338"}],"curies":[{"name":"wp","href":"https:\/\/api.w.org\/{rel}","templated":true}]}}