{"id":371,"date":"2016-11-03T16:48:53","date_gmt":"2016-11-03T18:48:53","guid":{"rendered":"http:\/\/uenf.br\/ccta\/cooex\/?page_id=371"},"modified":"2016-11-04T15:40:57","modified_gmt":"2016-11-04T17:40:57","slug":"vulnerabilidade-socioambiental-e-sanitaria-zoonoses-e-suas-implicacoes-na-qualidade-de-vida-de-assentados-rurais-no-norte-e-noroeste-fluminense","status":"publish","type":"page","link":"https:\/\/uenf.br\/ccta\/cooex\/acoes-extensionistas\/projetos-por-laboratorio\/laboratorio-de-sanidade-animal-lsa\/vulnerabilidade-socioambiental-e-sanitaria-zoonoses-e-suas-implicacoes-na-qualidade-de-vida-de-assentados-rurais-no-norte-e-noroeste-fluminense\/","title":{"rendered":"Vulnerabilidade Socioambiental e Sanit\u00e1ria: Zoonoses e suas implica\u00e7\u00f5es na qualidade de vida de Assentados Rurais no Norte e Noroeste Fluminense."},"content":{"rendered":"<p style=\"text-align: justify\"><strong>Coordenador:<\/strong> Prof.\u00a0Olney Vieira da Motta<\/p>\n<p style=\"text-align: justify\">Popula\u00e7\u00f5es carentes de diferentes regi\u00f5es brasileiras est\u00e3o vulner\u00e1veis devido ao risco eminente de contato com agentes microbianos patog\u00eanicos, sendo muitos deles provenientes de contato com ambiente contaminado e com animais. As doen\u00e7as adquiridas por contato com os animais s\u00e3o denominadas zoonoses. O trabalho abranger\u00e1 popula\u00e7\u00f5es animais e de humanos considerados vulner\u00e1veis, que vivem em assentamentos rurais da regi\u00e3o. Os objetivos visam o estudo de agentes microbianos patog\u00eanicos, de car\u00e1ter zoon\u00f3tico, em ambiente agropecu\u00e1rio e agr\u00edcola de zonas rurais. O p\u00fablico atingido inclui animais de diferentes esp\u00e9cies, pessoas de ambos os sexos e faixas et\u00e1rias que residam em assentamentos rurais da regi\u00e3o Norte e Noroeste Fluminense. Ser\u00e3o avaliados animais que tenham contato di\u00e1rio com os seus propriet\u00e1rios, classificados como de estima\u00e7\u00e3o ou de produ\u00e7\u00e3o. Os agentes microbianos isolados ter\u00e3o caracterizados seu perfil de resist\u00eancia \u00e0s drogas, para caracterizarmos a exist\u00eancia de microrganismos multirresistentes e fatores que os caracterizem como potenciais causadores de infec\u00e7\u00f5es, tais como: produ\u00e7\u00e3o de biofilme, produ\u00e7\u00e3o de toxinas e resist\u00eancia aos f\u00e1rmacos de rotina veterin\u00e1ria e m\u00e9dica. A resist\u00eancia de microrganismos aos antibi\u00f3ticos beta-lact\u00e2micos \u00e9 um dos objetivos deste projeto, por representarem risco para pessoas imunologicamente debilitadas tendo em vista o mau uso de medicamentos pela popula\u00e7\u00e3o e a atual presen\u00e7a de bact\u00e9rias multirresistentes \u00e0s drogas no ambiente. Bact\u00e9rias do g\u00eanero <em>Staphylococcus<\/em> multirresistentes, resistentes \u00e0 oxacilina e principalmente as esp\u00e9cies coagulase-negativas (SCN) resistentes \u00e0 cefoxitina ser\u00e3o submetidas \u00e0 an\u00e1lise de presen\u00e7a de genes de resist\u00eancia \u00e0 meticilina por meio de t\u00e9cnica molecular. As enterobacteri\u00e1ceas tamb\u00e9m ser\u00e3o avaliadas e estudados fatores de patogenicidade e genes de resist\u00eancia a antimicrobianos. Outros microrganismos com potencial patog\u00eanico, tais como o fungo <em>Sporothrix <\/em>spp., causador da esporotricose ser\u00e3o avaliados molecularmente. Durante as visitas domiciliares, ser\u00e1 preenchido um question\u00e1rio englobando informa\u00e7\u00e3o do n\u00edvel socioecon\u00f4mico e educacional, al\u00e9m de informa\u00e7\u00e3o sobre no\u00e7\u00f5es b\u00e1sicas sobre sa\u00fade p\u00fablica. Cada amostra do microrganismo isolado ser\u00e1 devidamente cadastrada e estocada para compor a bacterioteca e micoteca do Laborat\u00f3rio de Sanidade Animal.<\/p>\n<p>&nbsp;<\/p>\n<p>P\u00fablico-Alvo: Comunidades de assentamentos rurais na regi\u00e3o Norte e Noroeste Fluminense: Santo Amaro , Ilha Grande, Che Guevara, Tipiti, S\u00e3o Fidelis \u00a0e Floresta de Bel\u00e9m. Outras comunidades poder\u00e3o ser inclu\u00eddas no andamento do projeto.<\/p>\n","protected":false},"excerpt":{"rendered":"<p>Coordenador: Prof.\u00a0Olney Vieira da Motta Popula\u00e7\u00f5es carentes de diferentes regi\u00f5es brasileiras est\u00e3o vulner\u00e1veis devido ao risco eminente de contato com&#8230;<\/p>\n","protected":false},"author":20,"featured_media":0,"parent":376,"menu_order":0,"comment_status":"closed","ping_status":"closed","template":"","meta":{"footnotes":""},"class_list":["post-371","page","type-page","status-publish","hentry"],"_links":{"self":[{"href":"https:\/\/uenf.br\/ccta\/cooex\/wp-json\/wp\/v2\/pages\/371","targetHints":{"allow":["GET"]}}],"collection":[{"href":"https:\/\/uenf.br\/ccta\/cooex\/wp-json\/wp\/v2\/pages"}],"about":[{"href":"https:\/\/uenf.br\/ccta\/cooex\/wp-json\/wp\/v2\/types\/page"}],"author":[{"embeddable":true,"href":"https:\/\/uenf.br\/ccta\/cooex\/wp-json\/wp\/v2\/users\/20"}],"replies":[{"embeddable":true,"href":"https:\/\/uenf.br\/ccta\/cooex\/wp-json\/wp\/v2\/comments?post=371"}],"version-history":[{"count":0,"href":"https:\/\/uenf.br\/ccta\/cooex\/wp-json\/wp\/v2\/pages\/371\/revisions"}],"up":[{"embeddable":true,"href":"https:\/\/uenf.br\/ccta\/cooex\/wp-json\/wp\/v2\/pages\/376"}],"wp:attachment":[{"href":"https:\/\/uenf.br\/ccta\/cooex\/wp-json\/wp\/v2\/media?parent=371"}],"curies":[{"name":"wp","href":"https:\/\/api.w.org\/{rel}","templated":true}]}}