{"id":382,"date":"2016-11-03T17:06:19","date_gmt":"2016-11-03T19:06:19","guid":{"rendered":"http:\/\/uenf.br\/ccta\/cooex\/?page_id=382"},"modified":"2016-11-04T15:39:44","modified_gmt":"2016-11-04T17:39:44","slug":"investigacao-parasitaria-de-areias-de-pracas-publicas-do-municipio-de-campos-dos-goytacazes-rj-areas-de-lazer-ou-de-risco","status":"publish","type":"page","link":"https:\/\/uenf.br\/ccta\/cooex\/acoes-extensionistas\/projetos-por-laboratorio\/laboratorio-de-sanidade-animal-lsa\/investigacao-parasitaria-de-areias-de-pracas-publicas-do-municipio-de-campos-dos-goytacazes-rj-areas-de-lazer-ou-de-risco\/","title":{"rendered":"Investiga\u00e7\u00e3o Parasit\u00e1ria de Areias de Pra\u00e7as P\u00fablicas do Munic\u00edpio de Campos dos Goytacazes, RJ: \u00c1reas de lazer ou de Risco?"},"content":{"rendered":"<p style=\"text-align: justify\"><strong>Coordenadora:<\/strong> Prof\u00aa\u00a0Maria Ang\u00e9lica Vieira da Costa Pereira<\/p>\n<p style=\"text-align: justify\">Ao transitar com sua fam\u00edlia pelas pra\u00e7as p\u00fablicas, a popula\u00e7\u00e3o torna-se suscept\u00edvel a doen\u00e7as de cunho zoon\u00f3tico, sobretudo as crian\u00e7as. Em completude, visivelmente encontram-se problemas urbanos, tais como ac\u00famulo de lixo, onde deveria haver lazer e preserva\u00e7\u00e3o do ambiente. Os materiais antes vistos como lixo, passam a assumir papel inclusivo, visto que se tornar\u00e3o mat\u00e9ria para a conscientiza\u00e7\u00e3o da popula\u00e7\u00e3o a cerca da preserva\u00e7\u00e3o do meio ambiente ao qual est\u00e3o inseridos. O projeto tem uma vis\u00e3o s\u00f3cio-sanit\u00e1ria e ambiental, pois abranger\u00e1 a pesquisa parasitol\u00f3gica de areias de pra\u00e7as p\u00fablicas e coleta de res\u00edduos s\u00f3lidos. Outro aspecto relevante que ser\u00e1 analisado \u00e9 o fato destas pra\u00e7as serem freq\u00fcentadas por animais de posse respons\u00e1vel e errantes, estreitando o contato direto e indireto entre a popula\u00e7\u00e3o humana e animal. O diagn\u00f3stico laboratorial se dar\u00e1 por meio dos M\u00e9todos de Faust modificado e de Hoffmann modificado. Almeja-se para nossas pra\u00e7as p\u00fablicas, a obten\u00e7\u00e3o de um ambiente limpo e seguro; frequentadores educado e multiplica\u00e7\u00e3o de saberes a popula\u00e7\u00e3o, no controle de geohelmintoses de potencial zoon\u00f3tico, transmitidas via solo e\/ou \u00e1gua.<\/p>\n<p>&nbsp;<\/p>\n<p>&nbsp;<\/p>\n<p>P\u00fablico-Alvo: Popula\u00e7\u00e3o urbana, principalmente crian\u00e7as.<\/p>\n<p>&nbsp;<\/p>\n<p>&nbsp;<\/p>\n","protected":false},"excerpt":{"rendered":"<p>Coordenadora: Prof\u00aa\u00a0Maria Ang\u00e9lica Vieira da Costa Pereira Ao transitar com sua fam\u00edlia pelas pra\u00e7as p\u00fablicas, a popula\u00e7\u00e3o torna-se suscept\u00edvel a&#8230;<\/p>\n","protected":false},"author":20,"featured_media":0,"parent":376,"menu_order":0,"comment_status":"closed","ping_status":"closed","template":"","meta":{"footnotes":""},"class_list":["post-382","page","type-page","status-publish","hentry"],"_links":{"self":[{"href":"https:\/\/uenf.br\/ccta\/cooex\/wp-json\/wp\/v2\/pages\/382","targetHints":{"allow":["GET"]}}],"collection":[{"href":"https:\/\/uenf.br\/ccta\/cooex\/wp-json\/wp\/v2\/pages"}],"about":[{"href":"https:\/\/uenf.br\/ccta\/cooex\/wp-json\/wp\/v2\/types\/page"}],"author":[{"embeddable":true,"href":"https:\/\/uenf.br\/ccta\/cooex\/wp-json\/wp\/v2\/users\/20"}],"replies":[{"embeddable":true,"href":"https:\/\/uenf.br\/ccta\/cooex\/wp-json\/wp\/v2\/comments?post=382"}],"version-history":[{"count":0,"href":"https:\/\/uenf.br\/ccta\/cooex\/wp-json\/wp\/v2\/pages\/382\/revisions"}],"up":[{"embeddable":true,"href":"https:\/\/uenf.br\/ccta\/cooex\/wp-json\/wp\/v2\/pages\/376"}],"wp:attachment":[{"href":"https:\/\/uenf.br\/ccta\/cooex\/wp-json\/wp\/v2\/media?parent=382"}],"curies":[{"name":"wp","href":"https:\/\/api.w.org\/{rel}","templated":true}]}}