{"id":387,"date":"2016-11-03T17:16:31","date_gmt":"2016-11-03T19:16:31","guid":{"rendered":"http:\/\/uenf.br\/ccta\/cooex\/?page_id=387"},"modified":"2016-11-03T17:27:22","modified_gmt":"2016-11-03T19:27:22","slug":"laboratorio-de-solos-lsol","status":"publish","type":"page","link":"https:\/\/uenf.br\/ccta\/cooex\/acoes-extensionistas\/projetos-por-laboratorio\/laboratorio-de-solos-lsol\/","title":{"rendered":"Laborat\u00f3rio de Solos &#8211; LSOL"},"content":{"rendered":"<ul>\n<li><a href=\"https:\/\/uenf.br\/ccta\/cooex\/unidades-agroecologicas-de-producao-de-cana-de-acucar-em-areas-de-reforma-agraria-no-norte-fluminense\/\">Unidades agroecol\u00f3gicas de produ\u00e7\u00e3o de cana-de-a\u00e7\u00facar em \u00e1reas de reforma agr\u00e1ria no Norte Fluminense.<\/a><\/li>\n<\/ul>\n","protected":false},"excerpt":{"rendered":"<p>Unidades agroecol\u00f3gicas de produ\u00e7\u00e3o de cana-de-a\u00e7\u00facar em \u00e1reas de reforma agr\u00e1ria no Norte Fluminense.<\/p>\n","protected":false},"author":20,"featured_media":0,"parent":14,"menu_order":0,"comment_status":"closed","ping_status":"closed","template":"","meta":{"footnotes":""},"class_list":["post-387","page","type-page","status-publish","hentry"],"_links":{"self":[{"href":"https:\/\/uenf.br\/ccta\/cooex\/wp-json\/wp\/v2\/pages\/387","targetHints":{"allow":["GET"]}}],"collection":[{"href":"https:\/\/uenf.br\/ccta\/cooex\/wp-json\/wp\/v2\/pages"}],"about":[{"href":"https:\/\/uenf.br\/ccta\/cooex\/wp-json\/wp\/v2\/types\/page"}],"author":[{"embeddable":true,"href":"https:\/\/uenf.br\/ccta\/cooex\/wp-json\/wp\/v2\/users\/20"}],"replies":[{"embeddable":true,"href":"https:\/\/uenf.br\/ccta\/cooex\/wp-json\/wp\/v2\/comments?post=387"}],"version-history":[{"count":0,"href":"https:\/\/uenf.br\/ccta\/cooex\/wp-json\/wp\/v2\/pages\/387\/revisions"}],"up":[{"embeddable":true,"href":"https:\/\/uenf.br\/ccta\/cooex\/wp-json\/wp\/v2\/pages\/14"}],"wp:attachment":[{"href":"https:\/\/uenf.br\/ccta\/cooex\/wp-json\/wp\/v2\/media?parent=387"}],"curies":[{"name":"wp","href":"https:\/\/api.w.org\/{rel}","templated":true}]}}