{"id":389,"date":"2016-11-03T17:18:01","date_gmt":"2016-11-03T19:18:01","guid":{"rendered":"http:\/\/uenf.br\/ccta\/cooex\/?page_id=389"},"modified":"2016-11-04T15:43:48","modified_gmt":"2016-11-04T17:43:48","slug":"unidades-agroecologicas-de-producao-de-cana-de-acucar-em-areas-de-reforma-agraria-no-norte-fluminense","status":"publish","type":"page","link":"https:\/\/uenf.br\/ccta\/cooex\/acoes-extensionistas\/projetos-por-laboratorio\/laboratorio-de-solos-lsol\/unidades-agroecologicas-de-producao-de-cana-de-acucar-em-areas-de-reforma-agraria-no-norte-fluminense\/","title":{"rendered":"Unidades agroecol\u00f3gicas de produ\u00e7\u00e3o de cana-de-a\u00e7\u00facar em \u00e1reas de reforma agr\u00e1ria no Norte Fluminense."},"content":{"rendered":"<p style=\"text-align: justify\"><strong>Coordenador:<\/strong> Prof.\u00a0Luciano Pasqualoto Canellas<\/p>\n<p style=\"text-align: justify\">A agroind\u00fastria para produ\u00e7\u00e3o de cacha\u00e7a no assentamento Che Guevara e de a\u00e7\u00facar mascavo em processo de implanta\u00e7\u00e3o no assentamento Zumbi dos Palmares com recursos do Minist\u00e9rio de Desenvolvimento Agr\u00e1rio (MDA, programa Terra Forte) exigem fornecimento de cana. A reforma agr\u00e1ria no Norte Fluminense tem como objetivo eliminar a exclus\u00e3o social e a mis\u00e9ria no campo e, para tanto, luta para modificar o principal modo de uso da terra, ou seja, a centen\u00e1ria monocultura de cana-de-a\u00e7\u00facar. Pretende-se continuar contribuindo para supera\u00e7\u00e3o dessa contradi\u00e7\u00e3o com a implementa\u00e7\u00e3o de unidades agroecol\u00f3gicas de produ\u00e7\u00e3o de cana para aumentar a biodiversidade e a diversidade alimentar dos agricultores, abastecer as unidades agroindustriais familiares e criar polos de ensino e pesquisa participativa, como tal j\u00e1 vem sendo realizado. O desenho das unidades experimentais ser\u00e1 realizado em conjunto com os agricultores. Ser\u00e1 proposto inicialmente faixas intercaladas de plantas frut\u00edferas, madeira\u00a0 e oler\u00edcolas com a cana-de-a\u00e7\u00facar. O monitoramento da interven\u00e7\u00e3o ser\u00e1 realizado com a qualidade do solo e sustentabilidade da produ\u00e7\u00e3o. Espera-se contribuir com o aumento da seguran\u00e7a e diversidade alimentar dos agricultores e avaliar um modelo inovador de produ\u00e7\u00e3o de cana-de-a\u00e7\u00facar.<\/p>\n<p>P\u00fablico-Alvo: Fam\u00edlias assentadas da reforma agr\u00e1ria no Norte Fluminense<\/p>\n<p>&nbsp;<\/p>\n","protected":false},"excerpt":{"rendered":"<p>Coordenador: Prof.\u00a0Luciano Pasqualoto Canellas A agroind\u00fastria para produ\u00e7\u00e3o de cacha\u00e7a no assentamento Che Guevara e de a\u00e7\u00facar mascavo em processo&#8230;<\/p>\n","protected":false},"author":20,"featured_media":0,"parent":387,"menu_order":0,"comment_status":"closed","ping_status":"closed","template":"","meta":{"footnotes":""},"class_list":["post-389","page","type-page","status-publish","hentry"],"_links":{"self":[{"href":"https:\/\/uenf.br\/ccta\/cooex\/wp-json\/wp\/v2\/pages\/389","targetHints":{"allow":["GET"]}}],"collection":[{"href":"https:\/\/uenf.br\/ccta\/cooex\/wp-json\/wp\/v2\/pages"}],"about":[{"href":"https:\/\/uenf.br\/ccta\/cooex\/wp-json\/wp\/v2\/types\/page"}],"author":[{"embeddable":true,"href":"https:\/\/uenf.br\/ccta\/cooex\/wp-json\/wp\/v2\/users\/20"}],"replies":[{"embeddable":true,"href":"https:\/\/uenf.br\/ccta\/cooex\/wp-json\/wp\/v2\/comments?post=389"}],"version-history":[{"count":0,"href":"https:\/\/uenf.br\/ccta\/cooex\/wp-json\/wp\/v2\/pages\/389\/revisions"}],"up":[{"embeddable":true,"href":"https:\/\/uenf.br\/ccta\/cooex\/wp-json\/wp\/v2\/pages\/387"}],"wp:attachment":[{"href":"https:\/\/uenf.br\/ccta\/cooex\/wp-json\/wp\/v2\/media?parent=389"}],"curies":[{"name":"wp","href":"https:\/\/api.w.org\/{rel}","templated":true}]}}