{"id":396,"date":"2016-11-03T17:34:00","date_gmt":"2016-11-03T19:34:00","guid":{"rendered":"http:\/\/uenf.br\/ccta\/cooex\/?page_id=396"},"modified":"2016-11-04T14:37:12","modified_gmt":"2016-11-04T16:37:12","slug":"portelinha-e-uenf-aproximando-realidades-e-transformando-pessoas","status":"publish","type":"page","link":"https:\/\/uenf.br\/ccta\/cooex\/acoes-extensionistas\/projetos-por-laboratorio\/laboratorio-de-tecnologia-de-alimentos-lta-2\/portelinha-e-uenf-aproximando-realidades-e-transformando-pessoas\/","title":{"rendered":"Portelinha e UENF \u2013 aproximando realidades e transformando pessoas."},"content":{"rendered":"<p><strong>Coordenadora:<\/strong> Prof\u00aa\u00a0Karla Silva Ferreira<\/p>\n<p style=\"text-align: justify\">A Portelinha \u00e9 um conjunto habitacional vizinho \u00e0 UENF. \u00c9 constitu\u00eddo por apartamentos de 3 (tr\u00eas) quartos e habitado por fam\u00edlias com renda media de at\u00e9 3 (tr\u00eas) sal\u00e1rios m\u00ednimos. \u00c9 de conhecimento p\u00fablico o envolvimento da comunidade com tr\u00e1fico de drogas e suas crian\u00e7as vivem em situa\u00e7\u00e3o de risco social, com inseguran\u00e7a f\u00edsica e emocional. Elas brincam no Campus da UENF como se este fosse o quintal de suas casas. Tamb\u00e9m aparecem pedindo alimentos nos eventos festivos realizados no DCE e sede da ADUENF, pois s\u00e3o vistos pela rua que d\u00e1 acesso \u00e0 Portelinha. O tr\u00e2nsito destas crian\u00e7as dentro da UENF nos chamou a aten\u00e7\u00e3o: um mundo de ci\u00eancia de um lado da cerca e um mundo de pobreza, ignor\u00e2ncia e exclus\u00e3o exatamente do outro lado. Com o objetivo de humanizar esta rela\u00e7\u00e3o e contribuir com a educa\u00e7\u00e3o destas crian\u00e7as, come\u00e7amos a nos aproximar delas. Promovemos encontros quinzenais nos quais fazemos brincadeiras, conversamos, contamos est\u00f3rias, passamos filmes, ouvimos seus relatos, respondemos perguntas, explicamos ci\u00eancia e fazemos um lanche. Com isso, pouco a pouco, estamos conhecendo suas expectativas para o futuro, comportamento social, acesso a alimenta\u00e7\u00e3o e h\u00e1bitos de vida. Junto a isso vamos praticando bons h\u00e1bitos de higiene, alimenta\u00e7\u00e3o, comportamento e transmitindo no\u00e7\u00f5es de cidadania, dos direitos e deveres e a necessidade do respeito ao outro e ao patrim\u00f4nio p\u00fablico. O objetivo maior de nossas a\u00e7\u00f5es \u00e9 faz\u00ea-las entender que \u00e9 poss\u00edvel sair da linha da pobreza e marginaliza\u00e7\u00e3o e viver em um ambiente melhor. Que uma das portas para isso \u00e9 a educa\u00e7\u00e3o, ingressando em uma Universidade. Este trabalho come\u00e7ou em setembro de 2015 e conta com a participa\u00e7\u00e3o de in\u00fameros estudantes de gradua\u00e7\u00e3o da UENF. S\u00e3o chamados de \u201ctios\u201d pelas crian\u00e7as. Eles brincam e as orientam em duas tardes de domingo por m\u00eas. As atividades l\u00fadicas, educativas e lanche s\u00e3o realizadas pr\u00f3ximo ao Diret\u00f3rio Central dos Estudantes (DCE). Aproximadamente 35 crian\u00e7as participam do projeto, com idade at\u00e9 14 anos. As menores s\u00e3o trazidas no colo pelos irm\u00e3os maiores, que s\u00e3o incumbidas pelos pais de tomar conta dos irm\u00e3os. Alguns pais j\u00e1 foram contatados e permitem que seus filhos participem destas atividades. Outros talvez nem se interessem em saber. Entretanto, dentre as a\u00e7\u00f5es previstas nestes trabalho est\u00e1 o cadastramento de todas estas crian\u00e7as, com informa\u00e7\u00f5es sobre suas realidades, e o contato com seus pais ou respons\u00e1veis (trabalho este que j\u00e1 come\u00e7ou a ser feito). Com o desenvolvimento deste projeto temos a expectativa de que algumas destas crian\u00e7as direcionem suas a\u00e7\u00f5es para conseguirem melhores condi\u00e7\u00f5es de vida futuramente. Como exemplo, lhes mostramos que a UENF as acolhe amigavelmente e que estudar nela \u00e9 um caminho para conseguirem melhor condi\u00e7\u00e3o de vida.<\/p>\n<p>P\u00fablico-alvo:\u00a0crian\u00e7as e adolescentes.<\/p>\n","protected":false},"excerpt":{"rendered":"<p>Coordenadora: Prof\u00aa\u00a0Karla Silva Ferreira A Portelinha \u00e9 um conjunto habitacional vizinho \u00e0 UENF. \u00c9 constitu\u00eddo por apartamentos de 3 (tr\u00eas)&#8230;<\/p>\n","protected":false},"author":20,"featured_media":0,"parent":398,"menu_order":0,"comment_status":"closed","ping_status":"closed","template":"","meta":{"footnotes":""},"class_list":["post-396","page","type-page","status-publish","hentry"],"_links":{"self":[{"href":"https:\/\/uenf.br\/ccta\/cooex\/wp-json\/wp\/v2\/pages\/396","targetHints":{"allow":["GET"]}}],"collection":[{"href":"https:\/\/uenf.br\/ccta\/cooex\/wp-json\/wp\/v2\/pages"}],"about":[{"href":"https:\/\/uenf.br\/ccta\/cooex\/wp-json\/wp\/v2\/types\/page"}],"author":[{"embeddable":true,"href":"https:\/\/uenf.br\/ccta\/cooex\/wp-json\/wp\/v2\/users\/20"}],"replies":[{"embeddable":true,"href":"https:\/\/uenf.br\/ccta\/cooex\/wp-json\/wp\/v2\/comments?post=396"}],"version-history":[{"count":0,"href":"https:\/\/uenf.br\/ccta\/cooex\/wp-json\/wp\/v2\/pages\/396\/revisions"}],"up":[{"embeddable":true,"href":"https:\/\/uenf.br\/ccta\/cooex\/wp-json\/wp\/v2\/pages\/398"}],"wp:attachment":[{"href":"https:\/\/uenf.br\/ccta\/cooex\/wp-json\/wp\/v2\/media?parent=396"}],"curies":[{"name":"wp","href":"https:\/\/api.w.org\/{rel}","templated":true}]}}