{"id":398,"date":"2016-11-03T17:35:31","date_gmt":"2016-11-03T19:35:31","guid":{"rendered":"http:\/\/uenf.br\/ccta\/cooex\/?page_id=398"},"modified":"2016-11-04T14:35:44","modified_gmt":"2016-11-04T16:35:44","slug":"laboratorio-de-tecnologia-de-alimentos-lta-2","status":"publish","type":"page","link":"https:\/\/uenf.br\/ccta\/cooex\/acoes-extensionistas\/projetos-por-laboratorio\/laboratorio-de-tecnologia-de-alimentos-lta-2\/","title":{"rendered":"Laborat\u00f3rio de Tecnologia de Alimentos &#8211; LTA"},"content":{"rendered":"<ul>\n<li style=\"text-align: justify\"><a href=\"https:\/\/uenf.br\/ccta\/cooex\/avaliacao-das-condicoes-de-comercializacao-das-carnes-no-municipio-de-campos-dos-goytacazes-rj\/\">Avalia\u00e7\u00e3o das condi\u00e7\u00f5es de comercializa\u00e7\u00e3o das carnes no Municipio de Campos dos Goytacazes \u2013 RJ.<\/a><\/li>\n<li style=\"text-align: justify\"><a href=\"https:\/\/uenf.br\/ccta\/cooex\/conhecendo-a-agroindustria-da-regiao-de-campos-dos-goytacazes-rj\/\">Conhecendo a agroind\u00fastria da Regi\u00e3o de Campos dos Goytacazes, RJ.<\/a><\/li>\n<li style=\"text-align: justify\">\u00a0<a href=\"https:\/\/uenf.br\/ccta\/cooex\/acoes-extensionistas\/projetos-por-laboratorio\/laboratorio-de-tecnologia-de-alimentos-lta-2\/portelinha-e-uenf-aproximando-realidades-e-transformando-pessoas\/\">Portelinha e UENF \u2013 aproximando realidades e transformando pessoas.<\/a><\/li>\n<li><a href=\"https:\/\/uenf.br\/ccta\/cooex\/qualidade-higienico-sanitaria-de-alimentos-comercializados-em-restaurantes-da-cidade-de-campos-dos-goytacazes-rj-brasil\/\">Qualidade higi\u00eanico-sanit\u00e1ria de alimentos comercializados em restaurantes da cidade de Campos dos Goytacazes &#8211; RJ, Brasil.\u00a0<\/a><\/li>\n<\/ul>\n","protected":false},"excerpt":{"rendered":"<p>Avalia\u00e7\u00e3o das condi\u00e7\u00f5es de comercializa\u00e7\u00e3o das carnes no Municipio de Campos dos Goytacazes \u2013 RJ. Conhecendo a agroind\u00fastria da Regi\u00e3o&#8230;<\/p>\n","protected":false},"author":20,"featured_media":0,"parent":14,"menu_order":0,"comment_status":"closed","ping_status":"closed","template":"","meta":{"footnotes":""},"class_list":["post-398","page","type-page","status-publish","hentry"],"_links":{"self":[{"href":"https:\/\/uenf.br\/ccta\/cooex\/wp-json\/wp\/v2\/pages\/398","targetHints":{"allow":["GET"]}}],"collection":[{"href":"https:\/\/uenf.br\/ccta\/cooex\/wp-json\/wp\/v2\/pages"}],"about":[{"href":"https:\/\/uenf.br\/ccta\/cooex\/wp-json\/wp\/v2\/types\/page"}],"author":[{"embeddable":true,"href":"https:\/\/uenf.br\/ccta\/cooex\/wp-json\/wp\/v2\/users\/20"}],"replies":[{"embeddable":true,"href":"https:\/\/uenf.br\/ccta\/cooex\/wp-json\/wp\/v2\/comments?post=398"}],"version-history":[{"count":0,"href":"https:\/\/uenf.br\/ccta\/cooex\/wp-json\/wp\/v2\/pages\/398\/revisions"}],"up":[{"embeddable":true,"href":"https:\/\/uenf.br\/ccta\/cooex\/wp-json\/wp\/v2\/pages\/14"}],"wp:attachment":[{"href":"https:\/\/uenf.br\/ccta\/cooex\/wp-json\/wp\/v2\/media?parent=398"}],"curies":[{"name":"wp","href":"https:\/\/api.w.org\/{rel}","templated":true}]}}