{"id":426,"date":"2016-11-04T14:44:29","date_gmt":"2016-11-04T16:44:29","guid":{"rendered":"http:\/\/uenf.br\/ccta\/cooex\/?page_id=426"},"modified":"2016-11-04T14:55:53","modified_gmt":"2016-11-04T16:55:53","slug":"laboratorio-de-zootecnia","status":"publish","type":"page","link":"https:\/\/uenf.br\/ccta\/cooex\/acoes-extensionistas\/projetos-por-laboratorio\/laboratorio-de-zootecnia\/","title":{"rendered":"Laborat\u00f3rio de Zootecnia"},"content":{"rendered":"<ul>\n<li><a href=\"https:\/\/uenf.br\/ccta\/cooex\/capacitacao-e-assistencia-tecnica-em-avicultura-a-pequenos-produtores-da-regiao-norte-fluminense\/\">Capacita\u00e7\u00e3o\u00a0e assist\u00eancia t\u00e9cnica em avicultura a pequenos produtores da regi\u00e3o Norte Fluminense.<\/a><\/li>\n<li><a href=\"https:\/\/uenf.br\/ccta\/cooex\/diagnostico-dos-impactos-das-tecnicas-de-producao-de-peixes-ornamentais-na-regiao-de-patrocinio-muriae\/\">Diagn\u00f3stico dos impactos das t\u00e9cnicas de produ\u00e7\u00e3o de peixes ornamentais na Regi\u00e3o de Patroc\u00ednio &#8211; Muria\u00e9.<\/a><\/li>\n<\/ul>\n","protected":false},"excerpt":{"rendered":"<p>Capacita\u00e7\u00e3o\u00a0e assist\u00eancia t\u00e9cnica em avicultura a pequenos produtores da regi\u00e3o Norte Fluminense. Diagn\u00f3stico dos impactos das t\u00e9cnicas de produ\u00e7\u00e3o de&#8230;<\/p>\n","protected":false},"author":20,"featured_media":0,"parent":14,"menu_order":0,"comment_status":"closed","ping_status":"closed","template":"","meta":{"footnotes":""},"class_list":["post-426","page","type-page","status-publish","hentry"],"_links":{"self":[{"href":"https:\/\/uenf.br\/ccta\/cooex\/wp-json\/wp\/v2\/pages\/426","targetHints":{"allow":["GET"]}}],"collection":[{"href":"https:\/\/uenf.br\/ccta\/cooex\/wp-json\/wp\/v2\/pages"}],"about":[{"href":"https:\/\/uenf.br\/ccta\/cooex\/wp-json\/wp\/v2\/types\/page"}],"author":[{"embeddable":true,"href":"https:\/\/uenf.br\/ccta\/cooex\/wp-json\/wp\/v2\/users\/20"}],"replies":[{"embeddable":true,"href":"https:\/\/uenf.br\/ccta\/cooex\/wp-json\/wp\/v2\/comments?post=426"}],"version-history":[{"count":0,"href":"https:\/\/uenf.br\/ccta\/cooex\/wp-json\/wp\/v2\/pages\/426\/revisions"}],"up":[{"embeddable":true,"href":"https:\/\/uenf.br\/ccta\/cooex\/wp-json\/wp\/v2\/pages\/14"}],"wp:attachment":[{"href":"https:\/\/uenf.br\/ccta\/cooex\/wp-json\/wp\/v2\/media?parent=426"}],"curies":[{"name":"wp","href":"https:\/\/api.w.org\/{rel}","templated":true}]}}