{"id":434,"date":"2016-11-04T14:54:39","date_gmt":"2016-11-04T16:54:39","guid":{"rendered":"http:\/\/uenf.br\/ccta\/cooex\/?page_id=434"},"modified":"2016-11-04T15:04:33","modified_gmt":"2016-11-04T17:04:33","slug":"diagnostico-dos-impactos-das-tecnicas-de-producao-de-peixes-ornamentais-na-regiao-de-patrocinio-muriae","status":"publish","type":"page","link":"https:\/\/uenf.br\/ccta\/cooex\/acoes-extensionistas\/projetos-por-laboratorio\/laboratorio-de-zootecnia\/diagnostico-dos-impactos-das-tecnicas-de-producao-de-peixes-ornamentais-na-regiao-de-patrocinio-muriae\/","title":{"rendered":"Diagn\u00f3stico dos impactos das t\u00e9cnicas de produ\u00e7\u00e3o de peixes ornamentais na Regi\u00e3o de Patroc\u00ednio &#8211; Muria\u00e9."},"content":{"rendered":"<p><strong>Coordenador:<\/strong> Prof. Manuel Vazquez Vidal Junior<\/p>\n<p style=\"text-align: justify\">As tecnologias de produ\u00e7\u00e3o empregadas atualmente no p\u00f3lo produtivo de Patroc\u00ednio do Muria\u00e9 foram criadas pelos produtores e introduzidas pela equipe de aquicultura da UENF. Tradicionalmente adota-se o modelo de cultivo intensivo in-door com m\u00e3o-de-obra familiar. O ambiente de cultivo foi desenvolvido para o betta que apresenta diversas particularidades como a elevada temperatura de conforto t\u00e9rmico e a pouca necessidade de oxig\u00eanio dissolvido na \u00e1gua. Entretanto as press\u00f5es de mercado apontam que a monocultura desta esp\u00e9cie n\u00e3o \u00e9 a melhor alternativa para a sustentabilidade econ\u00f4mica j\u00e1 que aumenta a competi\u00e7\u00e3o dentro da associa\u00e7\u00e3o de produtores. No ano de 2013 foi introduzido o cultivo de melanot\u00eanias ma\u00e7\u00e3 e lacustre com boa efici\u00eancia, o que despertou a vontade de testar outras esp\u00e9cies, visando diversificar a produ\u00e7\u00e3o. A alternativa sugerida pelo conjunto produtores-UENF foi a introdu\u00e7\u00e3o de esp\u00e9cies que possam ser criadas no mesmo sistema que o betta, desconsiderando as mudan\u00e7as realizadas para os melanoten\u00eddeos, para que possam aproveitar os mesmos canais de comercializa\u00e7\u00e3o. Sugerimos o acar\u00e1-bandeira e o tricogaster leri, pela rusticidade e pela boa aceita\u00e7\u00e3o pelo mercado. Diante desta realidade est\u00e1 sendo proposto um projeto que visa desenvolver as tecnologias necess\u00e1rias para cultivo de acar\u00e1-bandeira e tricogaster leri adaptando as tecnologias utilizadas no cultivo de betta, sem perda de efici\u00eancia.<\/p>\n<p style=\"text-align: justify\"><strong>P\u00fablico-alvo:<\/strong> criadores de peixes ornamentais<\/p>\n","protected":false},"excerpt":{"rendered":"<p>Coordenador: Prof. Manuel Vazquez Vidal Junior As tecnologias de produ\u00e7\u00e3o empregadas atualmente no p\u00f3lo produtivo de Patroc\u00ednio do Muria\u00e9 foram&#8230;<\/p>\n","protected":false},"author":20,"featured_media":0,"parent":426,"menu_order":0,"comment_status":"closed","ping_status":"closed","template":"","meta":{"footnotes":""},"class_list":["post-434","page","type-page","status-publish","hentry"],"_links":{"self":[{"href":"https:\/\/uenf.br\/ccta\/cooex\/wp-json\/wp\/v2\/pages\/434","targetHints":{"allow":["GET"]}}],"collection":[{"href":"https:\/\/uenf.br\/ccta\/cooex\/wp-json\/wp\/v2\/pages"}],"about":[{"href":"https:\/\/uenf.br\/ccta\/cooex\/wp-json\/wp\/v2\/types\/page"}],"author":[{"embeddable":true,"href":"https:\/\/uenf.br\/ccta\/cooex\/wp-json\/wp\/v2\/users\/20"}],"replies":[{"embeddable":true,"href":"https:\/\/uenf.br\/ccta\/cooex\/wp-json\/wp\/v2\/comments?post=434"}],"version-history":[{"count":0,"href":"https:\/\/uenf.br\/ccta\/cooex\/wp-json\/wp\/v2\/pages\/434\/revisions"}],"up":[{"embeddable":true,"href":"https:\/\/uenf.br\/ccta\/cooex\/wp-json\/wp\/v2\/pages\/426"}],"wp:attachment":[{"href":"https:\/\/uenf.br\/ccta\/cooex\/wp-json\/wp\/v2\/media?parent=434"}],"curies":[{"name":"wp","href":"https:\/\/api.w.org\/{rel}","templated":true}]}}