{"id":447,"date":"2016-11-04T15:08:30","date_gmt":"2016-11-04T17:08:30","guid":{"rendered":"http:\/\/uenf.br\/ccta\/cooex\/?page_id=447"},"modified":"2016-11-04T15:12:05","modified_gmt":"2016-11-04T17:12:05","slug":"clinica-fitossanitaria-da-uenf","status":"publish","type":"page","link":"https:\/\/uenf.br\/ccta\/cooex\/acoes-extensionistas\/projetos-por-laboratorio\/laboratorio-de-entomologia-e-fitopatologia\/clinica-fitossanitaria-da-uenf\/","title":{"rendered":"Cl\u00ednica Fitossanit\u00e1ria da UENF"},"content":{"rendered":"<div class=\"m_-7598535933961702784gmail-post-bodycopy m_-7598535933961702784gmail-clearfix\">\n<p><a href=\"https:\/\/uenf.br\/ccta\/cooex\/files\/2016\/10\/Imagem-Cl\u00ednica-Fitossanit\u00e1ria-UENF-1.jpg\"><img loading=\"lazy\" decoding=\"async\" class=\"alignleft wp-image-69\" src=\"https:\/\/uenf.br\/ccta\/cooex\/files\/2016\/10\/Imagem-Cl\u00ednica-Fitossanit\u00e1ria-UENF-1.jpg\" alt=\"imagem-clinica-fitossanitaria-uenf-1\" width=\"370\" height=\"270\" \/><\/a><\/p>\n<p><strong>Coordenador:<\/strong> Prof.\u00a0Silvaldo Felipe da Silveira<\/p>\n<p><strong>DESCRI\u00c7\u00c3O\u00a0GERAL<\/strong><\/p>\n<p><span style=\"font-family: arial, helvetica, sans-serif;font-size: small\">A Cl\u00ednica Fitossanit\u00e1ria da Universidade Estadual do Norte Fluminense Darcy Ribeiro presta servi\u00e7os de diagnose de doen\u00e7as de plantas, a partir de amostras oriundas de diversas regi\u00f5es do pa\u00eds e principalmente da regi\u00e3o norte e noroeste fluminense. O servi\u00e7o da Cl\u00ednica Fitossanit\u00e1ria da UENF, ativo desde 1995, tem se tornado fundamental para o desenvolvimento agr\u00edcola da regi\u00e3o, pois o diagn\u00f3stico correto \u00e9 o primeiro passo para o controle das doen\u00e7as que incidem nas lavouras.\u00a0Os registros realizados na cl\u00ednica s\u00e3o catalogados e permitem tra\u00e7ar um panorama da regi\u00e3o, inclusive das demandas de pesquisa a respeito das doen\u00e7as em plantas cultivadas. Ao mesmo tempo em que proporciona um atendimento altamente especializado, a cl\u00ednica fitossanit\u00e1ria garante oportunidade de treinamento aos alunos, futuros Engenheiros Agr\u00f4nomos, mediante a condu\u00e7\u00e3o de projetos de extens\u00e3o, monografias de conclus\u00e3o de curso e est\u00e1gios supervisionados. Visitas t\u00e9cnicas tamb\u00e9m poder\u00e3o ser solicitadas e agendadas.\u00a0<\/span><\/p>\n<p><span style=\"font-family: arial, helvetica, sans-serif;font-size: small\"><strong>DESCRI\u00c7\u00c3O\u00a0ESPEC\u00cdFICA<br \/>\n<\/strong>Exames de sanidade de plantas, tais como: diagn\u00f3stico r\u00e1pido por sintomatologia \/ an\u00e1lise de prepara\u00e7\u00f5es frescas ou culturas isoladas em meio de cultivo de pat\u00f3genos; ensaio de pat\u00f3genos desconhecidos em amostras de plantas; ensaio de pat\u00f3genos conhecidos em amostras de solo \u2013 g\u00eaneros f\u00fangicos (quantitativo); ensaio de pat\u00f3genos conhecidos em amostras de solo \u2013 nematoides em geral (qualitativo); ensaio de pat\u00f3genos conhecidos em amostras de solo \u2013 fitonematoides \u2013 g\u00eaneros principais (quantitativo); ensaio de pat\u00f3genos conhecidos em amostras de solo \u2013 nematoide das galhas (esp\u00e9cie); an\u00e1lise de amostras de sementes \u2013 de Blotter \u2013 fungos e bact\u00e9rias (g\u00eaneros); an\u00e1lise de amostras de sementes \u2013 pat\u00f3geno f\u00fangico espec\u00edfico (sob consulta); fornecimento de culturas-puras de micro-organismos.<\/span><\/p>\n<p><span style=\"font-family: arial, helvetica, sans-serif;font-size: small\"><strong>P\u00daBLICO-ALVO<\/strong><br \/>\nProdutores rurais; T\u00e9cnicos extensionistas e aut\u00f4nomos; \u00d3rg\u00e3os governamentais de fiscaliza\u00e7\u00e3o fitossanit\u00e1ria;Pesquisadores, graduandos e p\u00f3s-graduandos da UENF e outras Universidades, envolvidos com pesquisa e extens\u00e3o na \u00e1rea vegetal; Comerciantes do ramo agropecu\u00e1rio e a comunidade local, em geral.<\/span><\/p>\n<\/div>\n<h2 class=\"m_-7598535933961702784gmail-title_article\">Como agendar?<\/h2>\n<p><span style=\"font-family: arial, helvetica, sans-serif\">Telefone: (22) 2739-7258<\/span><\/p>\n<p><span style=\"font-family: arial, helvetica, sans-serif\">E-mail:\u00a0<a href=\"mailto:clinica@uenf.br\" target=\"_blank\">clinica@uenf.br<\/a><\/span><\/p>\n<p><span style=\"font-family: arial, helvetica, sans-serif\">Home page: clique\u00a0<strong><a title=\"Cl\u00ednica Fitossanit\u00e1ria da UENF\" href=\"http:\/\/www.clinicauenf.org\/\" target=\"_blank\">aqui<\/a><\/strong><\/span><\/p>\n<p><span style=\"font-family: arial, helvetica, sans-serif\"><br \/>\nContatos: Vicente Mussi Dias (t\u00e9cnico respons\u00e1vel), Silvaldo Felipe da Silveira (prof., coordenador)<\/span><\/p>\n","protected":false},"excerpt":{"rendered":"<p>Coordenador: Prof.\u00a0Silvaldo Felipe da Silveira DESCRI\u00c7\u00c3O\u00a0GERAL A Cl\u00ednica Fitossanit\u00e1ria da Universidade Estadual do Norte Fluminense Darcy Ribeiro presta servi\u00e7os de&#8230;<\/p>\n","protected":false},"author":20,"featured_media":0,"parent":119,"menu_order":0,"comment_status":"closed","ping_status":"closed","template":"","meta":{"footnotes":""},"class_list":["post-447","page","type-page","status-publish","hentry"],"_links":{"self":[{"href":"https:\/\/uenf.br\/ccta\/cooex\/wp-json\/wp\/v2\/pages\/447","targetHints":{"allow":["GET"]}}],"collection":[{"href":"https:\/\/uenf.br\/ccta\/cooex\/wp-json\/wp\/v2\/pages"}],"about":[{"href":"https:\/\/uenf.br\/ccta\/cooex\/wp-json\/wp\/v2\/types\/page"}],"author":[{"embeddable":true,"href":"https:\/\/uenf.br\/ccta\/cooex\/wp-json\/wp\/v2\/users\/20"}],"replies":[{"embeddable":true,"href":"https:\/\/uenf.br\/ccta\/cooex\/wp-json\/wp\/v2\/comments?post=447"}],"version-history":[{"count":0,"href":"https:\/\/uenf.br\/ccta\/cooex\/wp-json\/wp\/v2\/pages\/447\/revisions"}],"up":[{"embeddable":true,"href":"https:\/\/uenf.br\/ccta\/cooex\/wp-json\/wp\/v2\/pages\/119"}],"wp:attachment":[{"href":"https:\/\/uenf.br\/ccta\/cooex\/wp-json\/wp\/v2\/media?parent=447"}],"curies":[{"name":"wp","href":"https:\/\/api.w.org\/{rel}","templated":true}]}}