{"id":482,"date":"2016-11-04T16:03:41","date_gmt":"2016-11-04T18:03:41","guid":{"rendered":"http:\/\/uenf.br\/ccta\/cooex\/?page_id=482"},"modified":"2016-11-04T16:13:52","modified_gmt":"2016-11-04T18:13:52","slug":"documentos-importantes","status":"publish","type":"page","link":"https:\/\/uenf.br\/ccta\/cooex\/documentos-importantes\/","title":{"rendered":"Documentos importantes"},"content":{"rendered":"<ul>\n<li><a href=\"http:\/\/uenf.br\/reitoria\/extensao\/files\/2012\/07\/Areas-Tem%C3%A1ticas-e-Linhas-de-Extens%C3%A3o.pdf\">Areas Tem\u00e1ticas e Linhas de Extens\u00e3o<\/a><\/li>\n<li><a href=\"http:\/\/uenf.br\/reitoria\/extensao\/files\/2012\/08\/Manual-de-Extens%C3%A3o.pdf\">Manual de Extens\u00e3o<\/a><\/li>\n<li><a href=\"http:\/\/uenf.br\/reitoria\/extensao\/files\/2012\/07\/Plano-Nacional-de-Extens%C3%A3o-Universit%C3%A1ria.pdf\">Plano Nacional de Extens\u00e3o Universit\u00e1ria<\/a><\/li>\n<\/ul>\n","protected":false},"excerpt":{"rendered":"<p>Areas Tem\u00e1ticas e Linhas de Extens\u00e3o Manual de Extens\u00e3o Plano Nacional de Extens\u00e3o Universit\u00e1ria<\/p>\n","protected":false},"author":20,"featured_media":0,"parent":0,"menu_order":4,"comment_status":"closed","ping_status":"closed","template":"","meta":{"footnotes":""},"class_list":["post-482","page","type-page","status-publish","hentry"],"_links":{"self":[{"href":"https:\/\/uenf.br\/ccta\/cooex\/wp-json\/wp\/v2\/pages\/482","targetHints":{"allow":["GET"]}}],"collection":[{"href":"https:\/\/uenf.br\/ccta\/cooex\/wp-json\/wp\/v2\/pages"}],"about":[{"href":"https:\/\/uenf.br\/ccta\/cooex\/wp-json\/wp\/v2\/types\/page"}],"author":[{"embeddable":true,"href":"https:\/\/uenf.br\/ccta\/cooex\/wp-json\/wp\/v2\/users\/20"}],"replies":[{"embeddable":true,"href":"https:\/\/uenf.br\/ccta\/cooex\/wp-json\/wp\/v2\/comments?post=482"}],"version-history":[{"count":0,"href":"https:\/\/uenf.br\/ccta\/cooex\/wp-json\/wp\/v2\/pages\/482\/revisions"}],"wp:attachment":[{"href":"https:\/\/uenf.br\/ccta\/cooex\/wp-json\/wp\/v2\/media?parent=482"}],"curies":[{"name":"wp","href":"https:\/\/api.w.org\/{rel}","templated":true}]}}