{"id":13,"date":"2014-11-17T11:49:23","date_gmt":"2014-11-17T13:49:23","guid":{"rendered":"http:\/\/uenf.br\/ccta\/lcca\/?page_id=13"},"modified":"2015-04-22T11:11:34","modified_gmt":"2015-04-22T14:11:34","slug":"tecnicos","status":"publish","type":"page","link":"https:\/\/uenf.br\/ccta\/lcca\/tecnicos\/","title":{"rendered":"T\u00e9cnicos"},"content":{"rendered":"<p>Ana Paula Delgado da Costa<\/p>\n<p><span style=\"text-decoration: underline;color: #0000ff\">delcosta@uenf.br<\/span><\/p>\n<p><span style=\"color: #3366ff\"><a style=\"color: #3366ff\" href=\"http:\/\/buscatextual.cnpq.br\/buscatextual\/visualizacv.do?id=K4775350J4\" target=\"_blank\">Curr\u00edculo Lattes<\/a><\/span><\/p>\n<p>&nbsp;<\/p>\n<p>&nbsp;<\/p>\n<p>Jos\u00e9 Evaldo Machado<\/p>\n<p><span style=\"text-decoration: underline\"><span style=\"color: #0000ff;text-decoration: underline\">joseevaldomachado@yahoo.com.br<\/span><\/span><\/p>\n<p>&nbsp;<\/p>\n<p>&nbsp;<\/p>\n<p>Jos\u00e9 Renato Costa Caiado<\/p>\n<p>M\u00e9dico Veterin\u00e1rio, UFV, 1983; Mestre em Produ\u00e7\u00e3o Animal, UENF 2000, Doutor em Produ\u00e7\u00e3o Animal, UENF 2004.<\/p>\n<p><span style=\"text-decoration: underline;color: #0000ff\"><a style=\"color: #0000ff;text-decoration: underline\" href=\"mailto:jrccaiado@hotmail.com\">jrccaiado@hotmail.com<\/a><\/span><\/p>\n<p><span style=\"color: #3366ff\"><a style=\"color: #3366ff\" href=\"http:\/\/buscatextual.cnpq.br\/buscatextual\/visualizacv.do?id=K4786625H9\" target=\"_blank\">Curr\u00edculo Lattes<\/a><\/span><\/p>\n<p>&nbsp;<\/p>\n<p>&nbsp;<\/p>\n<p>Josias Alves Machado<\/p>\n<p>Patologia Cl\u00ednica, 1993 ; Gradua\u00e7\u00e3o em Ci\u00eancias Biol\u00f3gicas, UIVERSO, 2004.<\/p>\n<p><span style=\"text-decoration: underline;color: #0000ff\"><a style=\"color: #0000ff;text-decoration: underline\" href=\"mailto:Jmachado@uenf.br\">jmachado@uenf.br<\/a><\/span><\/p>\n<p><span style=\"color: #3366ff\"><a style=\"color: #3366ff\" href=\"http:\/\/buscatextual.cnpq.br\/buscatextual\/visualizacv.do?id=K4509031U6\" target=\"_blank\">Curr\u00edculo Lattes<\/a><\/span><\/p>\n<p>&nbsp;<\/p>\n<p>L\u00e9rio Gama Sales<\/p>\n<p>M\u00e9dico Veterin\u00e1rio, UFRRJ, 1972, Mestre em Produ\u00e7\u00e3o Animal, UENF, 1997; Doutor em Produ\u00e7\u00e3o Animal, 2006.<\/p>\n<p><span style=\"text-decoration: underline;color: #0000ff\"><a style=\"color: #0000ff;text-decoration: underline\" href=\"mailto:lerio@uenf.br\">lerio@uenf.br<\/a><\/span><\/p>\n<p><span style=\"color: #3366ff\"><a style=\"color: #3366ff\" href=\"http:\/\/buscatextual.cnpq.br\/buscatextual\/visualizacv.do?id=K4775672D7\" target=\"_blank\">Curr\u00edculo Lattes<\/a><\/span><\/p>\n<p>&nbsp;<\/p>\n<p>&nbsp;<\/p>\n<p>Maria Ang\u00e9lica Dutra Viestel<\/p>\n<p>M\u00e9dica Veterin\u00e1ria, UFF 1988; Mestre em Tecnologia de Alimentos, UFF 1997.<\/p>\n<p><span style=\"text-decoration: underline;color: #0000ff\"><a style=\"color: #0000ff;text-decoration: underline\" href=\"mailto:madutra@censanet.com.br\">madutra@censanet.com.br<\/a><\/span><\/p>\n<p>&nbsp;<\/p>\n<p>&nbsp;<\/p>\n<p>Mar\u00edlia Cipriano Dias<\/p>\n<p>Enfermagem, 1997<\/p>\n<p><span style=\"text-decoration: underline\"><span style=\"color: #0000ff;text-decoration: underline\">mariliacipri@yahoo.com.br<\/span><\/span><\/p>\n<p>&nbsp;<\/p>\n<p>&nbsp;<\/p>\n<p>Orlando Augusto Melo Junior<\/p>\n<p>M\u00e9dico Veterin\u00e1rio, UFF 1995; Especialista em Controle de Qualidade de Alimentos de Origem Animal, UFLA,\u00a02000.<\/p>\n<p><span style=\"text-decoration: underline\"><span style=\"color: #0000ff\"><a style=\"color: #0000ff;text-decoration: underline\" href=\"mailto:melojr@uenf.br\">melojr@uenf.br<\/a><\/span><\/span><\/p>\n<p><span style=\"color: #3366ff\"><a style=\"color: #3366ff\" href=\"http:\/\/buscatextual.cnpq.br\/buscatextual\/visualizacv.do?id=K4509341T1\" target=\"_blank\">Curr\u00edculo Lattes<\/a><\/span><\/p>\n<p>&nbsp;<\/p>\n<p>&nbsp;<\/p>\n<p>Ricardo Bejamin Machado Alves<\/p>\n<p>Medico Veterin\u00e1rio, UFF,1995; Especialista em Homeopatia Veterin\u00e1ria, IHB,1997; Mestre em Produ\u00e7\u00e3o Animal, UENF, 2000, Doutor Em Produ\u00e7\u00e3o Animal, UENF, 2005.<\/p>\n<p><span style=\"text-decoration: underline\"><span style=\"color: #0000ff\"><a style=\"color: #0000ff;text-decoration: underline\" href=\"mailto:ricardobma@globo.br\">ricardobma@globo.br<\/a><\/span><\/span><\/p>\n<p>&nbsp;<\/p>\n<p>&nbsp;<\/p>\n<p>&nbsp;<\/p>\n<p>&nbsp;<\/p>\n","protected":false},"excerpt":{"rendered":"<p>Ana Paula Delgado da Costa delcosta@uenf.br Curr\u00edculo Lattes &nbsp; &nbsp; Jos\u00e9 Evaldo Machado joseevaldomachado@yahoo.com.br &nbsp; &nbsp; Jos\u00e9 Renato Costa Caiado&#8230;<\/p>\n","protected":false},"author":16,"featured_media":0,"parent":0,"menu_order":4,"comment_status":"closed","ping_status":"open","template":"","meta":{"footnotes":""},"class_list":["post-13","page","type-page","status-publish","hentry"],"_links":{"self":[{"href":"https:\/\/uenf.br\/ccta\/lcca\/wp-json\/wp\/v2\/pages\/13","targetHints":{"allow":["GET"]}}],"collection":[{"href":"https:\/\/uenf.br\/ccta\/lcca\/wp-json\/wp\/v2\/pages"}],"about":[{"href":"https:\/\/uenf.br\/ccta\/lcca\/wp-json\/wp\/v2\/types\/page"}],"author":[{"embeddable":true,"href":"https:\/\/uenf.br\/ccta\/lcca\/wp-json\/wp\/v2\/users\/16"}],"replies":[{"embeddable":true,"href":"https:\/\/uenf.br\/ccta\/lcca\/wp-json\/wp\/v2\/comments?post=13"}],"version-history":[{"count":0,"href":"https:\/\/uenf.br\/ccta\/lcca\/wp-json\/wp\/v2\/pages\/13\/revisions"}],"wp:attachment":[{"href":"https:\/\/uenf.br\/ccta\/lcca\/wp-json\/wp\/v2\/media?parent=13"}],"curies":[{"name":"wp","href":"https:\/\/api.w.org\/{rel}","templated":true}]}}