{"id":2,"date":"2010-09-15T14:26:28","date_gmt":"2010-09-15T17:26:28","guid":{"rendered":"http:\/\/uenf.br\/ccta\/lcca\/?page_id=2"},"modified":"2024-09-10T14:53:39","modified_gmt":"2024-09-10T17:53:39","slug":"apresentacao","status":"publish","type":"page","link":"https:\/\/uenf.br\/ccta\/lcca\/","title":{"rendered":"Apresenta\u00e7\u00e3o"},"content":{"rendered":"<p style=\"line-height: 15pt;text-align: justify\"><span style=\"color: #000000\">O Laborat\u00f3rio de Cl\u00ednica e Cirurgia Animal (LCCA) disp\u00f5e de amplas e modernas instala\u00e7\u00f5es localizadas no Hospital Veterin\u00e1rio da Universidade Estadual do Norte Fluminense Darcy Ribeiro (UENF), para a realiza\u00e7\u00e3o de procedimentos cl\u00ednicos e cir\u00fargicos de animais de pequeno e grande porte, bem como animais de produ\u00e7\u00e3o, provenientes da comunidade de Campos dos Goytacazes e regi\u00e3o, al\u00e9m de estar amplamente comprometido com a forma\u00e7\u00e3o acad\u00eamica dos alunos de gradua\u00e7\u00e3o e p\u00f3s-gradua\u00e7\u00e3o. <\/span><\/p>\n<p style=\"text-align: justify\">O Setor de Cl\u00ednica M\u00e9dica e Cir\u00fargica de Grandes Animais \u00e9 coordenado pelos professores Paula Alessandra Di Filippo (chefe do LCCA) e Fl\u00e1vio Augusto Soares Gra\u00e7a que atuam no atendimento de equinos, bovinos, ovinos, caprinos e su\u00ednos\u00a0portadores de afec\u00e7\u00f5es cl\u00ednico-cir\u00fargicas, juntamente com os T\u00e9cnicos de N\u00edvel Superior M\u00e9dicos Veterin\u00e1rios Ana Paula Delgado da Costa, Jos\u00e9 Renato Costa Caiado e L\u00e9rio Gama Sales. Entre os procedimentos diagn\u00f3sticos e\u00a0terap\u00eauticos incluem-se os relacionados a enfermidades dos aparelhos locomotor,\u00a0digest\u00f3rio, respirat\u00f3rio, geniturin\u00e1rio, tegumentar e anexos. Tem como especialidade a realiza\u00e7\u00e3o de\u00a0cirurgias gastrointestinais de equinos (c\u00f3licas)\u00a0e\u00a0anestesia geral. O p\u00fablico-alvo consiste de fazendas, haras, j\u00f3queis e propriedades em geral, mantenedoras ou\u00a0criadoras de animais de produ\u00e7\u00e3o.<\/p>\n<p style=\"text-align: justify\">O Setor de Patologia Cl\u00ednica \u00e9 coordenado pelo Prof. Antonio Peixoto Albernaz. A\u00a0rotina laboratorial \u00e9 executada pelo T\u00e9cnico de N\u00edvel Superior M\u00e9dico Veterin\u00e1rio Orlando Augusto Melo J\u00fanior, pela residente B\u00e1rbara Duarte Freitas, al\u00e9m de estagi\u00e1rios e bolsistas. O laborat\u00f3rio de Patologia Cl\u00ednica realiza os exames de rotina: hematol\u00f3gicos\u00a0e\u00a0bioqu\u00edmicos, pesquisa de hemoparasitas, dentre outros. As amostras s\u00e3o encaminhadas pelos setores de\u00a0cl\u00ednica de pequenos, cl\u00ednica de grandes, reprodu\u00e7\u00e3o e cirurgia.<\/p>\n<p style=\"text-align: left\">\n","protected":false},"excerpt":{"rendered":"<p>O Laborat\u00f3rio de Cl\u00ednica e Cirurgia Animal (LCCA) disp\u00f5e de amplas e modernas instala\u00e7\u00f5es localizadas no Hospital Veterin\u00e1rio da Universidade&#8230;<\/p>\n","protected":false},"author":27,"featured_media":0,"parent":0,"menu_order":1,"comment_status":"closed","ping_status":"closed","template":"","meta":{"footnotes":""},"class_list":["post-2","page","type-page","status-publish","hentry"],"_links":{"self":[{"href":"https:\/\/uenf.br\/ccta\/lcca\/wp-json\/wp\/v2\/pages\/2","targetHints":{"allow":["GET"]}}],"collection":[{"href":"https:\/\/uenf.br\/ccta\/lcca\/wp-json\/wp\/v2\/pages"}],"about":[{"href":"https:\/\/uenf.br\/ccta\/lcca\/wp-json\/wp\/v2\/types\/page"}],"author":[{"embeddable":true,"href":"https:\/\/uenf.br\/ccta\/lcca\/wp-json\/wp\/v2\/users\/27"}],"replies":[{"embeddable":true,"href":"https:\/\/uenf.br\/ccta\/lcca\/wp-json\/wp\/v2\/comments?post=2"}],"version-history":[{"count":0,"href":"https:\/\/uenf.br\/ccta\/lcca\/wp-json\/wp\/v2\/pages\/2\/revisions"}],"wp:attachment":[{"href":"https:\/\/uenf.br\/ccta\/lcca\/wp-json\/wp\/v2\/media?parent=2"}],"curies":[{"name":"wp","href":"https:\/\/api.w.org\/{rel}","templated":true}]}}